{"id":370049,"date":"2024-09-10T13:17:31","date_gmt":"2024-09-10T11:17:31","guid":{"rendered":"https:\/\/maisoncleo.com\/\/?post_type=product&#038;p=370049"},"modified":"2025-09-18T11:48:29","modified_gmt":"2025-09-18T09:48:29","slug":"le-pack-quotidien-maisoncleo-x-yolaine-paris-blouse-denim-agnes-baume-chouquette-chouchou","status":"publish","type":"product","link":"https:\/\/maisoncleo.com\/fr\/shop\/le-pack-quotidien-maisoncleo-x-yolaine-paris-blouse-denim-agnes-baume-chouquette-chouchou\/","title":{"rendered":"\u201cLe Pack Quotidien\u201d MAISONCL\u00c9O x YOLAINE PARIS : Blouse denim Agnes + baume Chouquette + chouchou"},"content":{"rendered":"<p><span style=\"font-family: arial, sans-serif;\">R\u00e9unies une nouvelle fois avec Camille Yolaine et sa marque Yolaine Paris pour la cr\u00e9ation de trois nouveaux packs!<\/span><\/p>\n<div>\n<p><span style=\"font-family: arial, sans-serif;\">Le pack Quotidien e<\/span><span style=\"font-family: arial, sans-serif;\">st compos\u00e9 de :<\/span><\/p>\n<ul>\n<li><span style=\"font-family: arial, sans-serif;\">\u2013\u00a0La blouse Agnes en denim l\u00e9ger avec dentelle fleurie, manches 3\/4, liens \u00e0 nouer sur le devant. 100% coton avec dentelle de Calais fleurie.<\/span><\/li>\n<li><span style=\"font-family: arial, sans-serif;\">\u2013 Le baume \u201cChouquette\u201d. Chouquette\u00a0est un nude ros\u00e9\u00a0dont vos l\u00e8vres ne pourront bient\u00f4t plus se passer. Elle est fabriqu\u00e9e en Italie. Elle est vegan et non test\u00e9e sur les animaux.\u00a0<\/span><\/li>\n<li><span style=\"font-family: arial, sans-serif;\">\u2013 L&rsquo;accessoire cheveux : Nous avons fait un chouchou en denim l\u00e9ger bord\u00e9 de dentelle fleurie pour aller avec la blouse.<\/span><\/li>\n<\/ul>\n<p><span style=\"font-family: arial, sans-serif;\">Le \u201cpack\u00a0Quotidien\u201d est limit\u00e9 \u00e0 15 unit\u00e9s.<\/span><\/p>\n<p>Nous n&rsquo;avons plus la dentelle fleurie visible sur les premi\u00e8res photos, elle est maintenant remplac\u00e9e par l&rsquo;autre dentelle fleurie que vous pouvez voir sur la derni\u00e8re photo &lt;3<\/p>\n<\/div>\n","protected":false},"excerpt":{"rendered":"<p>R\u00e9unies une nouvelle fois avec Camille Yolaine et sa marque Yolaine Paris pour la cr\u00e9ation de trois nouveaux packs! Le pack Quotidien&hellip;<\/p>\n","protected":false},"featured_media":358959,"template":"","meta":[],"product_brand":[],"product_cat":[663,668,661],"product_tag":[],"class_list":{"0":"post-370049","1":"product","2":"type-product","3":"status-publish","4":"has-post-thumbnail","6":"product_cat-blouses","7":"product_cat-capsule","8":"product_cat-tout-voir","10":"first","11":"instock","12":"taxable","13":"shipping-taxable","14":"purchasable","15":"product-type-variable"},"_links":{"self":[{"href":"https:\/\/maisoncleo.com\/fr\/wp-json\/wp\/v2\/product\/370049","targetHints":{"allow":["GET"]}}],"collection":[{"href":"https:\/\/maisoncleo.com\/fr\/wp-json\/wp\/v2\/product"}],"about":[{"href":"https:\/\/maisoncleo.com\/fr\/wp-json\/wp\/v2\/types\/product"}],"version-history":[{"count":2,"href":"https:\/\/maisoncleo.com\/fr\/wp-json\/wp\/v2\/product\/370049\/revisions"}],"predecessor-version":[{"id":391196,"href":"https:\/\/maisoncleo.com\/fr\/wp-json\/wp\/v2\/product\/370049\/revisions\/391196"}],"wp:featuredmedia":[{"embeddable":true,"href":"https:\/\/maisoncleo.com\/fr\/wp-json\/wp\/v2\/media\/358959"}],"wp:attachment":[{"href":"https:\/\/maisoncleo.com\/fr\/wp-json\/wp\/v2\/media?parent=370049"}],"wp:term":[{"taxonomy":"product_brand","embeddable":true,"href":"https:\/\/maisoncleo.com\/fr\/wp-json\/wp\/v2\/product_brand?post=370049"},{"taxonomy":"product_cat","embeddable":true,"href":"https:\/\/maisoncleo.com\/fr\/wp-json\/wp\/v2\/product_cat?post=370049"},{"taxonomy":"product_tag","embeddable":true,"href":"https:\/\/maisoncleo.com\/fr\/wp-json\/wp\/v2\/product_tag?post=370049"}],"curies":[{"name":"wp","href":"https:\/\/api.w.org\/{rel}","templated":true}]}}