{"id":370048,"date":"2024-09-10T13:17:30","date_gmt":"2024-09-10T11:17:30","guid":{"rendered":"https:\/\/maisoncleo.com\/\/?post_type=product&#038;p=370048"},"modified":"2026-04-21T16:05:16","modified_gmt":"2026-04-21T14:05:16","slug":"le-pack-intemporel-maisoncleo-x-yolaine-paris-blouse-agnes-baume-bonbon-chouchou","status":"publish","type":"product","link":"https:\/\/maisoncleo.com\/fr\/shop\/le-pack-intemporel-maisoncleo-x-yolaine-paris-blouse-agnes-baume-bonbon-chouchou\/","title":{"rendered":"\u201cLe Pack Intemporel\u201d : MAISONCL\u00c9O X YOLAINE PARIS : Blouse Agn\u00e8s + rouge \u00e0 l\u00e8vres + chouchou"},"content":{"rendered":"<p><span style=\"font-family: arial, sans-serif;\">Le <span class=\"il\">pack<\/span> Intemporel e<\/span><span style=\"font-family: arial, sans-serif;\">st compos\u00e9 de :<\/span><\/p>\n<ul>\n<li><span style=\"font-family: arial, sans-serif;\">\u2013 La blouse Agnes en coton blanc avec dentelle fleurie, manches 3\/4, liens \u00e0 nouer sur le devant. 100% coton avec dentelle de Calais fleurie.<\/span><\/li>\n<li><span style=\"font-family: arial, sans-serif;\">\u2013 Un rouge \u00e0 l\u00e8vres de Yolaine Paris.<\/span><\/li>\n<li><span style=\"font-family: arial, sans-serif;\">\u2013 L&rsquo;accessoire cheveux : Nous avons fait un chouchou en coton blanc bord\u00e9 de dentelle fleurie pour aller avec la blouse.<\/span><\/li>\n<\/ul>\n<p><span style=\"font-family: arial, sans-serif;\">A noter : la dentelle originale est \u00e9puis\u00e9e. A partir de maintenant la nouvelle dentelle fleurie similaire utilis\u00e9e sera celle visible sur la derni\u00e8re photo.<\/span><\/p>\n","protected":false},"excerpt":{"rendered":"<p>Le pack Intemporel est compos\u00e9 de : \u2013 La blouse Agnes en coton blanc avec dentelle fleurie, manches 3\/4, liens \u00e0 nouer&hellip;<\/p>\n","protected":false},"featured_media":358865,"template":"","meta":[],"product_brand":[],"product_cat":[663,958,668,661],"product_tag":[],"class_list":{"0":"post-370048","1":"product","2":"type-product","3":"status-publish","4":"has-post-thumbnail","6":"product_cat-blouses","7":"product_cat-mariage-selection","8":"product_cat-capsule","9":"product_cat-tout-voir","11":"first","12":"instock","13":"taxable","14":"shipping-taxable","15":"purchasable","16":"product-type-variable"},"_links":{"self":[{"href":"https:\/\/maisoncleo.com\/fr\/wp-json\/wp\/v2\/product\/370048","targetHints":{"allow":["GET"]}}],"collection":[{"href":"https:\/\/maisoncleo.com\/fr\/wp-json\/wp\/v2\/product"}],"about":[{"href":"https:\/\/maisoncleo.com\/fr\/wp-json\/wp\/v2\/types\/product"}],"version-history":[{"count":2,"href":"https:\/\/maisoncleo.com\/fr\/wp-json\/wp\/v2\/product\/370048\/revisions"}],"predecessor-version":[{"id":400140,"href":"https:\/\/maisoncleo.com\/fr\/wp-json\/wp\/v2\/product\/370048\/revisions\/400140"}],"wp:featuredmedia":[{"embeddable":true,"href":"https:\/\/maisoncleo.com\/fr\/wp-json\/wp\/v2\/media\/358865"}],"wp:attachment":[{"href":"https:\/\/maisoncleo.com\/fr\/wp-json\/wp\/v2\/media?parent=370048"}],"wp:term":[{"taxonomy":"product_brand","embeddable":true,"href":"https:\/\/maisoncleo.com\/fr\/wp-json\/wp\/v2\/product_brand?post=370048"},{"taxonomy":"product_cat","embeddable":true,"href":"https:\/\/maisoncleo.com\/fr\/wp-json\/wp\/v2\/product_cat?post=370048"},{"taxonomy":"product_tag","embeddable":true,"href":"https:\/\/maisoncleo.com\/fr\/wp-json\/wp\/v2\/product_tag?post=370048"}],"curies":[{"name":"wp","href":"https:\/\/api.w.org\/{rel}","templated":true}]}}