{"id":369774,"date":"2024-09-10T13:09:37","date_gmt":"2024-09-10T18:16:32","guid":{"rendered":"https:\/\/maisoncleo.com\/\/?post_type=product&#038;p=369774"},"modified":"2024-09-10T21:31:26","modified_gmt":"2024-09-10T19:31:26","slug":"upcycled-collection-jupe-asymetrique-a-volants-en-mesh-imprime-louisa","status":"publish","type":"product","link":"https:\/\/maisoncleo.com\/fr\/shop\/upcycled-collection-jupe-asymetrique-a-volants-en-mesh-imprime-louisa\/","title":{"rendered":"UPCYCLED COLLECTION &#8211; Jupe asym\u00e9trique \u00e0 volants en mesh imprim\u00e9 LOUISA"},"content":{"rendered":"<p>Jupe asym\u00e9trique \u00e0 volants en mesh imprim\u00e9. Stretch. Doubl\u00e9e. Elastique \u00e0 la taille.<\/p>\n<p>La mod\u00e8le mesure 172 cm et porte une taille S-36.<\/p>\n<p>6 motifs faits en collaboration avec la femme artiste peintre Stevie Dix.<br \/>\nS\u00e9lectionnez le num\u00e9ro de motifs que vous choisissez dans l&rsquo;option motif entre les 6 \ud83d\ude09<\/p>\n<p>Tissus de notre d\u00e9fil\u00e9 \u201cL\u2019Affranchie\u201d mais doubl\u00e9s cette fois-ci!<\/p>\n","protected":false},"excerpt":{"rendered":"<p>Jupe asym\u00e9trique \u00e0 volants en mesh imprim\u00e9. Stretch. Doubl\u00e9e. Elastique \u00e0 la taille. La mod\u00e8le mesure 172 cm et porte une taille&hellip;<\/p>\n","protected":false},"featured_media":358555,"template":"","meta":[],"product_brand":[],"product_cat":[672,668,661],"product_tag":[],"class_list":{"0":"post-369774","1":"product","2":"type-product","3":"status-publish","4":"has-post-thumbnail","6":"product_cat-jupes","7":"product_cat-capsule","8":"product_cat-tout-voir","9":"pa_taille-l-40-2","10":"pa_taille-m-38-2","11":"pa_taille-s-36-2","12":"pa_taille-sur-mesure-fr-2","13":"pa_taille-xl-42-fr-2","14":"pa_taille-xs-34-2","16":"first","17":"instock","18":"taxable","19":"shipping-taxable","20":"purchasable","21":"product-type-variable"},"_links":{"self":[{"href":"https:\/\/maisoncleo.com\/fr\/wp-json\/wp\/v2\/product\/369774","targetHints":{"allow":["GET"]}}],"collection":[{"href":"https:\/\/maisoncleo.com\/fr\/wp-json\/wp\/v2\/product"}],"about":[{"href":"https:\/\/maisoncleo.com\/fr\/wp-json\/wp\/v2\/types\/product"}],"version-history":[{"count":1,"href":"https:\/\/maisoncleo.com\/fr\/wp-json\/wp\/v2\/product\/369774\/revisions"}],"predecessor-version":[{"id":369800,"href":"https:\/\/maisoncleo.com\/fr\/wp-json\/wp\/v2\/product\/369774\/revisions\/369800"}],"wp:featuredmedia":[{"embeddable":true,"href":"https:\/\/maisoncleo.com\/fr\/wp-json\/wp\/v2\/media\/358555"}],"wp:attachment":[{"href":"https:\/\/maisoncleo.com\/fr\/wp-json\/wp\/v2\/media?parent=369774"}],"wp:term":[{"taxonomy":"product_brand","embeddable":true,"href":"https:\/\/maisoncleo.com\/fr\/wp-json\/wp\/v2\/product_brand?post=369774"},{"taxonomy":"product_cat","embeddable":true,"href":"https:\/\/maisoncleo.com\/fr\/wp-json\/wp\/v2\/product_cat?post=369774"},{"taxonomy":"product_tag","embeddable":true,"href":"https:\/\/maisoncleo.com\/fr\/wp-json\/wp\/v2\/product_tag?post=369774"}],"curies":[{"name":"wp","href":"https:\/\/api.w.org\/{rel}","templated":true}]}}