{"id":369653,"date":"2024-09-10T13:04:30","date_gmt":"2024-09-10T18:13:01","guid":{"rendered":"https:\/\/maisoncleo.com\/\/?post_type=product&#038;p=369653"},"modified":"2024-09-10T21:31:21","modified_gmt":"2024-09-10T19:31:21","slug":"upcycled-collection-jupe-longue-en-mesh-imprimee","status":"publish","type":"product","link":"https:\/\/maisoncleo.com\/fr\/shop\/upcycled-collection-jupe-longue-en-mesh-imprimee\/","title":{"rendered":"UPCYCLED COLLECTION &#8211; Jupe longue en mesh imprim\u00e9e"},"content":{"rendered":"<p>Jupe longue en mesh imprim\u00e9e. Stretch. Doubl\u00e9e. Taille \u00e9lastiqu\u00e9e.<\/p>\n<p>La mod\u00e8le mesure 172 cm et porte une taille S-36.<\/p>\n<p>6 motifs faits en collaboration avec la femme artiste peintre Stevie Dix.<br \/>\nS\u00e9lectionnez le num\u00e9ro de motifs que vous choisissez dans l&rsquo;option motif entre les 6 options \ud83d\ude09<\/p>\n<p>Tissus de notre d\u00e9fil\u00e9 \u00ab\u00a0L&rsquo;Affranchie\u00a0\u00bb mais doubl\u00e9s cette fois-ci!<\/p>\n","protected":false},"excerpt":{"rendered":"<p>Jupe longue en mesh imprim\u00e9e. Stretch. Doubl\u00e9e. Taille \u00e9lastiqu\u00e9e. La mod\u00e8le mesure 172 cm et porte une taille S-36. 6 motifs faits&hellip;<\/p>\n","protected":false},"featured_media":358416,"template":"","meta":[],"product_brand":[],"product_cat":[672,668,661],"product_tag":[],"class_list":{"0":"post-369653","1":"product","2":"type-product","3":"status-publish","4":"has-post-thumbnail","6":"product_cat-jupes","7":"product_cat-capsule","8":"product_cat-tout-voir","9":"pa_taille-l-40-2","10":"pa_taille-m-38-2","11":"pa_taille-s-36-2","12":"pa_taille-sur-mesure-fr-2","13":"pa_taille-xl-42-fr-2","14":"pa_taille-xs-34-2","16":"first","17":"instock","18":"taxable","19":"shipping-taxable","20":"purchasable","21":"product-type-variable"},"_links":{"self":[{"href":"https:\/\/maisoncleo.com\/fr\/wp-json\/wp\/v2\/product\/369653","targetHints":{"allow":["GET"]}}],"collection":[{"href":"https:\/\/maisoncleo.com\/fr\/wp-json\/wp\/v2\/product"}],"about":[{"href":"https:\/\/maisoncleo.com\/fr\/wp-json\/wp\/v2\/types\/product"}],"version-history":[{"count":1,"href":"https:\/\/maisoncleo.com\/fr\/wp-json\/wp\/v2\/product\/369653\/revisions"}],"predecessor-version":[{"id":369676,"href":"https:\/\/maisoncleo.com\/fr\/wp-json\/wp\/v2\/product\/369653\/revisions\/369676"}],"wp:featuredmedia":[{"embeddable":true,"href":"https:\/\/maisoncleo.com\/fr\/wp-json\/wp\/v2\/media\/358416"}],"wp:attachment":[{"href":"https:\/\/maisoncleo.com\/fr\/wp-json\/wp\/v2\/media?parent=369653"}],"wp:term":[{"taxonomy":"product_brand","embeddable":true,"href":"https:\/\/maisoncleo.com\/fr\/wp-json\/wp\/v2\/product_brand?post=369653"},{"taxonomy":"product_cat","embeddable":true,"href":"https:\/\/maisoncleo.com\/fr\/wp-json\/wp\/v2\/product_cat?post=369653"},{"taxonomy":"product_tag","embeddable":true,"href":"https:\/\/maisoncleo.com\/fr\/wp-json\/wp\/v2\/product_tag?post=369653"}],"curies":[{"name":"wp","href":"https:\/\/api.w.org\/{rel}","templated":true}]}}