{"id":369589,"date":"2024-09-10T13:01:39","date_gmt":"2024-09-10T18:10:35","guid":{"rendered":"https:\/\/maisoncleo.com\/\/?post_type=product&#038;p=369589"},"modified":"2024-09-10T21:31:13","modified_gmt":"2024-09-10T19:31:13","slug":"ready-to-ship-coup-de-foudre-defile-look-1-top-balconnets-coeur-en-denim-bleu-clair","status":"publish","type":"product","link":"https:\/\/maisoncleo.com\/fr\/shop\/ready-to-ship-coup-de-foudre-defile-look-1-top-balconnets-coeur-en-denim-bleu-clair\/","title":{"rendered":"READY-TO-SHIP &#8211; COUP DE FOUDRE d\u00e9fil\u00e9 LOOK 1 &#8211; Top balconnets coeur en denim bleu clair"},"content":{"rendered":"<p>Top balconnets coeur en denim bleu clair.<\/p>\n<p>D\u00e9tails de surpiq\u00fbres blanches. Coeur plaqu\u00e9s de m\u00eame taille. Bretelles fines, balconnets. Dos \u00e9lastiqu\u00e9.<\/p>\n<p>LOOK 1 de notre d\u00e9fil\u00e9 \u201cCoup de foudre\u201d de mars 2023.<\/p>\n<p>Longueur totale \u00e0 plat: 10 cm. Bretelles 21 cm.<\/p>\n<p>La mod\u00e8le mesure 1m71 et porte une taille S-36.<\/p>\n","protected":false},"excerpt":{"rendered":"<p>Top balconnets coeur en denim bleu clair. D\u00e9tails de surpiq\u00fbres blanches. Coeur plaqu\u00e9s de m\u00eame taille. Bretelles fines, balconnets. Dos \u00e9lastiqu\u00e9. LOOK&hellip;<\/p>\n","protected":false},"featured_media":348662,"template":"","meta":[],"product_brand":[],"product_cat":[913],"product_tag":[],"class_list":{"0":"post-369589","1":"product","2":"type-product","3":"status-publish","4":"has-post-thumbnail","6":"product_cat-ready-to-ship","7":"pa_taille-l-40-2","8":"pa_taille-m-38-2","9":"pa_taille-s-36-2","10":"pa_taille-sur-mesure-fr-2","11":"pa_taille-xl-42-fr-2","12":"pa_taille-xs-34-2","14":"first","15":"instock","16":"taxable","17":"shipping-taxable","18":"purchasable","19":"product-type-variable"},"_links":{"self":[{"href":"https:\/\/maisoncleo.com\/fr\/wp-json\/wp\/v2\/product\/369589","targetHints":{"allow":["GET"]}}],"collection":[{"href":"https:\/\/maisoncleo.com\/fr\/wp-json\/wp\/v2\/product"}],"about":[{"href":"https:\/\/maisoncleo.com\/fr\/wp-json\/wp\/v2\/types\/product"}],"version-history":[{"count":1,"href":"https:\/\/maisoncleo.com\/fr\/wp-json\/wp\/v2\/product\/369589\/revisions"}],"predecessor-version":[{"id":369638,"href":"https:\/\/maisoncleo.com\/fr\/wp-json\/wp\/v2\/product\/369589\/revisions\/369638"}],"wp:featuredmedia":[{"embeddable":true,"href":"https:\/\/maisoncleo.com\/fr\/wp-json\/wp\/v2\/media\/348662"}],"wp:attachment":[{"href":"https:\/\/maisoncleo.com\/fr\/wp-json\/wp\/v2\/media?parent=369589"}],"wp:term":[{"taxonomy":"product_brand","embeddable":true,"href":"https:\/\/maisoncleo.com\/fr\/wp-json\/wp\/v2\/product_brand?post=369589"},{"taxonomy":"product_cat","embeddable":true,"href":"https:\/\/maisoncleo.com\/fr\/wp-json\/wp\/v2\/product_cat?post=369589"},{"taxonomy":"product_tag","embeddable":true,"href":"https:\/\/maisoncleo.com\/fr\/wp-json\/wp\/v2\/product_tag?post=369589"}],"curies":[{"name":"wp","href":"https:\/\/api.w.org\/{rel}","templated":true}]}}