{"id":369559,"date":"2024-09-10T04:03:48","date_gmt":"2024-09-10T18:09:44","guid":{"rendered":"https:\/\/maisoncleo.com\/\/?post_type=product&#038;p=369559"},"modified":"2024-09-10T21:19:41","modified_gmt":"2024-09-10T19:19:41","slug":"ready-to-ship-jupe-oana-en-tweed-violette","status":"publish","type":"product","link":"https:\/\/maisoncleo.com\/fr\/shop\/ready-to-ship-jupe-oana-en-tweed-violette\/","title":{"rendered":"READY-TO-SHIP &#8211; Jupe Oana en tweed violette"},"content":{"rendered":"<p>Jupe en tweed violette, fabriqu\u00e9e dans un tissu provenant d&rsquo;une marque de Haute-Couture Italienne, une fente dans le dos, coupe trap\u00e8ze, deux poches avants. Non doubl\u00e9e.<\/p>\n","protected":false},"excerpt":{"rendered":"<p>Jupe en tweed violette, fabriqu\u00e9e dans un tissu provenant d&rsquo;une marque de Haute-Couture Italienne, une fente dans le dos, coupe trap\u00e8ze, deux&hellip;<\/p>\n","protected":false},"featured_media":340173,"template":"","meta":[],"product_brand":[],"product_cat":[669,913],"product_tag":[],"class_list":{"0":"post-369559","1":"product","2":"type-product","3":"status-publish","4":"has-post-thumbnail","6":"product_cat-always-buyable-fr","7":"product_cat-ready-to-ship","8":"pa_taille-xs-34-2","10":"first","11":"instock","12":"taxable","13":"shipping-taxable","14":"purchasable","15":"product-type-variable"},"_links":{"self":[{"href":"https:\/\/maisoncleo.com\/fr\/wp-json\/wp\/v2\/product\/369559","targetHints":{"allow":["GET"]}}],"collection":[{"href":"https:\/\/maisoncleo.com\/fr\/wp-json\/wp\/v2\/product"}],"about":[{"href":"https:\/\/maisoncleo.com\/fr\/wp-json\/wp\/v2\/types\/product"}],"version-history":[{"count":1,"href":"https:\/\/maisoncleo.com\/fr\/wp-json\/wp\/v2\/product\/369559\/revisions"}],"predecessor-version":[{"id":369593,"href":"https:\/\/maisoncleo.com\/fr\/wp-json\/wp\/v2\/product\/369559\/revisions\/369593"}],"wp:featuredmedia":[{"embeddable":true,"href":"https:\/\/maisoncleo.com\/fr\/wp-json\/wp\/v2\/media\/340173"}],"wp:attachment":[{"href":"https:\/\/maisoncleo.com\/fr\/wp-json\/wp\/v2\/media?parent=369559"}],"wp:term":[{"taxonomy":"product_brand","embeddable":true,"href":"https:\/\/maisoncleo.com\/fr\/wp-json\/wp\/v2\/product_brand?post=369559"},{"taxonomy":"product_cat","embeddable":true,"href":"https:\/\/maisoncleo.com\/fr\/wp-json\/wp\/v2\/product_cat?post=369559"},{"taxonomy":"product_tag","embeddable":true,"href":"https:\/\/maisoncleo.com\/fr\/wp-json\/wp\/v2\/product_tag?post=369559"}],"curies":[{"name":"wp","href":"https:\/\/api.w.org\/{rel}","templated":true}]}}