{"id":369518,"date":"2024-09-10T12:59:37","date_gmt":"2024-09-10T18:08:07","guid":{"rendered":"https:\/\/maisoncleo.com\/\/?post_type=product&#038;p=369518"},"modified":"2024-09-10T21:30:53","modified_gmt":"2024-09-10T19:30:53","slug":"ready-to-ship-runway-look-23-gilet-tricote-en-coton-noir-avec-detail-boutons-roses","status":"publish","type":"product","link":"https:\/\/maisoncleo.com\/fr\/shop\/ready-to-ship-runway-look-23-gilet-tricote-en-coton-noir-avec-detail-boutons-roses\/","title":{"rendered":"READY-TO-SHIP &#8211; RUNWAY LOOK 23 &#8211; Gilet tricot\u00e9 en coton noir avec d\u00e9tail boutons roses"},"content":{"rendered":"<p>Cardigan tricot\u00e9 en coton noir. Ajust\u00e9, manches courtes. D\u00e9collet\u00e9 ferm\u00e9, d\u00e9tail boutons roses vintage sur partie inf\u00e9rieure. Trop agr\u00e9able \u00e0 porter et doux gr\u00e2ce au fil utilis\u00e9 compos\u00e9 de 90% coton et 10% cachemire.<\/p>\n<p>LOOK 23 de notre premier d\u00e9fil\u00e9 \u00ab\u00a0Premi\u00e8re Fois\u00a0\u00bb en mars 2022.<\/p>\n<p>La mod\u00e8le mesure 1m75 et porte une taille S-36.<\/p>\n","protected":false},"excerpt":{"rendered":"<p>Cardigan tricot\u00e9 en coton noir. Ajust\u00e9, manches courtes. D\u00e9collet\u00e9 ferm\u00e9, d\u00e9tail boutons roses vintage sur partie inf\u00e9rieure. Trop agr\u00e9able \u00e0 porter et&hellip;<\/p>\n","protected":false},"featured_media":341714,"template":"","meta":[],"product_brand":[],"product_cat":[913],"product_tag":[],"class_list":{"0":"post-369518","1":"product","2":"type-product","3":"status-publish","4":"has-post-thumbnail","6":"product_cat-ready-to-ship","7":"pa_taille-l-40-2","8":"pa_taille-m-38-2","9":"pa_taille-s-36-2","10":"pa_taille-sur-mesure-fr-2","11":"pa_taille-xl-42-fr-2","12":"pa_taille-xs-34-2","14":"first","15":"instock","16":"taxable","17":"shipping-taxable","18":"purchasable","19":"product-type-variable"},"_links":{"self":[{"href":"https:\/\/maisoncleo.com\/fr\/wp-json\/wp\/v2\/product\/369518","targetHints":{"allow":["GET"]}}],"collection":[{"href":"https:\/\/maisoncleo.com\/fr\/wp-json\/wp\/v2\/product"}],"about":[{"href":"https:\/\/maisoncleo.com\/fr\/wp-json\/wp\/v2\/types\/product"}],"version-history":[{"count":1,"href":"https:\/\/maisoncleo.com\/fr\/wp-json\/wp\/v2\/product\/369518\/revisions"}],"predecessor-version":[{"id":369555,"href":"https:\/\/maisoncleo.com\/fr\/wp-json\/wp\/v2\/product\/369518\/revisions\/369555"}],"wp:featuredmedia":[{"embeddable":true,"href":"https:\/\/maisoncleo.com\/fr\/wp-json\/wp\/v2\/media\/341714"}],"wp:attachment":[{"href":"https:\/\/maisoncleo.com\/fr\/wp-json\/wp\/v2\/media?parent=369518"}],"wp:term":[{"taxonomy":"product_brand","embeddable":true,"href":"https:\/\/maisoncleo.com\/fr\/wp-json\/wp\/v2\/product_brand?post=369518"},{"taxonomy":"product_cat","embeddable":true,"href":"https:\/\/maisoncleo.com\/fr\/wp-json\/wp\/v2\/product_cat?post=369518"},{"taxonomy":"product_tag","embeddable":true,"href":"https:\/\/maisoncleo.com\/fr\/wp-json\/wp\/v2\/product_tag?post=369518"}],"curies":[{"name":"wp","href":"https:\/\/api.w.org\/{rel}","templated":true}]}}