{"id":369514,"date":"2024-09-10T12:59:36","date_gmt":"2024-09-10T18:08:06","guid":{"rendered":"https:\/\/maisoncleo.com\/\/?post_type=product&#038;p=369514"},"modified":"2024-09-10T21:30:50","modified_gmt":"2024-09-10T19:30:50","slug":"ready-to-ship-short-cycliste-tricote-rose-multicolore-candice","status":"publish","type":"product","link":"https:\/\/maisoncleo.com\/fr\/shop\/ready-to-ship-short-cycliste-tricote-rose-multicolore-candice\/","title":{"rendered":"READY-TO-SHIP &#8211; Short cycliste tricot\u00e9 rose multicolore CANDICE"},"content":{"rendered":"<p>Short cycliste tricot\u00e9 rose multicolore fait avec des fils compos\u00e9s de 80% coton et 20 cachemire. M\u00e9lange de lignes de couleurs rose, violet et jaune qui lui font ressembler \u00e0 un petit bonbon. Elastiqu\u00e9 \u00e0 la taille.<\/p>\n<p>Fabriqu\u00e9 \u00e0 la commande. Notre tricoteuse a besoin de 2 heures pour en faire un. Le short \u00e0 porter en toute occasion cet \u00e9t\u00e9 \ud83d\ude09<\/p>\n<p>La mannequin mesure 1,80m et porte une taille 36.<\/p>\n","protected":false},"excerpt":{"rendered":"<p>Short cycliste tricot\u00e9 rose multicolore fait avec des fils compos\u00e9s de 80% coton et 20 cachemire. M\u00e9lange de lignes de couleurs rose,&hellip;<\/p>\n","protected":false},"featured_media":344490,"template":"","meta":[],"product_brand":[],"product_cat":[913],"product_tag":[],"class_list":{"0":"post-369514","1":"product","2":"type-product","3":"status-publish","4":"has-post-thumbnail","6":"product_cat-ready-to-ship","7":"pa_taille-l-40-2","8":"pa_taille-m-38-2","9":"pa_taille-s-36-2","10":"pa_taille-sur-mesure-fr-2","11":"pa_taille-xl-42-fr-2","12":"pa_taille-xs-34-2","14":"first","15":"instock","16":"taxable","17":"shipping-taxable","18":"purchasable","19":"product-type-variable"},"_links":{"self":[{"href":"https:\/\/maisoncleo.com\/fr\/wp-json\/wp\/v2\/product\/369514","targetHints":{"allow":["GET"]}}],"collection":[{"href":"https:\/\/maisoncleo.com\/fr\/wp-json\/wp\/v2\/product"}],"about":[{"href":"https:\/\/maisoncleo.com\/fr\/wp-json\/wp\/v2\/types\/product"}],"version-history":[{"count":1,"href":"https:\/\/maisoncleo.com\/fr\/wp-json\/wp\/v2\/product\/369514\/revisions"}],"predecessor-version":[{"id":369547,"href":"https:\/\/maisoncleo.com\/fr\/wp-json\/wp\/v2\/product\/369514\/revisions\/369547"}],"wp:featuredmedia":[{"embeddable":true,"href":"https:\/\/maisoncleo.com\/fr\/wp-json\/wp\/v2\/media\/344490"}],"wp:attachment":[{"href":"https:\/\/maisoncleo.com\/fr\/wp-json\/wp\/v2\/media?parent=369514"}],"wp:term":[{"taxonomy":"product_brand","embeddable":true,"href":"https:\/\/maisoncleo.com\/fr\/wp-json\/wp\/v2\/product_brand?post=369514"},{"taxonomy":"product_cat","embeddable":true,"href":"https:\/\/maisoncleo.com\/fr\/wp-json\/wp\/v2\/product_cat?post=369514"},{"taxonomy":"product_tag","embeddable":true,"href":"https:\/\/maisoncleo.com\/fr\/wp-json\/wp\/v2\/product_tag?post=369514"}],"curies":[{"name":"wp","href":"https:\/\/api.w.org\/{rel}","templated":true}]}}