{"id":369506,"date":"2024-09-10T12:59:12","date_gmt":"2024-09-10T18:07:43","guid":{"rendered":"https:\/\/maisoncleo.com\/\/?post_type=product&#038;p=369506"},"modified":"2024-09-10T21:30:48","modified_gmt":"2024-09-10T19:30:48","slug":"ready-to-ship-coup-de-foudre-defile-look-25-robe-ceinturee-tricotee-en-coton-organique-grise-chloe","status":"publish","type":"product","link":"https:\/\/maisoncleo.com\/fr\/shop\/ready-to-ship-coup-de-foudre-defile-look-25-robe-ceinturee-tricotee-en-coton-organique-grise-chloe\/","title":{"rendered":"READY-TO-SHIP &#8211; COUP DE FOUDRE d\u00e9fil\u00e9 LOOK 25 &#8211; Robe ceintur\u00e9e tricot\u00e9e en coton organique grise CHLOE"},"content":{"rendered":"<p>Robe ceintur\u00e9e tricot\u00e9e en coton organique grise.<\/p>\n<p>Notre robe Chloe r\u00e9invent\u00e9e sp\u00e9cialement pour notre d\u00e9fil\u00e9 Coup de foudre. Si d\u00e9licieusement faite avec un travail de d\u00e9tails dans le bas de la robe par nos tricoteuses. Deux bretelles. Fausse ceinture sur le devant, boucle vintage, deux passants. Faite main \u00e0 partir d&rsquo;un fil d\u00e9stock\u00e9 de coton responsable.<\/p>\n<p>Il faut 5 heures pour en faire une.<\/p>\n<p>LOOK 25 de notre d\u00e9fil\u00e9 \u201cCoup de foudre\u201d de mars 2023.<\/p>\n<p>Longueur totale \u00e0 plat: 71 cm.<\/p>\n<p>La mod\u00e8le mesure 1m71 et porte une taille S-36.<\/p>\n","protected":false},"excerpt":{"rendered":"<p>Robe ceintur\u00e9e tricot\u00e9e en coton organique grise. Notre robe Chloe r\u00e9invent\u00e9e sp\u00e9cialement pour notre d\u00e9fil\u00e9 Coup de foudre. Si d\u00e9licieusement faite avec&hellip;<\/p>\n","protected":false},"featured_media":347673,"template":"","meta":[],"product_brand":[],"product_cat":[913],"product_tag":[],"class_list":{"0":"post-369506","1":"product","2":"type-product","3":"status-publish","4":"has-post-thumbnail","6":"product_cat-ready-to-ship","7":"pa_taille-l-40-2","8":"pa_taille-m-38-2","9":"pa_taille-s-36-2","10":"pa_taille-sur-mesure-fr-2","11":"pa_taille-xl-42-fr-2","12":"pa_taille-xs-34-2","14":"first","15":"instock","16":"taxable","17":"shipping-taxable","18":"purchasable","19":"product-type-variable"},"_links":{"self":[{"href":"https:\/\/maisoncleo.com\/fr\/wp-json\/wp\/v2\/product\/369506","targetHints":{"allow":["GET"]}}],"collection":[{"href":"https:\/\/maisoncleo.com\/fr\/wp-json\/wp\/v2\/product"}],"about":[{"href":"https:\/\/maisoncleo.com\/fr\/wp-json\/wp\/v2\/types\/product"}],"version-history":[{"count":1,"href":"https:\/\/maisoncleo.com\/fr\/wp-json\/wp\/v2\/product\/369506\/revisions"}],"predecessor-version":[{"id":369545,"href":"https:\/\/maisoncleo.com\/fr\/wp-json\/wp\/v2\/product\/369506\/revisions\/369545"}],"wp:featuredmedia":[{"embeddable":true,"href":"https:\/\/maisoncleo.com\/fr\/wp-json\/wp\/v2\/media\/347673"}],"wp:attachment":[{"href":"https:\/\/maisoncleo.com\/fr\/wp-json\/wp\/v2\/media?parent=369506"}],"wp:term":[{"taxonomy":"product_brand","embeddable":true,"href":"https:\/\/maisoncleo.com\/fr\/wp-json\/wp\/v2\/product_brand?post=369506"},{"taxonomy":"product_cat","embeddable":true,"href":"https:\/\/maisoncleo.com\/fr\/wp-json\/wp\/v2\/product_cat?post=369506"},{"taxonomy":"product_tag","embeddable":true,"href":"https:\/\/maisoncleo.com\/fr\/wp-json\/wp\/v2\/product_tag?post=369506"}],"curies":[{"name":"wp","href":"https:\/\/api.w.org\/{rel}","templated":true}]}}