{"id":369479,"date":"2024-09-10T12:58:24","date_gmt":"2024-09-10T18:06:55","guid":{"rendered":"https:\/\/maisoncleo.com\/\/?post_type=product&#038;p=369479"},"modified":"2024-09-10T21:30:37","modified_gmt":"2024-09-10T19:30:37","slug":"ready-to-ship-jupe-tricotee-rose-fuchsia-en-coton-organique-jackie","status":"publish","type":"product","link":"https:\/\/maisoncleo.com\/fr\/shop\/ready-to-ship-jupe-tricotee-rose-fuchsia-en-coton-organique-jackie\/","title":{"rendered":"READY-TO-SHIP &#8211; Jupe tricot\u00e9e rose fuchsia en coton organique JACKIE"},"content":{"rendered":"<p>Jupe tricot\u00e9e rose fuchsia, taille \u00e9lastiqu\u00e9e. Super agr\u00e9able \u00e0 porter!<\/p>\n<p>Fabriqu\u00e9e \u00e0 la main dans notre studio MC dans un fil organique. Nous mettons 2 heures pour en tricoter une!<\/p>\n<p>La mod\u00e8le mesure 1m71.<\/p>\n","protected":false},"excerpt":{"rendered":"<p>Jupe tricot\u00e9e rose fuchsia, taille \u00e9lastiqu\u00e9e. Super agr\u00e9able \u00e0 porter! Fabriqu\u00e9e \u00e0 la main dans notre studio MC dans un fil organique.&hellip;<\/p>\n","protected":false},"featured_media":343851,"template":"","meta":[],"product_brand":[],"product_cat":[913],"product_tag":[],"class_list":{"0":"post-369479","1":"product","2":"type-product","3":"status-publish","4":"has-post-thumbnail","6":"product_cat-ready-to-ship","7":"pa_taille-l-40-2","8":"pa_taille-m-38-2","9":"pa_taille-s-36-2","10":"pa_taille-sur-mesure-fr-2","11":"pa_taille-xl-42-fr-2","12":"pa_taille-xs-34-2","14":"first","15":"instock","16":"taxable","17":"shipping-taxable","18":"purchasable","19":"product-type-variable"},"_links":{"self":[{"href":"https:\/\/maisoncleo.com\/fr\/wp-json\/wp\/v2\/product\/369479","targetHints":{"allow":["GET"]}}],"collection":[{"href":"https:\/\/maisoncleo.com\/fr\/wp-json\/wp\/v2\/product"}],"about":[{"href":"https:\/\/maisoncleo.com\/fr\/wp-json\/wp\/v2\/types\/product"}],"version-history":[{"count":1,"href":"https:\/\/maisoncleo.com\/fr\/wp-json\/wp\/v2\/product\/369479\/revisions"}],"predecessor-version":[{"id":369510,"href":"https:\/\/maisoncleo.com\/fr\/wp-json\/wp\/v2\/product\/369479\/revisions\/369510"}],"wp:featuredmedia":[{"embeddable":true,"href":"https:\/\/maisoncleo.com\/fr\/wp-json\/wp\/v2\/media\/343851"}],"wp:attachment":[{"href":"https:\/\/maisoncleo.com\/fr\/wp-json\/wp\/v2\/media?parent=369479"}],"wp:term":[{"taxonomy":"product_brand","embeddable":true,"href":"https:\/\/maisoncleo.com\/fr\/wp-json\/wp\/v2\/product_brand?post=369479"},{"taxonomy":"product_cat","embeddable":true,"href":"https:\/\/maisoncleo.com\/fr\/wp-json\/wp\/v2\/product_cat?post=369479"},{"taxonomy":"product_tag","embeddable":true,"href":"https:\/\/maisoncleo.com\/fr\/wp-json\/wp\/v2\/product_tag?post=369479"}],"curies":[{"name":"wp","href":"https:\/\/api.w.org\/{rel}","templated":true}]}}