{"id":369433,"date":"2024-09-10T12:57:12","date_gmt":"2024-09-10T18:05:39","guid":{"rendered":"https:\/\/maisoncleo.com\/\/?post_type=product&#038;p=369433"},"modified":"2024-09-10T21:30:23","modified_gmt":"2024-09-10T19:30:23","slug":"ready-to-ship-la-badoule-look-28-robe-tricotee-ecrue-avec-fleurs-roses-en-coton-alix","status":"publish","type":"product","link":"https:\/\/maisoncleo.com\/fr\/shop\/ready-to-ship-la-badoule-look-28-robe-tricotee-ecrue-avec-fleurs-roses-en-coton-alix\/","title":{"rendered":"READY-TO-SHIP &#8211; LA BADOULE LOOK 28 &#8211; Robe tricot\u00e9e \u00e9crue avec fleurs roses en coton ALIX"},"content":{"rendered":"<p>Robe tricot\u00e9e \u00e9crue avec fleurs roses en coton.<\/p>\n<p>Travail de tricot avec une cr\u00e9ation d&rsquo;un motif fleurs \u00e0 l&rsquo;aide d&rsquo;un mix d&rsquo;un fil \u00e9lastique et d&rsquo;un fil de coton.<\/p>\n<p>Ajust\u00e9e, deux bretelles.<\/p>\n<p>100% coton bio avec un fil \u00e9lastique pour avoir ce r\u00e9sultat de motif. Le fil \u00e9lastique est fabriqu\u00e9 dans notre voisinage \u00e0 5 minutes de l&rsquo;atelier.<\/p>\n<p>LOOK 28 de notre pr\u00e9 collection printemps \u00e9t\u00e9 \u201cLa BADOULE\u201d.<\/p>\n<p>La mod\u00e8le mesure 1m74 et porte une taille S\/36.<\/p>\n","protected":false},"excerpt":{"rendered":"<p>Robe tricot\u00e9e \u00e9crue avec fleurs roses en coton. Travail de tricot avec une cr\u00e9ation d&rsquo;un motif fleurs \u00e0 l&rsquo;aide d&rsquo;un mix d&rsquo;un&hellip;<\/p>\n","protected":false},"featured_media":356116,"template":"","meta":[],"product_brand":[],"product_cat":[913],"product_tag":[],"class_list":{"0":"post-369433","1":"product","2":"type-product","3":"status-publish","4":"has-post-thumbnail","6":"product_cat-ready-to-ship","7":"pa_taille-l-40-2","8":"pa_taille-m-38-2","9":"pa_taille-s-36-2","10":"pa_taille-sur-mesure-fr-2","11":"pa_taille-xl-42-fr-2","12":"pa_taille-xs-34-2","14":"first","15":"instock","16":"taxable","17":"shipping-taxable","18":"purchasable","19":"product-type-variable"},"_links":{"self":[{"href":"https:\/\/maisoncleo.com\/fr\/wp-json\/wp\/v2\/product\/369433","targetHints":{"allow":["GET"]}}],"collection":[{"href":"https:\/\/maisoncleo.com\/fr\/wp-json\/wp\/v2\/product"}],"about":[{"href":"https:\/\/maisoncleo.com\/fr\/wp-json\/wp\/v2\/types\/product"}],"version-history":[{"count":1,"href":"https:\/\/maisoncleo.com\/fr\/wp-json\/wp\/v2\/product\/369433\/revisions"}],"predecessor-version":[{"id":369467,"href":"https:\/\/maisoncleo.com\/fr\/wp-json\/wp\/v2\/product\/369433\/revisions\/369467"}],"wp:featuredmedia":[{"embeddable":true,"href":"https:\/\/maisoncleo.com\/fr\/wp-json\/wp\/v2\/media\/356116"}],"wp:attachment":[{"href":"https:\/\/maisoncleo.com\/fr\/wp-json\/wp\/v2\/media?parent=369433"}],"wp:term":[{"taxonomy":"product_brand","embeddable":true,"href":"https:\/\/maisoncleo.com\/fr\/wp-json\/wp\/v2\/product_brand?post=369433"},{"taxonomy":"product_cat","embeddable":true,"href":"https:\/\/maisoncleo.com\/fr\/wp-json\/wp\/v2\/product_cat?post=369433"},{"taxonomy":"product_tag","embeddable":true,"href":"https:\/\/maisoncleo.com\/fr\/wp-json\/wp\/v2\/product_tag?post=369433"}],"curies":[{"name":"wp","href":"https:\/\/api.w.org\/{rel}","templated":true}]}}