{"id":369413,"date":"2024-09-10T12:56:47","date_gmt":"2024-09-10T18:04:49","guid":{"rendered":"https:\/\/maisoncleo.com\/\/?post_type=product&#038;p=369413"},"modified":"2024-09-10T21:30:18","modified_gmt":"2024-09-10T19:30:18","slug":"ready-to-ship-gilet-tricote-jaune-en-coton-organique-lore","status":"publish","type":"product","link":"https:\/\/maisoncleo.com\/fr\/shop\/ready-to-ship-gilet-tricote-jaune-en-coton-organique-lore\/","title":{"rendered":"READY TO SHIP &#8211; Gilet tricot\u00e9 jaune en coton organique LORE"},"content":{"rendered":"<p>Gilet tricot\u00e9 jaune dans un fil luxe compos\u00e9 de 80% coton et 20% cachemire. C\u00f4tes, deux manches courtes.<\/p>\n<p>La mod\u00e8le mesure 1m70.<\/p>\n","protected":false},"excerpt":{"rendered":"<p>Gilet tricot\u00e9 jaune dans un fil luxe compos\u00e9 de 80% coton et 20% cachemire. C\u00f4tes, deux manches courtes. La mod\u00e8le mesure 1m70.<\/p>\n","protected":false},"featured_media":358180,"template":"","meta":[],"product_brand":[],"product_cat":[669,913],"product_tag":[],"class_list":{"0":"post-369413","1":"product","2":"type-product","3":"status-publish","4":"has-post-thumbnail","6":"product_cat-always-buyable-fr","7":"product_cat-ready-to-ship","8":"pa_taille-l-40-2","9":"pa_taille-m-38-2","10":"pa_taille-s-36-2","11":"pa_taille-sur-mesure-fr-2","12":"pa_taille-xl-42-fr-2","13":"pa_taille-xs-34-2","15":"first","16":"instock","17":"taxable","18":"shipping-taxable","19":"purchasable","20":"product-type-variable"},"_links":{"self":[{"href":"https:\/\/maisoncleo.com\/fr\/wp-json\/wp\/v2\/product\/369413","targetHints":{"allow":["GET"]}}],"collection":[{"href":"https:\/\/maisoncleo.com\/fr\/wp-json\/wp\/v2\/product"}],"about":[{"href":"https:\/\/maisoncleo.com\/fr\/wp-json\/wp\/v2\/types\/product"}],"version-history":[{"count":1,"href":"https:\/\/maisoncleo.com\/fr\/wp-json\/wp\/v2\/product\/369413\/revisions"}],"predecessor-version":[{"id":369442,"href":"https:\/\/maisoncleo.com\/fr\/wp-json\/wp\/v2\/product\/369413\/revisions\/369442"}],"wp:featuredmedia":[{"embeddable":true,"href":"https:\/\/maisoncleo.com\/fr\/wp-json\/wp\/v2\/media\/358180"}],"wp:attachment":[{"href":"https:\/\/maisoncleo.com\/fr\/wp-json\/wp\/v2\/media?parent=369413"}],"wp:term":[{"taxonomy":"product_brand","embeddable":true,"href":"https:\/\/maisoncleo.com\/fr\/wp-json\/wp\/v2\/product_brand?post=369413"},{"taxonomy":"product_cat","embeddable":true,"href":"https:\/\/maisoncleo.com\/fr\/wp-json\/wp\/v2\/product_cat?post=369413"},{"taxonomy":"product_tag","embeddable":true,"href":"https:\/\/maisoncleo.com\/fr\/wp-json\/wp\/v2\/product_tag?post=369413"}],"curies":[{"name":"wp","href":"https:\/\/api.w.org\/{rel}","templated":true}]}}