{"id":369363,"date":"2024-09-10T12:49:48","date_gmt":"2024-09-10T10:49:48","guid":{"rendered":"https:\/\/maisoncleo.com\/\/?post_type=product&#038;p=369363"},"modified":"2026-04-04T19:03:30","modified_gmt":"2026-04-04T17:03:30","slug":"robe-babydoll-en-coton-blanc-avec-dentelle-fleurie-et-manches-bouffantes-janick","status":"publish","type":"product","link":"https:\/\/maisoncleo.com\/fr\/shop\/robe-babydoll-en-coton-blanc-avec-dentelle-fleurie-et-manches-bouffantes-janick\/","title":{"rendered":"Robe babydoll en coton blanc avec dentelle fleurie et manches bouffantes JANICK"},"content":{"rendered":"<p>Robe babydoll en coton blanc avec dentelle fleurie et manches bouffantes.<\/p>\n<p>Coupe des ann\u00e9es 70, avec une coupe oversize trap\u00e8ze et des petites manches bouffantes, agr\u00e9ment\u00e9e de parties incrust\u00e9es en dentelle sur un plastron d\u00e9collet\u00e9 et dans le bas. La plus mignonne des robes en coton, nous rappelant celles de nos grand-m\u00e8res. 100% coton. A porter pour n&rsquo;importe quelle occasion jour et nuit cet \u00e9t\u00e9!<\/p>\n<p>La mod\u00e8le mesure 1m75 et porte une taille S-36.<\/p>\n<p>Veuillez noter que nous travaillons avec des dentelles vintage donc la bande de dentelle fleurie utilis\u00e9e sur la robe peut varier, mais ce sera toujours une dentelle fleurie. En ce moment celle utilis\u00e9e est celle visible sur la derni\u00e8re photo.<\/p>\n","protected":false},"excerpt":{"rendered":"<p>Robe babydoll en coton blanc avec dentelle fleurie et manches bouffantes. Coupe des ann\u00e9es 70, avec une coupe oversize trap\u00e8ze et des&hellip;<\/p>\n","protected":false},"featured_media":358056,"template":"","meta":[],"product_brand":[],"product_cat":[958,668,664,661],"product_tag":[],"class_list":{"0":"post-369363","1":"product","2":"type-product","3":"status-publish","4":"has-post-thumbnail","6":"product_cat-mariage-selection","7":"product_cat-capsule","8":"product_cat-robes","9":"product_cat-tout-voir","11":"first","12":"instock","13":"taxable","14":"shipping-taxable","15":"purchasable","16":"product-type-variable"},"_links":{"self":[{"href":"https:\/\/maisoncleo.com\/fr\/wp-json\/wp\/v2\/product\/369363","targetHints":{"allow":["GET"]}}],"collection":[{"href":"https:\/\/maisoncleo.com\/fr\/wp-json\/wp\/v2\/product"}],"about":[{"href":"https:\/\/maisoncleo.com\/fr\/wp-json\/wp\/v2\/types\/product"}],"version-history":[{"count":2,"href":"https:\/\/maisoncleo.com\/fr\/wp-json\/wp\/v2\/product\/369363\/revisions"}],"predecessor-version":[{"id":398292,"href":"https:\/\/maisoncleo.com\/fr\/wp-json\/wp\/v2\/product\/369363\/revisions\/398292"}],"wp:featuredmedia":[{"embeddable":true,"href":"https:\/\/maisoncleo.com\/fr\/wp-json\/wp\/v2\/media\/358056"}],"wp:attachment":[{"href":"https:\/\/maisoncleo.com\/fr\/wp-json\/wp\/v2\/media?parent=369363"}],"wp:term":[{"taxonomy":"product_brand","embeddable":true,"href":"https:\/\/maisoncleo.com\/fr\/wp-json\/wp\/v2\/product_brand?post=369363"},{"taxonomy":"product_cat","embeddable":true,"href":"https:\/\/maisoncleo.com\/fr\/wp-json\/wp\/v2\/product_cat?post=369363"},{"taxonomy":"product_tag","embeddable":true,"href":"https:\/\/maisoncleo.com\/fr\/wp-json\/wp\/v2\/product_tag?post=369363"}],"curies":[{"name":"wp","href":"https:\/\/api.w.org\/{rel}","templated":true}]}}