{"id":369336,"date":"2024-09-10T12:47:46","date_gmt":"2024-09-10T18:02:11","guid":{"rendered":"https:\/\/maisoncleo.com\/\/?post_type=product&#038;p=369336"},"modified":"2025-07-16T10:01:56","modified_gmt":"2025-07-16T08:01:56","slug":"robe-longue-jimena-sirene-blanche-en-maille-a-paillettes","status":"publish","type":"product","link":"https:\/\/maisoncleo.com\/fr\/shop\/robe-longue-jimena-sirene-blanche-en-maille-a-paillettes\/","title":{"rendered":"Robe longue JIMENA sir\u00e8ne blanche en maille \u00e0 paillettes"},"content":{"rendered":"<p>Robe longue sir\u00e8ne blanche en maille \u00e0 paillettes.<\/p>\n<p>Coupe fluide et \u00e9vas\u00e9e. Fines bretelles en soie.<\/p>\n<p>Tissu provenant d\u2019une maison de Haute-Couture.<\/p>\n<p>Le tissu est du fil tricot\u00e9 orn\u00e9 de paillettes. Doubl\u00e9e avec de la soie blanche.<\/p>\n<p>La robe mesure 116 cm depuis le d\u00e9collet\u00e9. Comme nous fabriquons \u00e0 la commande, vous pouvez demander la longueur que vous souhaitez en l&rsquo;indiquant dans la case commentaires au moment du panier.<\/p>\n<p>La mod\u00e8le mesure 1m75 et porte une taille S\/36.<\/p>\n","protected":false},"excerpt":{"rendered":"<p>Robe longue sir\u00e8ne blanche en maille \u00e0 paillettes. Coupe fluide et \u00e9vas\u00e9e. Fines bretelles en soie. Tissu provenant d\u2019une maison de Haute-Couture.&hellip;<\/p>\n","protected":false},"featured_media":358140,"template":"","meta":[],"product_brand":[],"product_cat":[958,668,664,661],"product_tag":[],"class_list":{"0":"post-369336","1":"product","2":"type-product","3":"status-publish","4":"has-post-thumbnail","6":"product_cat-mariage-selection","7":"product_cat-capsule","8":"product_cat-robes","9":"product_cat-tout-voir","11":"first","12":"outofstock","13":"taxable","14":"shipping-taxable","15":"purchasable","16":"product-type-variable"},"_links":{"self":[{"href":"https:\/\/maisoncleo.com\/fr\/wp-json\/wp\/v2\/product\/369336","targetHints":{"allow":["GET"]}}],"collection":[{"href":"https:\/\/maisoncleo.com\/fr\/wp-json\/wp\/v2\/product"}],"about":[{"href":"https:\/\/maisoncleo.com\/fr\/wp-json\/wp\/v2\/types\/product"}],"version-history":[{"count":1,"href":"https:\/\/maisoncleo.com\/fr\/wp-json\/wp\/v2\/product\/369336\/revisions"}],"predecessor-version":[{"id":369403,"href":"https:\/\/maisoncleo.com\/fr\/wp-json\/wp\/v2\/product\/369336\/revisions\/369403"}],"wp:featuredmedia":[{"embeddable":true,"href":"https:\/\/maisoncleo.com\/fr\/wp-json\/wp\/v2\/media\/358140"}],"wp:attachment":[{"href":"https:\/\/maisoncleo.com\/fr\/wp-json\/wp\/v2\/media?parent=369336"}],"wp:term":[{"taxonomy":"product_brand","embeddable":true,"href":"https:\/\/maisoncleo.com\/fr\/wp-json\/wp\/v2\/product_brand?post=369336"},{"taxonomy":"product_cat","embeddable":true,"href":"https:\/\/maisoncleo.com\/fr\/wp-json\/wp\/v2\/product_cat?post=369336"},{"taxonomy":"product_tag","embeddable":true,"href":"https:\/\/maisoncleo.com\/fr\/wp-json\/wp\/v2\/product_tag?post=369336"}],"curies":[{"name":"wp","href":"https:\/\/api.w.org\/{rel}","templated":true}]}}