{"id":369335,"date":"2024-09-10T12:47:46","date_gmt":"2024-09-10T18:02:10","guid":{"rendered":"https:\/\/maisoncleo.com\/\/?post_type=product&#038;p=369335"},"modified":"2024-09-10T21:30:06","modified_gmt":"2024-09-10T19:30:06","slug":"jupe-sirene-blanche-en-maille-a-paillettes-manuela","status":"publish","type":"product","link":"https:\/\/maisoncleo.com\/fr\/shop\/jupe-sirene-blanche-en-maille-a-paillettes-manuela\/","title":{"rendered":"Jupe sir\u00e8ne blanche en maille \u00e0 paillettes MANUELA"},"content":{"rendered":"<p>Jupe sir\u00e8ne blanche en maille \u00e0 paillettes.<br \/>\nFente dans le dos. Taille \u00e9lastiqu\u00e9e \u00e0 la taille.<\/p>\n<p>Tissu provenant d&rsquo;une maison de Haute-Couture.<\/p>\n<p>Le tissu est du fil tricot\u00e9 orn\u00e9 de paillettes. Doubl\u00e9e avec de la soie blanche.<\/p>\n<p>La mod\u00e8le mesure 175 cm et porte une taille S\/36.<\/p>\n","protected":false},"excerpt":{"rendered":"<p>Jupe sir\u00e8ne blanche en maille \u00e0 paillettes. Fente dans le dos. Taille \u00e9lastiqu\u00e9e \u00e0 la taille. Tissu provenant d&rsquo;une maison de Haute-Couture.&hellip;<\/p>\n","protected":false},"featured_media":358001,"template":"","meta":[],"product_brand":[],"product_cat":[672,958,668,661],"product_tag":[],"class_list":{"0":"post-369335","1":"product","2":"type-product","3":"status-publish","4":"has-post-thumbnail","6":"product_cat-jupes","7":"product_cat-mariage-selection","8":"product_cat-capsule","9":"product_cat-tout-voir","10":"pa_taille-l-40-2","11":"pa_taille-m-38-2","12":"pa_taille-s-36-2","13":"pa_taille-sur-mesure-fr-2","14":"pa_taille-xl-42-fr-2","15":"pa_taille-xs-34-2","17":"first","18":"outofstock","19":"taxable","20":"shipping-taxable","21":"purchasable","22":"product-type-variable"},"_links":{"self":[{"href":"https:\/\/maisoncleo.com\/fr\/wp-json\/wp\/v2\/product\/369335","targetHints":{"allow":["GET"]}}],"collection":[{"href":"https:\/\/maisoncleo.com\/fr\/wp-json\/wp\/v2\/product"}],"about":[{"href":"https:\/\/maisoncleo.com\/fr\/wp-json\/wp\/v2\/types\/product"}],"version-history":[{"count":1,"href":"https:\/\/maisoncleo.com\/fr\/wp-json\/wp\/v2\/product\/369335\/revisions"}],"predecessor-version":[{"id":369356,"href":"https:\/\/maisoncleo.com\/fr\/wp-json\/wp\/v2\/product\/369335\/revisions\/369356"}],"wp:featuredmedia":[{"embeddable":true,"href":"https:\/\/maisoncleo.com\/fr\/wp-json\/wp\/v2\/media\/358001"}],"wp:attachment":[{"href":"https:\/\/maisoncleo.com\/fr\/wp-json\/wp\/v2\/media?parent=369335"}],"wp:term":[{"taxonomy":"product_brand","embeddable":true,"href":"https:\/\/maisoncleo.com\/fr\/wp-json\/wp\/v2\/product_brand?post=369335"},{"taxonomy":"product_cat","embeddable":true,"href":"https:\/\/maisoncleo.com\/fr\/wp-json\/wp\/v2\/product_cat?post=369335"},{"taxonomy":"product_tag","embeddable":true,"href":"https:\/\/maisoncleo.com\/fr\/wp-json\/wp\/v2\/product_tag?post=369335"}],"curies":[{"name":"wp","href":"https:\/\/api.w.org\/{rel}","templated":true}]}}