{"id":369243,"date":"2024-09-10T12:42:42","date_gmt":"2024-09-10T10:42:42","guid":{"rendered":"https:\/\/maisoncleo.com\/\/?post_type=product&#038;p=369243"},"modified":"2026-03-28T15:35:24","modified_gmt":"2026-03-28T13:35:24","slug":"robe-felisa-longue-dos-nu-en-soie-texturee-ecrue-avec-volants-voile-en-organza-de-soie","status":"publish","type":"product","link":"https:\/\/maisoncleo.com\/fr\/shop\/robe-felisa-longue-dos-nu-en-soie-texturee-ecrue-avec-volants-voile-en-organza-de-soie\/","title":{"rendered":"Robe FELISA longue dos nu en soie textur\u00e9e \u00e9crue avec volants + voile en organza de soie"},"content":{"rendered":"<p>Robe longue dos nu en soie textur\u00e9e avec volants.<\/p>\n<p>Votre robe pr\u00e9f\u00e9r\u00e9e est de retour dans une nouvelle longueur, en version longue et avec une tra\u00eene.<\/p>\n<p>Longs volants dans le dos tombants de chaque c\u00f4t\u00e9. D\u00e9tails volants sur le tour de cou et les ourlets, finition bourdon. Fermeture \u00e0 un bouton. 100% soie \u00e9crue textur\u00e9e. Doubl\u00e9e en soie du m\u00eame ton.<\/p>\n<p>Photo port\u00e9e : Une de nos mari\u00e9es Martha dans la version longue en coton sans la tra\u00eene.<\/p>\n<p>A noter : Le tissu textur\u00e9 avec des pois du m\u00eame ton montr\u00e9 sur les premi\u00e8res photos est maintenant \u00e9puis\u00e9. Le nouveau tissu dans lequel seront faites ces robes est le m\u00eame mais uni sans motif de pois, voir les 2 derni\u00e8res photos.<\/p>\n","protected":false},"excerpt":{"rendered":"<p>Robe longue dos nu en soie textur\u00e9e avec volants. Votre robe pr\u00e9f\u00e9r\u00e9e est de retour dans une nouvelle longueur, en version longue&hellip;<\/p>\n","protected":false},"featured_media":357826,"template":"","meta":[],"product_brand":[],"product_cat":[958,668,664,661],"product_tag":[],"class_list":{"0":"post-369243","1":"product","2":"type-product","3":"status-publish","4":"has-post-thumbnail","6":"product_cat-mariage-selection","7":"product_cat-capsule","8":"product_cat-robes","9":"product_cat-tout-voir","11":"first","12":"instock","13":"taxable","14":"shipping-taxable","15":"purchasable","16":"product-type-variable"},"_links":{"self":[{"href":"https:\/\/maisoncleo.com\/fr\/wp-json\/wp\/v2\/product\/369243","targetHints":{"allow":["GET"]}}],"collection":[{"href":"https:\/\/maisoncleo.com\/fr\/wp-json\/wp\/v2\/product"}],"about":[{"href":"https:\/\/maisoncleo.com\/fr\/wp-json\/wp\/v2\/types\/product"}],"version-history":[{"count":2,"href":"https:\/\/maisoncleo.com\/fr\/wp-json\/wp\/v2\/product\/369243\/revisions"}],"predecessor-version":[{"id":398635,"href":"https:\/\/maisoncleo.com\/fr\/wp-json\/wp\/v2\/product\/369243\/revisions\/398635"}],"wp:featuredmedia":[{"embeddable":true,"href":"https:\/\/maisoncleo.com\/fr\/wp-json\/wp\/v2\/media\/357826"}],"wp:attachment":[{"href":"https:\/\/maisoncleo.com\/fr\/wp-json\/wp\/v2\/media?parent=369243"}],"wp:term":[{"taxonomy":"product_brand","embeddable":true,"href":"https:\/\/maisoncleo.com\/fr\/wp-json\/wp\/v2\/product_brand?post=369243"},{"taxonomy":"product_cat","embeddable":true,"href":"https:\/\/maisoncleo.com\/fr\/wp-json\/wp\/v2\/product_cat?post=369243"},{"taxonomy":"product_tag","embeddable":true,"href":"https:\/\/maisoncleo.com\/fr\/wp-json\/wp\/v2\/product_tag?post=369243"}],"curies":[{"name":"wp","href":"https:\/\/api.w.org\/{rel}","templated":true}]}}