{"id":368937,"date":"2024-09-10T12:30:23","date_gmt":"2024-09-10T17:50:20","guid":{"rendered":"https:\/\/maisoncleo.com\/\/?post_type=product&#038;p=368937"},"modified":"2024-09-10T21:29:35","modified_gmt":"2024-09-10T19:29:35","slug":"gilet-moana-tricote-en-coton-noir-avec-franges-et-bouton-en-noix-de-coco","status":"publish","type":"product","link":"https:\/\/maisoncleo.com\/fr\/shop\/gilet-moana-tricote-en-coton-noir-avec-franges-et-bouton-en-noix-de-coco\/","title":{"rendered":"Gilet MOANA tricot\u00e9 en coton noir avec franges et bouton en noix de coco"},"content":{"rendered":"<p id=\"tw-target-text\" class=\"tw-data-text tw-text-large tw-ta\" dir=\"ltr\" data-placeholder=\"Traduction\">Gilet tricot\u00e9 en coton noir avec franges et bouton en noix de coco.<\/p>\n<p dir=\"ltr\" data-placeholder=\"Traduction\">Manches 3\/4, d\u00e9tails ajour\u00e9s, franges sur les bords du d\u00e9collet\u00e9 et au bas des manches.<\/p>\n<p dir=\"ltr\" data-placeholder=\"Traduction\">Fermeture \u00e0 l&rsquo;aide d&rsquo;un bouton en noix de coco en forme de fleur.<\/p>\n<p dir=\"ltr\" data-placeholder=\"Traduction\">100% coton bio. Nous avons besoin de 4 heures pour fabriquer ce gilet.<\/p>\n<p>LOOK 29 de notre collection printemps \u00e9t\u00e9 \u201cLa BADOULE\u201d.<\/p>\n<p>La mod\u00e8le mesure 1m76 et porte une taille XL\/42.<\/p>\n","protected":false},"excerpt":{"rendered":"<p>Gilet tricot\u00e9 en coton noir avec franges et bouton en noix de coco. Manches 3\/4, d\u00e9tails ajour\u00e9s, franges sur les bords du&hellip;<\/p>\n","protected":false},"featured_media":357492,"template":"","meta":[],"product_brand":[],"product_cat":[666,668,674,661],"product_tag":[],"class_list":{"0":"post-368937","1":"product","2":"type-product","3":"status-publish","4":"has-post-thumbnail","6":"product_cat-mailles","7":"product_cat-capsule","8":"product_cat-tops","9":"product_cat-tout-voir","10":"pa_taille-l-40-2","11":"pa_taille-m-38-2","12":"pa_taille-s-36-2","13":"pa_taille-sur-mesure-fr-2","14":"pa_taille-xl-42-fr-2","15":"pa_taille-xs-34-2","17":"first","18":"outofstock","19":"taxable","20":"shipping-taxable","21":"purchasable","22":"product-type-variable"},"_links":{"self":[{"href":"https:\/\/maisoncleo.com\/fr\/wp-json\/wp\/v2\/product\/368937","targetHints":{"allow":["GET"]}}],"collection":[{"href":"https:\/\/maisoncleo.com\/fr\/wp-json\/wp\/v2\/product"}],"about":[{"href":"https:\/\/maisoncleo.com\/fr\/wp-json\/wp\/v2\/types\/product"}],"version-history":[{"count":1,"href":"https:\/\/maisoncleo.com\/fr\/wp-json\/wp\/v2\/product\/368937\/revisions"}],"predecessor-version":[{"id":368961,"href":"https:\/\/maisoncleo.com\/fr\/wp-json\/wp\/v2\/product\/368937\/revisions\/368961"}],"wp:featuredmedia":[{"embeddable":true,"href":"https:\/\/maisoncleo.com\/fr\/wp-json\/wp\/v2\/media\/357492"}],"wp:attachment":[{"href":"https:\/\/maisoncleo.com\/fr\/wp-json\/wp\/v2\/media?parent=368937"}],"wp:term":[{"taxonomy":"product_brand","embeddable":true,"href":"https:\/\/maisoncleo.com\/fr\/wp-json\/wp\/v2\/product_brand?post=368937"},{"taxonomy":"product_cat","embeddable":true,"href":"https:\/\/maisoncleo.com\/fr\/wp-json\/wp\/v2\/product_cat?post=368937"},{"taxonomy":"product_tag","embeddable":true,"href":"https:\/\/maisoncleo.com\/fr\/wp-json\/wp\/v2\/product_tag?post=368937"}],"curies":[{"name":"wp","href":"https:\/\/api.w.org\/{rel}","templated":true}]}}