{"id":368922,"date":"2024-09-10T12:28:23","date_gmt":"2024-09-10T17:49:57","guid":{"rendered":"https:\/\/maisoncleo.com\/\/?post_type=product&#038;p=368922"},"modified":"2024-09-10T21:29:33","modified_gmt":"2024-09-10T19:29:33","slug":"top-vert-clair-a-motif-fleurs-blanches-en-soie-et-detail-ruban-rose","status":"publish","type":"product","link":"https:\/\/maisoncleo.com\/fr\/shop\/top-vert-clair-a-motif-fleurs-blanches-en-soie-et-detail-ruban-rose\/","title":{"rendered":"Top vert clair \u00e0 motif fleurs blanches en soie et d\u00e9tail ruban rose"},"content":{"rendered":"<p>Top vert clair \u00e0 motif fleurs blanches en soie et d\u00e9tail ruban rose.<\/p>\n<p>Encolure d\u00e9collet\u00e9e, bord\u00e9 de dentelle blanche et d&rsquo;un ruban rose \u00e0 nouer. Ajust\u00e9, coupe effet corset. Petites manches bouffantes, \u00e9lastiqu\u00e9es. 100% mousseline de soie, doubl\u00e9 avec de la soie \u00e9crue.<\/p>\n<p>Longueur totale \u00e0 plat pour la taille S\/36 : 32 cm.<\/p>\n<p>La mod\u00e8le mesure 1m76 et porte une taille XL\/42.<\/p>\n","protected":false},"excerpt":{"rendered":"<p>Top vert clair \u00e0 motif fleurs blanches en soie et d\u00e9tail ruban rose. Encolure d\u00e9collet\u00e9e, bord\u00e9 de dentelle blanche et d&rsquo;un ruban&hellip;<\/p>\n","protected":false},"featured_media":357454,"template":"","meta":[],"product_brand":[],"product_cat":[663,668,661],"product_tag":[],"class_list":{"0":"post-368922","1":"product","2":"type-product","3":"status-publish","4":"has-post-thumbnail","6":"product_cat-blouses","7":"product_cat-capsule","8":"product_cat-tout-voir","9":"pa_taille-l-40-2","10":"pa_taille-m-38-2","11":"pa_taille-s-36-2","12":"pa_taille-sur-mesure-fr-2","13":"pa_taille-xl-42-fr-2","14":"pa_taille-xs-34-2","16":"first","17":"outofstock","18":"taxable","19":"shipping-taxable","20":"purchasable","21":"product-type-variable"},"_links":{"self":[{"href":"https:\/\/maisoncleo.com\/fr\/wp-json\/wp\/v2\/product\/368922","targetHints":{"allow":["GET"]}}],"collection":[{"href":"https:\/\/maisoncleo.com\/fr\/wp-json\/wp\/v2\/product"}],"about":[{"href":"https:\/\/maisoncleo.com\/fr\/wp-json\/wp\/v2\/types\/product"}],"version-history":[{"count":1,"href":"https:\/\/maisoncleo.com\/fr\/wp-json\/wp\/v2\/product\/368922\/revisions"}],"predecessor-version":[{"id":368951,"href":"https:\/\/maisoncleo.com\/fr\/wp-json\/wp\/v2\/product\/368922\/revisions\/368951"}],"wp:featuredmedia":[{"embeddable":true,"href":"https:\/\/maisoncleo.com\/fr\/wp-json\/wp\/v2\/media\/357454"}],"wp:attachment":[{"href":"https:\/\/maisoncleo.com\/fr\/wp-json\/wp\/v2\/media?parent=368922"}],"wp:term":[{"taxonomy":"product_brand","embeddable":true,"href":"https:\/\/maisoncleo.com\/fr\/wp-json\/wp\/v2\/product_brand?post=368922"},{"taxonomy":"product_cat","embeddable":true,"href":"https:\/\/maisoncleo.com\/fr\/wp-json\/wp\/v2\/product_cat?post=368922"},{"taxonomy":"product_tag","embeddable":true,"href":"https:\/\/maisoncleo.com\/fr\/wp-json\/wp\/v2\/product_tag?post=368922"}],"curies":[{"name":"wp","href":"https:\/\/api.w.org\/{rel}","templated":true}]}}