{"id":368913,"date":"2024-09-10T12:28:22","date_gmt":"2024-09-10T17:49:35","guid":{"rendered":"https:\/\/maisoncleo.com\/\/?post_type=product&#038;p=368913"},"modified":"2024-09-10T21:29:31","modified_gmt":"2024-09-10T19:29:31","slug":"jupe-mi-longue-en-mousseline-de-soie-vert-fleurs-blanches","status":"publish","type":"product","link":"https:\/\/maisoncleo.com\/fr\/shop\/jupe-mi-longue-en-mousseline-de-soie-vert-fleurs-blanches\/","title":{"rendered":"Jupe mi-longue en mousseline de soie vert fleurs blanches"},"content":{"rendered":"<p>Jupe mi-longue en mousseline de soie vert fleurs blanches.<\/p>\n<p>Taille \u00e9lastiqu\u00e9e, petite noeud ruban rose sur le devant. Finition bourdon. Coupe \u00e9vas\u00e9e. 100% mousseline de soie, doubl\u00e9e avec de la soie \u00e9crue.<\/p>\n<p>Longueur totale \u00e0 plat de la taille S\/36 : 65 cm.<\/p>\n<p>La mod\u00e8le mesure 1m76 et porte une taille XL\/42.<\/p>\n","protected":false},"excerpt":{"rendered":"<p>Jupe mi-longue en mousseline de soie vert fleurs blanches. Taille \u00e9lastiqu\u00e9e, petite noeud ruban rose sur le devant. Finition bourdon. Coupe \u00e9vas\u00e9e.&hellip;<\/p>\n","protected":false},"featured_media":357423,"template":"","meta":[],"product_brand":[],"product_cat":[672,668,661],"product_tag":[],"class_list":{"0":"post-368913","1":"product","2":"type-product","3":"status-publish","4":"has-post-thumbnail","6":"product_cat-jupes","7":"product_cat-capsule","8":"product_cat-tout-voir","9":"pa_taille-l-40-2","10":"pa_taille-m-38-2","11":"pa_taille-s-36-2","12":"pa_taille-sur-mesure-fr-2","13":"pa_taille-xl-42-fr-2","14":"pa_taille-xs-34-2","16":"first","17":"outofstock","18":"taxable","19":"shipping-taxable","20":"purchasable","21":"product-type-variable"},"_links":{"self":[{"href":"https:\/\/maisoncleo.com\/fr\/wp-json\/wp\/v2\/product\/368913","targetHints":{"allow":["GET"]}}],"collection":[{"href":"https:\/\/maisoncleo.com\/fr\/wp-json\/wp\/v2\/product"}],"about":[{"href":"https:\/\/maisoncleo.com\/fr\/wp-json\/wp\/v2\/types\/product"}],"version-history":[{"count":1,"href":"https:\/\/maisoncleo.com\/fr\/wp-json\/wp\/v2\/product\/368913\/revisions"}],"predecessor-version":[{"id":368940,"href":"https:\/\/maisoncleo.com\/fr\/wp-json\/wp\/v2\/product\/368913\/revisions\/368940"}],"wp:featuredmedia":[{"embeddable":true,"href":"https:\/\/maisoncleo.com\/fr\/wp-json\/wp\/v2\/media\/357423"}],"wp:attachment":[{"href":"https:\/\/maisoncleo.com\/fr\/wp-json\/wp\/v2\/media?parent=368913"}],"wp:term":[{"taxonomy":"product_brand","embeddable":true,"href":"https:\/\/maisoncleo.com\/fr\/wp-json\/wp\/v2\/product_brand?post=368913"},{"taxonomy":"product_cat","embeddable":true,"href":"https:\/\/maisoncleo.com\/fr\/wp-json\/wp\/v2\/product_cat?post=368913"},{"taxonomy":"product_tag","embeddable":true,"href":"https:\/\/maisoncleo.com\/fr\/wp-json\/wp\/v2\/product_tag?post=368913"}],"curies":[{"name":"wp","href":"https:\/\/api.w.org\/{rel}","templated":true}]}}