{"id":368906,"date":"2024-09-10T12:26:27","date_gmt":"2024-09-10T17:49:34","guid":{"rendered":"https:\/\/maisoncleo.com\/\/?post_type=product&#038;p=368906"},"modified":"2026-01-21T11:10:17","modified_gmt":"2026-01-21T09:10:17","slug":"blouse-rouge-a-carreaux-coton-angele-avec-col-blanc-brode","status":"publish","type":"product","link":"https:\/\/maisoncleo.com\/fr\/shop\/blouse-rouge-a-carreaux-coton-angele-avec-col-blanc-brode\/","title":{"rendered":"Blouse rouge \u00e0 carreaux coton ANGELE avec col blanc brod\u00e9"},"content":{"rendered":"<p>Blouse en coton rouge \u00e0 carreaux avec manches 3\/4 \u00e9lastiqu\u00e9es et volant\u00e9es. Grand double col pointu blanc avec volants, liens \u00e0 nouer sur le devant, basque \u00e9lastiqu\u00e9e volant\u00e9e au niveau de la taille.<\/p>\n<p>100% coton.<\/p>\n<p>La mod\u00e8le mesure 176 cm et porte une taille XL\/42.<\/p>\n","protected":false},"excerpt":{"rendered":"<p>Blouse en coton rouge \u00e0 carreaux avec manches 3\/4 \u00e9lastiqu\u00e9es et volant\u00e9es. Grand double col pointu blanc avec volants, liens \u00e0 nouer&hellip;<\/p>\n","protected":false},"featured_media":357407,"template":"","meta":[],"product_brand":[],"product_cat":[662,663,668,661],"product_tag":[],"class_list":{"0":"post-368906","1":"product","2":"type-product","3":"status-publish","4":"has-post-thumbnail","6":"product_cat-basiques","7":"product_cat-blouses","8":"product_cat-capsule","9":"product_cat-tout-voir","10":"pa_taille-l-40-2","11":"pa_taille-m-38-2","12":"pa_taille-s-36-2","13":"pa_taille-sur-mesure-fr-2","14":"pa_taille-xl-42-fr-2","15":"pa_taille-xs-34-2","17":"first","18":"instock","19":"taxable","20":"shipping-taxable","21":"purchasable","22":"product-type-variable"},"_links":{"self":[{"href":"https:\/\/maisoncleo.com\/fr\/wp-json\/wp\/v2\/product\/368906","targetHints":{"allow":["GET"]}}],"collection":[{"href":"https:\/\/maisoncleo.com\/fr\/wp-json\/wp\/v2\/product"}],"about":[{"href":"https:\/\/maisoncleo.com\/fr\/wp-json\/wp\/v2\/types\/product"}],"version-history":[{"count":1,"href":"https:\/\/maisoncleo.com\/fr\/wp-json\/wp\/v2\/product\/368906\/revisions"}],"predecessor-version":[{"id":368929,"href":"https:\/\/maisoncleo.com\/fr\/wp-json\/wp\/v2\/product\/368906\/revisions\/368929"}],"wp:featuredmedia":[{"embeddable":true,"href":"https:\/\/maisoncleo.com\/fr\/wp-json\/wp\/v2\/media\/357407"}],"wp:attachment":[{"href":"https:\/\/maisoncleo.com\/fr\/wp-json\/wp\/v2\/media?parent=368906"}],"wp:term":[{"taxonomy":"product_brand","embeddable":true,"href":"https:\/\/maisoncleo.com\/fr\/wp-json\/wp\/v2\/product_brand?post=368906"},{"taxonomy":"product_cat","embeddable":true,"href":"https:\/\/maisoncleo.com\/fr\/wp-json\/wp\/v2\/product_cat?post=368906"},{"taxonomy":"product_tag","embeddable":true,"href":"https:\/\/maisoncleo.com\/fr\/wp-json\/wp\/v2\/product_tag?post=368906"}],"curies":[{"name":"wp","href":"https:\/\/api.w.org\/{rel}","templated":true}]}}