{"id":368898,"date":"2024-09-10T12:25:42","date_gmt":"2024-09-10T17:49:11","guid":{"rendered":"https:\/\/maisoncleo.com\/\/?post_type=product&#038;p=368898"},"modified":"2024-09-10T21:29:28","modified_gmt":"2024-09-10T19:29:28","slug":"jupe-mi-longue-evasee-en-coton-blanc-et-broderie-anglaise-2","status":"publish","type":"product","link":"https:\/\/maisoncleo.com\/fr\/shop\/jupe-mi-longue-evasee-en-coton-blanc-et-broderie-anglaise-2\/","title":{"rendered":"Jupe mi-longue \u00e9vas\u00e9e en coton blanc et broderie anglaise"},"content":{"rendered":"<p>Jupe mi-longue \u00e9vas\u00e9e en coton blanc et broderie anglaise.<\/p>\n<p>Ourlet broderie anglaise volant\u00e9e. Coupe \u00e9vas\u00e9e, bouffante. Taille \u00e9lastiqu\u00e9e, lien \u00e0 nouer. 100% coton.<\/p>\n<p>Simple mais efficace! &lt;3<\/p>\n<p>Longueur totale \u00e0 plat de la taille S\/36: 75 cm.<\/p>\n<p>La mod\u00e8le mesure 1m76 et porte une taille XL\/42.<\/p>\n","protected":false},"excerpt":{"rendered":"<p>Jupe mi-longue \u00e9vas\u00e9e en coton blanc et broderie anglaise. Ourlet broderie anglaise volant\u00e9e. Coupe \u00e9vas\u00e9e, bouffante. Taille \u00e9lastiqu\u00e9e, lien \u00e0 nouer. 100%&hellip;<\/p>\n","protected":false},"featured_media":357379,"template":"","meta":[],"product_brand":[],"product_cat":[662,672,668,661],"product_tag":[],"class_list":{"0":"post-368898","1":"product","2":"type-product","3":"status-publish","4":"has-post-thumbnail","6":"product_cat-basiques","7":"product_cat-jupes","8":"product_cat-capsule","9":"product_cat-tout-voir","10":"pa_taille-l-40-2","11":"pa_taille-m-38-2","12":"pa_taille-s-36-2","13":"pa_taille-sur-mesure-fr-2","14":"pa_taille-xl-42-fr-2","15":"pa_taille-xs-34-2","17":"first","18":"instock","19":"taxable","20":"shipping-taxable","21":"purchasable","22":"product-type-variable"},"_links":{"self":[{"href":"https:\/\/maisoncleo.com\/fr\/wp-json\/wp\/v2\/product\/368898","targetHints":{"allow":["GET"]}}],"collection":[{"href":"https:\/\/maisoncleo.com\/fr\/wp-json\/wp\/v2\/product"}],"about":[{"href":"https:\/\/maisoncleo.com\/fr\/wp-json\/wp\/v2\/types\/product"}],"version-history":[{"count":1,"href":"https:\/\/maisoncleo.com\/fr\/wp-json\/wp\/v2\/product\/368898\/revisions"}],"predecessor-version":[{"id":368920,"href":"https:\/\/maisoncleo.com\/fr\/wp-json\/wp\/v2\/product\/368898\/revisions\/368920"}],"wp:featuredmedia":[{"embeddable":true,"href":"https:\/\/maisoncleo.com\/fr\/wp-json\/wp\/v2\/media\/357379"}],"wp:attachment":[{"href":"https:\/\/maisoncleo.com\/fr\/wp-json\/wp\/v2\/media?parent=368898"}],"wp:term":[{"taxonomy":"product_brand","embeddable":true,"href":"https:\/\/maisoncleo.com\/fr\/wp-json\/wp\/v2\/product_brand?post=368898"},{"taxonomy":"product_cat","embeddable":true,"href":"https:\/\/maisoncleo.com\/fr\/wp-json\/wp\/v2\/product_cat?post=368898"},{"taxonomy":"product_tag","embeddable":true,"href":"https:\/\/maisoncleo.com\/fr\/wp-json\/wp\/v2\/product_tag?post=368898"}],"curies":[{"name":"wp","href":"https:\/\/api.w.org\/{rel}","templated":true}]}}