{"id":368869,"date":"2024-09-10T12:24:45","date_gmt":"2024-09-10T10:24:45","guid":{"rendered":"https:\/\/maisoncleo.com\/\/?post_type=product&#038;p=368869"},"modified":"2026-01-19T14:31:34","modified_gmt":"2026-01-19T12:31:34","slug":"robe-felisa-longue-dos-nu-en-coton-fleuri-avec-volants","status":"publish","type":"product","link":"https:\/\/maisoncleo.com\/fr\/shop\/robe-felisa-longue-dos-nu-en-coton-fleuri-avec-volants\/","title":{"rendered":"Robe FELISA longue dos nu en coton fleuri avec volants"},"content":{"rendered":"<p>Robe longue dos nu en coton fleuri avec volants.<\/p>\n<p>Votre robe pr\u00e9f\u00e9r\u00e9e est de retour dans une nouvelle longueur &lt;3<\/p>\n<p>Longs volants dans le dos tombants de chaque c\u00f4t\u00e9. D\u00e9tails volants sur le tour de cou et les ourlets, finition bourdon. Fermeture \u00e0 un bouton. Coton fleuri. Doubl\u00e9e en mousseline de coton.<\/p>\n<p>Photo port\u00e9e : Une de nos mari\u00e9es Martha &lt;3<\/p>\n<p>Nous pouvons faire cette robe dans deux tissus avec broderie anglaise (voir la derni\u00e8re photo, choix 1 ou 2). Indiquez votre choix lors de votre commande.<\/p>\n","protected":false},"excerpt":{"rendered":"<p>Robe longue dos nu en coton fleuri avec volants. Votre robe pr\u00e9f\u00e9r\u00e9e est de retour dans une nouvelle longueur &lt;3 Longs volants&hellip;<\/p>\n","protected":false},"featured_media":357318,"template":"","meta":[],"product_brand":[],"product_cat":[958,668,664,661],"product_tag":[],"class_list":{"0":"post-368869","1":"product","2":"type-product","3":"status-publish","4":"has-post-thumbnail","6":"product_cat-mariage-selection","7":"product_cat-capsule","8":"product_cat-robes","9":"product_cat-tout-voir","10":"pa_taille-l-40-2","11":"pa_taille-m-38-2","12":"pa_taille-s-36-2","13":"pa_taille-sur-mesure-fr-2","14":"pa_taille-xl-42-fr-2","15":"pa_taille-xs-34-2","17":"first","18":"instock","19":"taxable","20":"shipping-taxable","21":"purchasable","22":"product-type-variable"},"_links":{"self":[{"href":"https:\/\/maisoncleo.com\/fr\/wp-json\/wp\/v2\/product\/368869","targetHints":{"allow":["GET"]}}],"collection":[{"href":"https:\/\/maisoncleo.com\/fr\/wp-json\/wp\/v2\/product"}],"about":[{"href":"https:\/\/maisoncleo.com\/fr\/wp-json\/wp\/v2\/types\/product"}],"version-history":[{"count":1,"href":"https:\/\/maisoncleo.com\/fr\/wp-json\/wp\/v2\/product\/368869\/revisions"}],"predecessor-version":[{"id":368904,"href":"https:\/\/maisoncleo.com\/fr\/wp-json\/wp\/v2\/product\/368869\/revisions\/368904"}],"wp:featuredmedia":[{"embeddable":true,"href":"https:\/\/maisoncleo.com\/fr\/wp-json\/wp\/v2\/media\/357318"}],"wp:attachment":[{"href":"https:\/\/maisoncleo.com\/fr\/wp-json\/wp\/v2\/media?parent=368869"}],"wp:term":[{"taxonomy":"product_brand","embeddable":true,"href":"https:\/\/maisoncleo.com\/fr\/wp-json\/wp\/v2\/product_brand?post=368869"},{"taxonomy":"product_cat","embeddable":true,"href":"https:\/\/maisoncleo.com\/fr\/wp-json\/wp\/v2\/product_cat?post=368869"},{"taxonomy":"product_tag","embeddable":true,"href":"https:\/\/maisoncleo.com\/fr\/wp-json\/wp\/v2\/product_tag?post=368869"}],"curies":[{"name":"wp","href":"https:\/\/api.w.org\/{rel}","templated":true}]}}