{"id":368806,"date":"2024-09-10T12:21:25","date_gmt":"2024-09-10T10:21:25","guid":{"rendered":"https:\/\/maisoncleo.com\/\/?post_type=product&#038;p=368806"},"modified":"2024-09-10T21:29:07","modified_gmt":"2024-09-10T19:29:07","slug":"blouse-delicate-en-coton-noir-et-dentelle-de-calais-roses-avec-col-vi","status":"publish","type":"product","link":"https:\/\/maisoncleo.com\/fr\/shop\/blouse-delicate-en-coton-noir-et-dentelle-de-calais-roses-avec-col-vi\/","title":{"rendered":"Blouse d\u00e9licate en coton noir et dentelle de Calais roses avec col VI"},"content":{"rendered":"<p>Blouse en coton noir et dentelle broderies de Calais avec col dentell\u00e9 et grosses fleurs.<\/p>\n<p>Grand col Claudine, bords p\u00e9tales en dentelle. Trois liens sur le devant. Manches bouffantes, bords dentelle. Ennoblie d&rsquo;une d\u00e9licate dentelle \u00e0 motif de fleurs.<\/p>\n<p>\u00c0 croquer!<\/p>\n<p>Longueur \u00e0 plat: 44 cm.<\/p>\n<p>La mod\u00e8le mesure 1m70 et porte une taille S\/36.<\/p>\n","protected":false},"excerpt":{"rendered":"<p>Blouse en coton noir et dentelle broderies de Calais avec col dentell\u00e9 et grosses fleurs. Grand col Claudine, bords p\u00e9tales en dentelle.&hellip;<\/p>\n","protected":false},"featured_media":357254,"template":"","meta":[],"product_brand":[],"product_cat":[663,668,674,661],"product_tag":[],"class_list":{"0":"post-368806","1":"product","2":"type-product","3":"status-publish","4":"has-post-thumbnail","6":"product_cat-blouses","7":"product_cat-capsule","8":"product_cat-tops","9":"product_cat-tout-voir","10":"pa_taille-l-40-2","11":"pa_taille-m-38-2","12":"pa_taille-s-36-2","13":"pa_taille-sur-mesure-fr-2","14":"pa_taille-xl-42-fr-2","15":"pa_taille-xs-34-2","17":"first","18":"instock","19":"taxable","20":"shipping-taxable","21":"purchasable","22":"product-type-variable","23":"has-default-attributes"},"_links":{"self":[{"href":"https:\/\/maisoncleo.com\/fr\/wp-json\/wp\/v2\/product\/368806","targetHints":{"allow":["GET"]}}],"collection":[{"href":"https:\/\/maisoncleo.com\/fr\/wp-json\/wp\/v2\/product"}],"about":[{"href":"https:\/\/maisoncleo.com\/fr\/wp-json\/wp\/v2\/types\/product"}],"version-history":[{"count":1,"href":"https:\/\/maisoncleo.com\/fr\/wp-json\/wp\/v2\/product\/368806\/revisions"}],"predecessor-version":[{"id":368829,"href":"https:\/\/maisoncleo.com\/fr\/wp-json\/wp\/v2\/product\/368806\/revisions\/368829"}],"wp:featuredmedia":[{"embeddable":true,"href":"https:\/\/maisoncleo.com\/fr\/wp-json\/wp\/v2\/media\/357254"}],"wp:attachment":[{"href":"https:\/\/maisoncleo.com\/fr\/wp-json\/wp\/v2\/media?parent=368806"}],"wp:term":[{"taxonomy":"product_brand","embeddable":true,"href":"https:\/\/maisoncleo.com\/fr\/wp-json\/wp\/v2\/product_brand?post=368806"},{"taxonomy":"product_cat","embeddable":true,"href":"https:\/\/maisoncleo.com\/fr\/wp-json\/wp\/v2\/product_cat?post=368806"},{"taxonomy":"product_tag","embeddable":true,"href":"https:\/\/maisoncleo.com\/fr\/wp-json\/wp\/v2\/product_tag?post=368806"}],"curies":[{"name":"wp","href":"https:\/\/api.w.org\/{rel}","templated":true}]}}