{"id":368790,"date":"2024-09-10T12:20:59","date_gmt":"2024-09-10T17:45:34","guid":{"rendered":"https:\/\/maisoncleo.com\/\/?post_type=product&#038;p=368790"},"modified":"2026-04-06T21:03:16","modified_gmt":"2026-04-06T19:03:16","slug":"robe-babydoll-en-coton-vichy-rouge-avec-parties-en-dentelle-joanna","status":"publish","type":"product","link":"https:\/\/maisoncleo.com\/fr\/shop\/robe-babydoll-en-coton-vichy-rouge-avec-parties-en-dentelle-joanna\/","title":{"rendered":"Robe babydoll en coton vichy rouge avec parties en dentelle JOANNA"},"content":{"rendered":"<p>Robe asym\u00e9trique babydoll en coton vichy rouge.<\/p>\n<p>L\u00e9g\u00e8rement plus longue dans le dos que sur le devant, d\u00e9tail de dentelle de Calais sur le contour du d\u00e9collet\u00e9, manches courtes bouffantes, noeud manches, coupe oversize sur le bas. 100% coton.<\/p>\n<p>&nbsp;<\/p>\n","protected":false},"excerpt":{"rendered":"<p>Robe asym\u00e9trique babydoll en coton vichy rouge. L\u00e9g\u00e8rement plus longue dans le dos que sur le devant, d\u00e9tail de dentelle de Calais&hellip;<\/p>\n","protected":false},"featured_media":357222,"template":"","meta":[],"product_brand":[],"product_cat":[662,667,664,661],"product_tag":[],"class_list":{"0":"post-368790","1":"product","2":"type-product","3":"status-publish","4":"has-post-thumbnail","6":"product_cat-basiques","7":"product_cat-dernieres-pieces","8":"product_cat-robes","9":"product_cat-tout-voir","10":"pa_taille-l-40-2","11":"pa_taille-m-38-2","12":"pa_taille-s-36-2","13":"pa_taille-sur-mesure-fr-2","14":"pa_taille-xl-42-fr-2","15":"pa_taille-xs-34-2","17":"first","18":"instock","19":"taxable","20":"shipping-taxable","21":"purchasable","22":"product-type-variable"},"_links":{"self":[{"href":"https:\/\/maisoncleo.com\/fr\/wp-json\/wp\/v2\/product\/368790","targetHints":{"allow":["GET"]}}],"collection":[{"href":"https:\/\/maisoncleo.com\/fr\/wp-json\/wp\/v2\/product"}],"about":[{"href":"https:\/\/maisoncleo.com\/fr\/wp-json\/wp\/v2\/types\/product"}],"version-history":[{"count":1,"href":"https:\/\/maisoncleo.com\/fr\/wp-json\/wp\/v2\/product\/368790\/revisions"}],"predecessor-version":[{"id":368813,"href":"https:\/\/maisoncleo.com\/fr\/wp-json\/wp\/v2\/product\/368790\/revisions\/368813"}],"wp:featuredmedia":[{"embeddable":true,"href":"https:\/\/maisoncleo.com\/fr\/wp-json\/wp\/v2\/media\/357222"}],"wp:attachment":[{"href":"https:\/\/maisoncleo.com\/fr\/wp-json\/wp\/v2\/media?parent=368790"}],"wp:term":[{"taxonomy":"product_brand","embeddable":true,"href":"https:\/\/maisoncleo.com\/fr\/wp-json\/wp\/v2\/product_brand?post=368790"},{"taxonomy":"product_cat","embeddable":true,"href":"https:\/\/maisoncleo.com\/fr\/wp-json\/wp\/v2\/product_cat?post=368790"},{"taxonomy":"product_tag","embeddable":true,"href":"https:\/\/maisoncleo.com\/fr\/wp-json\/wp\/v2\/product_tag?post=368790"}],"curies":[{"name":"wp","href":"https:\/\/api.w.org\/{rel}","templated":true}]}}