{"id":368767,"date":"2024-09-10T12:15:13","date_gmt":"2024-09-10T17:44:46","guid":{"rendered":"https:\/\/maisoncleo.com\/\/?post_type=product&#038;p=368767"},"modified":"2024-09-10T21:29:00","modified_gmt":"2024-09-10T19:29:00","slug":"jupe-en-raffia-beige-longue-sirene-manuela","status":"publish","type":"product","link":"https:\/\/maisoncleo.com\/fr\/shop\/jupe-en-raffia-beige-longue-sirene-manuela\/","title":{"rendered":"Jupe en raffia beige longue sir\u00e8ne MANUELA"},"content":{"rendered":"<p>Jupe longue en raffia beige sir\u00e8ne.<br \/>\nFente dans le dos. Taille \u00e9lastiqu\u00e9e \u00e0 la taille.<\/p>\n<p>Tissu provenant d&rsquo;une maison de Haute-Couture.<\/p>\n<p>Le tissu ressemble \u00e0 du raffia, ce n&rsquo;est \u00e9videmment pas du vrai raffia sinon il serait rugueux, c&rsquo;est un tissu doux, voir derni\u00e8re photo pour un gros plan.<\/p>\n<p>Comme tout est fait sur commande, vous pouvez demander la longueur que vous souhaitez et nous \u00e9crire un message pendant ou apr\u00e8s votre commande.<\/p>\n<p>La mod\u00e8le mesure 170 cm et porte une taille S\/36.<\/p>\n<p>&nbsp;<\/p>\n","protected":false},"excerpt":{"rendered":"<p>Jupe longue en raffia beige sir\u00e8ne. Fente dans le dos. Taille \u00e9lastiqu\u00e9e \u00e0 la taille. Tissu provenant d&rsquo;une maison de Haute-Couture. Le&hellip;<\/p>\n","protected":false},"featured_media":357151,"template":"","meta":[],"product_brand":[],"product_cat":[672,668,661],"product_tag":[],"class_list":{"0":"post-368767","1":"product","2":"type-product","3":"status-publish","4":"has-post-thumbnail","6":"product_cat-jupes","7":"product_cat-capsule","8":"product_cat-tout-voir","9":"pa_taille-l-40-2","10":"pa_taille-m-38-2","11":"pa_taille-s-36-2","12":"pa_taille-sur-mesure-fr-2","13":"pa_taille-xl-42-fr-2","14":"pa_taille-xs-34-2","16":"first","17":"instock","18":"taxable","19":"shipping-taxable","20":"purchasable","21":"product-type-variable"},"_links":{"self":[{"href":"https:\/\/maisoncleo.com\/fr\/wp-json\/wp\/v2\/product\/368767","targetHints":{"allow":["GET"]}}],"collection":[{"href":"https:\/\/maisoncleo.com\/fr\/wp-json\/wp\/v2\/product"}],"about":[{"href":"https:\/\/maisoncleo.com\/fr\/wp-json\/wp\/v2\/types\/product"}],"version-history":[{"count":1,"href":"https:\/\/maisoncleo.com\/fr\/wp-json\/wp\/v2\/product\/368767\/revisions"}],"predecessor-version":[{"id":368789,"href":"https:\/\/maisoncleo.com\/fr\/wp-json\/wp\/v2\/product\/368767\/revisions\/368789"}],"wp:featuredmedia":[{"embeddable":true,"href":"https:\/\/maisoncleo.com\/fr\/wp-json\/wp\/v2\/media\/357151"}],"wp:attachment":[{"href":"https:\/\/maisoncleo.com\/fr\/wp-json\/wp\/v2\/media?parent=368767"}],"wp:term":[{"taxonomy":"product_brand","embeddable":true,"href":"https:\/\/maisoncleo.com\/fr\/wp-json\/wp\/v2\/product_brand?post=368767"},{"taxonomy":"product_cat","embeddable":true,"href":"https:\/\/maisoncleo.com\/fr\/wp-json\/wp\/v2\/product_cat?post=368767"},{"taxonomy":"product_tag","embeddable":true,"href":"https:\/\/maisoncleo.com\/fr\/wp-json\/wp\/v2\/product_tag?post=368767"}],"curies":[{"name":"wp","href":"https:\/\/api.w.org\/{rel}","templated":true}]}}