{"id":368730,"date":"2024-09-10T12:08:22","date_gmt":"2024-09-10T10:08:22","guid":{"rendered":"https:\/\/maisoncleo.com\/\/?post_type=product&#038;p=368730"},"modified":"2025-09-18T12:23:55","modified_gmt":"2025-09-18T10:23:55","slug":"mini-jupe-mimia-en-coton-blanc-et-dentelle-a-grosses-fleurs","status":"publish","type":"product","link":"https:\/\/maisoncleo.com\/fr\/shop\/mini-jupe-mimia-en-coton-blanc-et-dentelle-a-grosses-fleurs\/","title":{"rendered":"Mini-jupe MIMIA en coton blanc et dentelle \u00e0 grosses fleurs"},"content":{"rendered":"<div class=\"woocommerce-product-details__complete-description\">\n<p>Qui n&rsquo;a pas besoin d&rsquo;une jupe Mimi? Enfin la mini-jupe en coton et dentelle fleurie, parfaite \u00e0 assortir !<\/p>\n<p>Ravissante dentelle de Calais romantique aux d\u00e9tails d\u00e9licats. Ceinture ruban \u00e0 nouer. Coupe flare, partie inf\u00e9rieure volant\u00e9e. 100% coton.<\/p>\n<\/div>\n<p>Une petite jupe ang\u00e9lique!<\/p>\n<p>Longueur \u00e0 plat: 28 cm.<\/p>\n<p>La mod\u00e8le mesure 1m70 et porte une taille S-36.<\/p>\n<div class=\"col-12 text-center nbr_product\">Nous n\u2019avons plus la dentelle fleurie visible sur les premi\u00e8res photos, elle est maintenant remplac\u00e9e par l\u2019autre dentelle fleurie que vous pouvez voir sur la derni\u00e8re photo &lt;3<\/div>\n","protected":false},"excerpt":{"rendered":"<p>Qui n&rsquo;a pas besoin d&rsquo;une jupe Mimi? Enfin la mini-jupe en coton et dentelle fleurie, parfaite \u00e0 assortir ! Ravissante dentelle de&hellip;<\/p>\n","protected":false},"featured_media":357040,"template":"","meta":[],"product_brand":[],"product_cat":[672,958,668,661],"product_tag":[],"class_list":{"0":"post-368730","1":"product","2":"type-product","3":"status-publish","4":"has-post-thumbnail","6":"product_cat-jupes","7":"product_cat-mariage-selection","8":"product_cat-capsule","9":"product_cat-tout-voir","11":"first","12":"instock","13":"taxable","14":"shipping-taxable","15":"purchasable","16":"product-type-variable","17":"has-default-attributes"},"_links":{"self":[{"href":"https:\/\/maisoncleo.com\/fr\/wp-json\/wp\/v2\/product\/368730","targetHints":{"allow":["GET"]}}],"collection":[{"href":"https:\/\/maisoncleo.com\/fr\/wp-json\/wp\/v2\/product"}],"about":[{"href":"https:\/\/maisoncleo.com\/fr\/wp-json\/wp\/v2\/types\/product"}],"version-history":[{"count":2,"href":"https:\/\/maisoncleo.com\/fr\/wp-json\/wp\/v2\/product\/368730\/revisions"}],"predecessor-version":[{"id":391202,"href":"https:\/\/maisoncleo.com\/fr\/wp-json\/wp\/v2\/product\/368730\/revisions\/391202"}],"wp:featuredmedia":[{"embeddable":true,"href":"https:\/\/maisoncleo.com\/fr\/wp-json\/wp\/v2\/media\/357040"}],"wp:attachment":[{"href":"https:\/\/maisoncleo.com\/fr\/wp-json\/wp\/v2\/media?parent=368730"}],"wp:term":[{"taxonomy":"product_brand","embeddable":true,"href":"https:\/\/maisoncleo.com\/fr\/wp-json\/wp\/v2\/product_brand?post=368730"},{"taxonomy":"product_cat","embeddable":true,"href":"https:\/\/maisoncleo.com\/fr\/wp-json\/wp\/v2\/product_cat?post=368730"},{"taxonomy":"product_tag","embeddable":true,"href":"https:\/\/maisoncleo.com\/fr\/wp-json\/wp\/v2\/product_tag?post=368730"}],"curies":[{"name":"wp","href":"https:\/\/api.w.org\/{rel}","templated":true}]}}