{"id":368694,"date":"2024-09-10T12:01:37","date_gmt":"2024-09-10T17:41:33","guid":{"rendered":"https:\/\/maisoncleo.com\/\/?post_type=product&#038;p=368694"},"modified":"2024-09-10T21:28:49","modified_gmt":"2024-09-10T19:28:49","slug":"robe-lourdes-en-crochet-transparent-fleurs-multicolores","status":"publish","type":"product","link":"https:\/\/maisoncleo.com\/fr\/shop\/robe-lourdes-en-crochet-transparent-fleurs-multicolores\/","title":{"rendered":"Robe LOURDES en crochet transparent fleurs multicolores"},"content":{"rendered":"<p>Robe en crochet transparent fleurs multicolores.<\/p>\n<p>Sans manches, plis sous la poitrine, coupe l\u00e9g\u00e8rement trap\u00e8ze.<\/p>\n<p>Tissu sp\u00e9cial vintage, unique!<\/p>\n<p>La mod\u00e8le mesure 170 cm et porte une taille S\/36.<\/p>\n<p>&nbsp;<\/p>\n","protected":false},"excerpt":{"rendered":"<p>Robe en crochet transparent fleurs multicolores. Sans manches, plis sous la poitrine, coupe l\u00e9g\u00e8rement trap\u00e8ze. Tissu sp\u00e9cial vintage, unique! La mod\u00e8le mesure&hellip;<\/p>\n","protected":false},"featured_media":356928,"template":"","meta":[],"product_brand":[],"product_cat":[668,664,661],"product_tag":[],"class_list":{"0":"post-368694","1":"product","2":"type-product","3":"status-publish","4":"has-post-thumbnail","6":"product_cat-capsule","7":"product_cat-robes","8":"product_cat-tout-voir","9":"pa_taille-l-40-2","10":"pa_taille-m-38-2","11":"pa_taille-s-36-2","12":"pa_taille-sur-mesure-fr-2","13":"pa_taille-xl-42-fr-2","14":"pa_taille-xs-34-2","16":"first","17":"outofstock","18":"taxable","19":"shipping-taxable","20":"purchasable","21":"product-type-variable"},"_links":{"self":[{"href":"https:\/\/maisoncleo.com\/fr\/wp-json\/wp\/v2\/product\/368694","targetHints":{"allow":["GET"]}}],"collection":[{"href":"https:\/\/maisoncleo.com\/fr\/wp-json\/wp\/v2\/product"}],"about":[{"href":"https:\/\/maisoncleo.com\/fr\/wp-json\/wp\/v2\/types\/product"}],"version-history":[{"count":1,"href":"https:\/\/maisoncleo.com\/fr\/wp-json\/wp\/v2\/product\/368694\/revisions"}],"predecessor-version":[{"id":368726,"href":"https:\/\/maisoncleo.com\/fr\/wp-json\/wp\/v2\/product\/368694\/revisions\/368726"}],"wp:featuredmedia":[{"embeddable":true,"href":"https:\/\/maisoncleo.com\/fr\/wp-json\/wp\/v2\/media\/356928"}],"wp:attachment":[{"href":"https:\/\/maisoncleo.com\/fr\/wp-json\/wp\/v2\/media?parent=368694"}],"wp:term":[{"taxonomy":"product_brand","embeddable":true,"href":"https:\/\/maisoncleo.com\/fr\/wp-json\/wp\/v2\/product_brand?post=368694"},{"taxonomy":"product_cat","embeddable":true,"href":"https:\/\/maisoncleo.com\/fr\/wp-json\/wp\/v2\/product_cat?post=368694"},{"taxonomy":"product_tag","embeddable":true,"href":"https:\/\/maisoncleo.com\/fr\/wp-json\/wp\/v2\/product_tag?post=368694"}],"curies":[{"name":"wp","href":"https:\/\/api.w.org\/{rel}","templated":true}]}}