{"id":368678,"date":"2024-09-10T11:59:38","date_gmt":"2024-09-10T17:41:11","guid":{"rendered":"https:\/\/maisoncleo.com\/\/?post_type=product&#038;p=368678"},"modified":"2024-09-10T21:28:46","modified_gmt":"2024-09-10T19:28:46","slug":"jupe-mi-longue-en-soie-ivoire-fleurie-evasee-isabel","status":"publish","type":"product","link":"https:\/\/maisoncleo.com\/fr\/shop\/jupe-mi-longue-en-soie-ivoire-fleurie-evasee-isabel\/","title":{"rendered":"Jupe mi-longue en soie ivoire fleurie \u00e9vas\u00e9e ISABEL"},"content":{"rendered":"<p>Jupe mi-longue en soie ivoire fleurie \u00e9vas\u00e9e. Taille \u00e9lastiqu\u00e9e. 100% soie fluide fleurie opaque. Joli imprim\u00e9 fleurs ton sur ton!<\/p>\n<p>Comme tout est fait sur commande, vous pouvez demander la longueur que vous souhaitez et nous \u00e9crire un message pendant ou apr\u00e8s votre commande.<\/p>\n<p>La mod\u00e8le mesure 170 cm et porte une taille S-36.<\/p>\n<p>&nbsp;<\/p>\n","protected":false},"excerpt":{"rendered":"<p>Jupe mi-longue en soie ivoire fleurie \u00e9vas\u00e9e. Taille \u00e9lastiqu\u00e9e. 100% soie fluide fleurie opaque. Joli imprim\u00e9 fleurs ton sur ton! Comme tout&hellip;<\/p>\n","protected":false},"featured_media":356894,"template":"","meta":[],"product_brand":[],"product_cat":[672,668,661],"product_tag":[],"class_list":{"0":"post-368678","1":"product","2":"type-product","3":"status-publish","4":"has-post-thumbnail","6":"product_cat-jupes","7":"product_cat-capsule","8":"product_cat-tout-voir","9":"pa_taille-l-40-2","10":"pa_taille-m-38-2","11":"pa_taille-s-36-2","12":"pa_taille-sur-mesure-fr-2","13":"pa_taille-xl-42-fr-2","14":"pa_taille-xs-34-2","16":"first","17":"outofstock","18":"taxable","19":"shipping-taxable","20":"purchasable","21":"product-type-variable"},"_links":{"self":[{"href":"https:\/\/maisoncleo.com\/fr\/wp-json\/wp\/v2\/product\/368678","targetHints":{"allow":["GET"]}}],"collection":[{"href":"https:\/\/maisoncleo.com\/fr\/wp-json\/wp\/v2\/product"}],"about":[{"href":"https:\/\/maisoncleo.com\/fr\/wp-json\/wp\/v2\/types\/product"}],"version-history":[{"count":1,"href":"https:\/\/maisoncleo.com\/fr\/wp-json\/wp\/v2\/product\/368678\/revisions"}],"predecessor-version":[{"id":368705,"href":"https:\/\/maisoncleo.com\/fr\/wp-json\/wp\/v2\/product\/368678\/revisions\/368705"}],"wp:featuredmedia":[{"embeddable":true,"href":"https:\/\/maisoncleo.com\/fr\/wp-json\/wp\/v2\/media\/356894"}],"wp:attachment":[{"href":"https:\/\/maisoncleo.com\/fr\/wp-json\/wp\/v2\/media?parent=368678"}],"wp:term":[{"taxonomy":"product_brand","embeddable":true,"href":"https:\/\/maisoncleo.com\/fr\/wp-json\/wp\/v2\/product_brand?post=368678"},{"taxonomy":"product_cat","embeddable":true,"href":"https:\/\/maisoncleo.com\/fr\/wp-json\/wp\/v2\/product_cat?post=368678"},{"taxonomy":"product_tag","embeddable":true,"href":"https:\/\/maisoncleo.com\/fr\/wp-json\/wp\/v2\/product_tag?post=368678"}],"curies":[{"name":"wp","href":"https:\/\/api.w.org\/{rel}","templated":true}]}}