{"id":368665,"date":"2024-09-10T11:55:20","date_gmt":"2024-09-10T09:55:20","guid":{"rendered":"https:\/\/maisoncleo.com\/\/?post_type=product&#038;p=368665"},"modified":"2025-03-03T10:44:44","modified_gmt":"2025-03-03T08:44:44","slug":"jupe-en-soie-ivoire-texturee-avec-dentelles-rebeca","status":"publish","type":"product","link":"https:\/\/maisoncleo.com\/fr\/shop\/jupe-en-soie-ivoire-texturee-avec-dentelles-rebeca\/","title":{"rendered":"Jupe en soie ivoire textur\u00e9e avec dentelles REBECA"},"content":{"rendered":"<p>Jupe mi-longue en soie ivoire textur\u00e9e avec parties en dentelle dans le bas.<\/p>\n<p>Fluide, taille \u00e9lastiqu\u00e9e, fente dans le dos. 100% soie. Joli imprim\u00e9 fleurs ton sur ton!<\/p>\n<p>Comme tout est fait sur commande, vous pouvez demander la longueur que vous souhaitez et nous \u00e9crire un message pendant ou apr\u00e8s votre commande.<\/p>\n<p>La mod\u00e8le mesure 170 cm et porte une taille S\/36.<\/p>\n<p>A lire avant d&rsquo;acheter : Les nouveaux ensembles seront faits dans une nouvelle soie textur\u00e9e, il s&rsquo;agit de la m\u00eame mais sans l&rsquo;imprim\u00e9 cercles (voir derni\u00e8re photo).<\/p>\n<p>&nbsp;<\/p>\n","protected":false},"excerpt":{"rendered":"<p>Jupe mi-longue en soie ivoire textur\u00e9e avec parties en dentelle dans le bas. Fluide, taille \u00e9lastiqu\u00e9e, fente dans le dos. 100% soie.&hellip;<\/p>\n","protected":false},"featured_media":357121,"template":"","meta":[],"product_brand":[],"product_cat":[672,958,668,661],"product_tag":[],"class_list":{"0":"post-368665","1":"product","2":"type-product","3":"status-publish","4":"has-post-thumbnail","6":"product_cat-jupes","7":"product_cat-mariage-selection","8":"product_cat-capsule","9":"product_cat-tout-voir","11":"first","12":"instock","13":"taxable","14":"shipping-taxable","15":"purchasable","16":"product-type-variable"},"_links":{"self":[{"href":"https:\/\/maisoncleo.com\/fr\/wp-json\/wp\/v2\/product\/368665","targetHints":{"allow":["GET"]}}],"collection":[{"href":"https:\/\/maisoncleo.com\/fr\/wp-json\/wp\/v2\/product"}],"about":[{"href":"https:\/\/maisoncleo.com\/fr\/wp-json\/wp\/v2\/types\/product"}],"version-history":[{"count":2,"href":"https:\/\/maisoncleo.com\/fr\/wp-json\/wp\/v2\/product\/368665\/revisions"}],"predecessor-version":[{"id":383984,"href":"https:\/\/maisoncleo.com\/fr\/wp-json\/wp\/v2\/product\/368665\/revisions\/383984"}],"wp:featuredmedia":[{"embeddable":true,"href":"https:\/\/maisoncleo.com\/fr\/wp-json\/wp\/v2\/media\/357121"}],"wp:attachment":[{"href":"https:\/\/maisoncleo.com\/fr\/wp-json\/wp\/v2\/media?parent=368665"}],"wp:term":[{"taxonomy":"product_brand","embeddable":true,"href":"https:\/\/maisoncleo.com\/fr\/wp-json\/wp\/v2\/product_brand?post=368665"},{"taxonomy":"product_cat","embeddable":true,"href":"https:\/\/maisoncleo.com\/fr\/wp-json\/wp\/v2\/product_cat?post=368665"},{"taxonomy":"product_tag","embeddable":true,"href":"https:\/\/maisoncleo.com\/fr\/wp-json\/wp\/v2\/product_tag?post=368665"}],"curies":[{"name":"wp","href":"https:\/\/api.w.org\/{rel}","templated":true}]}}