{"id":368664,"date":"2024-09-10T11:55:20","date_gmt":"2024-09-10T17:40:26","guid":{"rendered":"https:\/\/maisoncleo.com\/\/?post_type=product&#038;p=368664"},"modified":"2025-05-26T16:15:27","modified_gmt":"2025-05-26T14:15:27","slug":"robe-felisa-dos-nu-fluide-volantee-en-soie-texturee-ecrue-et-volants","status":"publish","type":"product","link":"https:\/\/maisoncleo.com\/fr\/shop\/robe-felisa-dos-nu-fluide-volantee-en-soie-texturee-ecrue-et-volants\/","title":{"rendered":"Robe FELISA dos nu fluide volant\u00e9e en soie textur\u00e9e \u00e9crue et volants"},"content":{"rendered":"<p>Robe dos nu fluide volant\u00e9e en soie textur\u00e9e \u00e9crue et volants.<\/p>\n<p>Votre robe pr\u00e9f\u00e9r\u00e9e est de retour dans un tout nouveau motif &lt;3<\/p>\n<p>Longs volants dans le dos. D\u00e9tails volants sur le tour de cou et les ourlets, finition bourdon. Fermeture \u00e0 un bouton. Soie fluide. 100% soie. Doubl\u00e9e en soie \u00e9crue.<\/p>\n<p>Longueur totale \u00e0 plat: 75 cm. Profondeur de dos: 50 cm.<\/p>\n<p>La mod\u00e8le mesure 1m70 et porte une taille S-36. La mod\u00e8le des derni\u00e8res photos porte une taille 40\/L.<\/p>\n","protected":false},"excerpt":{"rendered":"<p>Robe dos nu fluide volant\u00e9e en soie textur\u00e9e \u00e9crue et volants. Votre robe pr\u00e9f\u00e9r\u00e9e est de retour dans un tout nouveau motif&hellip;<\/p>\n","protected":false},"featured_media":356810,"template":"","meta":[],"product_brand":[],"product_cat":[958,668,664,661],"product_tag":[],"class_list":{"0":"post-368664","1":"product","2":"type-product","3":"status-publish","4":"has-post-thumbnail","6":"product_cat-mariage-selection","7":"product_cat-capsule","8":"product_cat-robes","9":"product_cat-tout-voir","10":"pa_taille-l-40-2","11":"pa_taille-m-38-2","12":"pa_taille-s-36-2","13":"pa_taille-sur-mesure-fr-2","14":"pa_taille-xl-42-fr-2","15":"pa_taille-xs-34-2","17":"first","18":"outofstock","19":"taxable","20":"shipping-taxable","21":"purchasable","22":"product-type-variable"},"_links":{"self":[{"href":"https:\/\/maisoncleo.com\/fr\/wp-json\/wp\/v2\/product\/368664","targetHints":{"allow":["GET"]}}],"collection":[{"href":"https:\/\/maisoncleo.com\/fr\/wp-json\/wp\/v2\/product"}],"about":[{"href":"https:\/\/maisoncleo.com\/fr\/wp-json\/wp\/v2\/types\/product"}],"version-history":[{"count":1,"href":"https:\/\/maisoncleo.com\/fr\/wp-json\/wp\/v2\/product\/368664\/revisions"}],"predecessor-version":[{"id":368696,"href":"https:\/\/maisoncleo.com\/fr\/wp-json\/wp\/v2\/product\/368664\/revisions\/368696"}],"wp:featuredmedia":[{"embeddable":true,"href":"https:\/\/maisoncleo.com\/fr\/wp-json\/wp\/v2\/media\/356810"}],"wp:attachment":[{"href":"https:\/\/maisoncleo.com\/fr\/wp-json\/wp\/v2\/media?parent=368664"}],"wp:term":[{"taxonomy":"product_brand","embeddable":true,"href":"https:\/\/maisoncleo.com\/fr\/wp-json\/wp\/v2\/product_brand?post=368664"},{"taxonomy":"product_cat","embeddable":true,"href":"https:\/\/maisoncleo.com\/fr\/wp-json\/wp\/v2\/product_cat?post=368664"},{"taxonomy":"product_tag","embeddable":true,"href":"https:\/\/maisoncleo.com\/fr\/wp-json\/wp\/v2\/product_tag?post=368664"}],"curies":[{"name":"wp","href":"https:\/\/api.w.org\/{rel}","templated":true}]}}