{"id":368638,"date":"2024-09-10T11:54:27","date_gmt":"2024-09-10T09:54:27","guid":{"rendered":"https:\/\/maisoncleo.com\/\/?post_type=product&#038;p=368638"},"modified":"2026-04-04T10:52:29","modified_gmt":"2026-04-04T08:52:29","slug":"mini-jupe-taille-haute-en-dentelle-blanche-et-soie-teila","status":"publish","type":"product","link":"https:\/\/maisoncleo.com\/fr\/shop\/mini-jupe-taille-haute-en-dentelle-blanche-et-soie-teila\/","title":{"rendered":"Mini jupe taille haute en dentelle blanche et soie TEILA"},"content":{"rendered":"<p>Mini jupe taille haute en dentelle blanche et soie.<\/p>\n<p>Dentelle fleurie, doubl\u00e9e avec de l&rsquo;organza de soie blanche pour la rendre opaque.<\/p>\n<p>Coupe trap\u00e8ze, taille haute. Fermeture \u00e9clair dans le dos.<\/p>\n<p>Longueur : 34 cm.<\/p>\n<p>La mod\u00e8le mesure 1m70 et porte une taille S\/36. La mod\u00e8le des trois derni\u00e8res photos porte une taille 40\/L.<\/p>\n<p>A noter : Le tissu dentelle d&rsquo;origine des photos port\u00e9es est maintenant \u00e9puis\u00e9. La blouse et l&rsquo;ensemble seront maintenant faits avec la nouvelle dentelle visible sur les deux derni\u00e8res photos. Il s&rsquo;agit d&rsquo;une dentelle avec des petites fleurs que nous trouvons encore plus jolie \ud83d\ude42<\/p>\n","protected":false},"excerpt":{"rendered":"<p>Mini jupe taille haute en dentelle blanche et soie. Dentelle fleurie, doubl\u00e9e avec de l&rsquo;organza de soie blanche pour la rendre opaque.&hellip;<\/p>\n","protected":false},"featured_media":356733,"template":"","meta":[],"product_brand":[],"product_cat":[672,958,668,661],"product_tag":[],"class_list":{"0":"post-368638","1":"product","2":"type-product","3":"status-publish","4":"has-post-thumbnail","6":"product_cat-jupes","7":"product_cat-mariage-selection","8":"product_cat-capsule","9":"product_cat-tout-voir","11":"first","12":"instock","13":"taxable","14":"shipping-taxable","15":"purchasable","16":"product-type-variable"},"_links":{"self":[{"href":"https:\/\/maisoncleo.com\/fr\/wp-json\/wp\/v2\/product\/368638","targetHints":{"allow":["GET"]}}],"collection":[{"href":"https:\/\/maisoncleo.com\/fr\/wp-json\/wp\/v2\/product"}],"about":[{"href":"https:\/\/maisoncleo.com\/fr\/wp-json\/wp\/v2\/types\/product"}],"version-history":[{"count":2,"href":"https:\/\/maisoncleo.com\/fr\/wp-json\/wp\/v2\/product\/368638\/revisions"}],"predecessor-version":[{"id":389977,"href":"https:\/\/maisoncleo.com\/fr\/wp-json\/wp\/v2\/product\/368638\/revisions\/389977"}],"wp:featuredmedia":[{"embeddable":true,"href":"https:\/\/maisoncleo.com\/fr\/wp-json\/wp\/v2\/media\/356733"}],"wp:attachment":[{"href":"https:\/\/maisoncleo.com\/fr\/wp-json\/wp\/v2\/media?parent=368638"}],"wp:term":[{"taxonomy":"product_brand","embeddable":true,"href":"https:\/\/maisoncleo.com\/fr\/wp-json\/wp\/v2\/product_brand?post=368638"},{"taxonomy":"product_cat","embeddable":true,"href":"https:\/\/maisoncleo.com\/fr\/wp-json\/wp\/v2\/product_cat?post=368638"},{"taxonomy":"product_tag","embeddable":true,"href":"https:\/\/maisoncleo.com\/fr\/wp-json\/wp\/v2\/product_tag?post=368638"}],"curies":[{"name":"wp","href":"https:\/\/api.w.org\/{rel}","templated":true}]}}