{"id":368637,"date":"2024-09-10T11:54:27","date_gmt":"2024-09-10T09:54:27","guid":{"rendered":"https:\/\/maisoncleo.com\/\/?post_type=product&#038;p=368637"},"modified":"2026-04-04T10:52:26","modified_gmt":"2026-04-04T08:52:26","slug":"blouse-agnes-blanche-en-dentelle-fleurie-et-soie","status":"publish","type":"product","link":"https:\/\/maisoncleo.com\/fr\/shop\/blouse-agnes-blanche-en-dentelle-fleurie-et-soie\/","title":{"rendered":"Blouse Agnes blanche en dentelle fleurie et soie"},"content":{"rendered":"<p>Notre blouse signature Agnes dans une version dentelle blanche. Doubl\u00e9e en organza de soie blanche pour la rendre opaque.<\/p>\n<p>Manches bouffantes 3\/4, deux liens sur le devant.<\/p>\n<p>A porter avec un jean ou avec la jupe assortie.<\/p>\n<p>La mod\u00e8le mesure 1m70 et porte une taille S\/36. La mod\u00e8le des trois derni\u00e8res photos porte une taille 40\/L.<\/p>\n<p>A noter : Le tissu dentelle d&rsquo;origine des photos port\u00e9es est maintenant \u00e9puis\u00e9. La blouse et l&rsquo;ensemble seront maintenant faits avec la nouvelle dentelle visible sur les deux derni\u00e8res photos. Il s&rsquo;agit d&rsquo;une dentelle avec des petites fleurs que nous trouvons encore plus jolie \ud83d\ude42<\/p>\n","protected":false},"excerpt":{"rendered":"<p>Notre blouse signature Agnes dans une version dentelle blanche. Doubl\u00e9e en organza de soie blanche pour la rendre opaque. Manches bouffantes 3\/4,&hellip;<\/p>\n","protected":false},"featured_media":356726,"template":"","meta":[],"product_brand":[],"product_cat":[663,958,668,674,661],"product_tag":[],"class_list":{"0":"post-368637","1":"product","2":"type-product","3":"status-publish","4":"has-post-thumbnail","6":"product_cat-blouses","7":"product_cat-mariage-selection","8":"product_cat-capsule","9":"product_cat-tops","10":"product_cat-tout-voir","11":"pa_taille-l-40-2","12":"pa_taille-m-38-2","13":"pa_taille-s-36-2","14":"pa_taille-sur-mesure-fr-2","15":"pa_taille-xl-42-fr-2","16":"pa_taille-xs-34-2","18":"first","19":"instock","20":"taxable","21":"shipping-taxable","22":"purchasable","23":"product-type-variable"},"_links":{"self":[{"href":"https:\/\/maisoncleo.com\/fr\/wp-json\/wp\/v2\/product\/368637","targetHints":{"allow":["GET"]}}],"collection":[{"href":"https:\/\/maisoncleo.com\/fr\/wp-json\/wp\/v2\/product"}],"about":[{"href":"https:\/\/maisoncleo.com\/fr\/wp-json\/wp\/v2\/types\/product"}],"version-history":[{"count":4,"href":"https:\/\/maisoncleo.com\/fr\/wp-json\/wp\/v2\/product\/368637\/revisions"}],"predecessor-version":[{"id":389983,"href":"https:\/\/maisoncleo.com\/fr\/wp-json\/wp\/v2\/product\/368637\/revisions\/389983"}],"wp:featuredmedia":[{"embeddable":true,"href":"https:\/\/maisoncleo.com\/fr\/wp-json\/wp\/v2\/media\/356726"}],"wp:attachment":[{"href":"https:\/\/maisoncleo.com\/fr\/wp-json\/wp\/v2\/media?parent=368637"}],"wp:term":[{"taxonomy":"product_brand","embeddable":true,"href":"https:\/\/maisoncleo.com\/fr\/wp-json\/wp\/v2\/product_brand?post=368637"},{"taxonomy":"product_cat","embeddable":true,"href":"https:\/\/maisoncleo.com\/fr\/wp-json\/wp\/v2\/product_cat?post=368637"},{"taxonomy":"product_tag","embeddable":true,"href":"https:\/\/maisoncleo.com\/fr\/wp-json\/wp\/v2\/product_tag?post=368637"}],"curies":[{"name":"wp","href":"https:\/\/api.w.org\/{rel}","templated":true}]}}