{"id":368617,"date":"2024-09-10T11:52:02","date_gmt":"2024-09-10T17:39:15","guid":{"rendered":"https:\/\/maisoncleo.com\/\/?post_type=product&#038;p=368617"},"modified":"2025-05-07T15:54:31","modified_gmt":"2025-05-07T13:54:31","slug":"robe-longue-romantique-morane-en-soie-dore-jacquard","status":"publish","type":"product","link":"https:\/\/maisoncleo.com\/fr\/shop\/robe-longue-romantique-morane-en-soie-dore-jacquard\/","title":{"rendered":"Robe longue romantique MORANE en soie dor\u00e9 jacquard"},"content":{"rendered":"<p>Vous l&rsquo;adoriez, la voici de retour dans une nouvelle soie jacquard dor\u00e9e! La version \u00ab\u00a0La Belle et la B\u00eate\u00a0\u00bb.<\/p>\n<p>Robe longue romantique en soie jacquard dor\u00e9 l\u00e9g\u00e8rement satin\u00e9.<\/p>\n<p>Manches courtes bouffantes \u00e9lastiques, d\u00e9collet\u00e9 montant se fermant avec un lien dans le haut du cou, d\u00e9coupe au niveau de la poitrine. Coupe ajust\u00e9e et fluide dans le bas avec une finition traditionnelle en point bourdon. Fermeture \u00e9clair invisible sur le c\u00f4t\u00e9.<\/p>\n<p>La mod\u00e8le mesure 1m74 et porte une taille S-36.<\/p>\n<p>Nous ne pouvons faire que 5 robes dans ce tissu sp\u00e9cial.<\/p>\n","protected":false},"excerpt":{"rendered":"<p>Vous l&rsquo;adoriez, la voici de retour dans une nouvelle soie jacquard dor\u00e9e! La version \u00ab\u00a0La Belle et la B\u00eate\u00a0\u00bb. Robe longue romantique&hellip;<\/p>\n","protected":false},"featured_media":356676,"template":"","meta":[],"product_brand":[],"product_cat":[668,664,661],"product_tag":[],"class_list":{"0":"post-368617","1":"product","2":"type-product","3":"status-publish","4":"has-post-thumbnail","6":"product_cat-capsule","7":"product_cat-robes","8":"product_cat-tout-voir","9":"pa_taille-l-40-2","10":"pa_taille-m-38-2","11":"pa_taille-s-36-2","12":"pa_taille-sur-mesure-fr-2","13":"pa_taille-xl-42-fr-2","14":"pa_taille-xs-34-2","16":"first","17":"instock","18":"taxable","19":"shipping-taxable","20":"purchasable","21":"product-type-variable"},"_links":{"self":[{"href":"https:\/\/maisoncleo.com\/fr\/wp-json\/wp\/v2\/product\/368617","targetHints":{"allow":["GET"]}}],"collection":[{"href":"https:\/\/maisoncleo.com\/fr\/wp-json\/wp\/v2\/product"}],"about":[{"href":"https:\/\/maisoncleo.com\/fr\/wp-json\/wp\/v2\/types\/product"}],"version-history":[{"count":1,"href":"https:\/\/maisoncleo.com\/fr\/wp-json\/wp\/v2\/product\/368617\/revisions"}],"predecessor-version":[{"id":368639,"href":"https:\/\/maisoncleo.com\/fr\/wp-json\/wp\/v2\/product\/368617\/revisions\/368639"}],"wp:featuredmedia":[{"embeddable":true,"href":"https:\/\/maisoncleo.com\/fr\/wp-json\/wp\/v2\/media\/356676"}],"wp:attachment":[{"href":"https:\/\/maisoncleo.com\/fr\/wp-json\/wp\/v2\/media?parent=368617"}],"wp:term":[{"taxonomy":"product_brand","embeddable":true,"href":"https:\/\/maisoncleo.com\/fr\/wp-json\/wp\/v2\/product_brand?post=368617"},{"taxonomy":"product_cat","embeddable":true,"href":"https:\/\/maisoncleo.com\/fr\/wp-json\/wp\/v2\/product_cat?post=368617"},{"taxonomy":"product_tag","embeddable":true,"href":"https:\/\/maisoncleo.com\/fr\/wp-json\/wp\/v2\/product_tag?post=368617"}],"curies":[{"name":"wp","href":"https:\/\/api.w.org\/{rel}","templated":true}]}}