{"id":368562,"date":"2024-09-10T11:45:14","date_gmt":"2024-09-10T17:37:08","guid":{"rendered":"https:\/\/maisoncleo.com\/\/?post_type=product&#038;p=368562"},"modified":"2024-09-10T21:28:25","modified_gmt":"2024-09-10T19:28:25","slug":"la-badoule-robe-dos-nu-martine-en-coton-fleurs-multi-evasee","status":"publish","type":"product","link":"https:\/\/maisoncleo.com\/fr\/shop\/la-badoule-robe-dos-nu-martine-en-coton-fleurs-multi-evasee\/","title":{"rendered":"LA BADOULE &#8211; Robe dos nu MARTINE en coton fleurs multi \u00e9vas\u00e9e"},"content":{"rendered":"<p>Robe dos nu en coton fleurs multi \u00e9vas\u00e9e.<\/p>\n<p>Larges bretelles \u00e0 nouer dans le cou, coupe \u00e9vas\u00e9e, rang\u00e9e de volants sur le d\u00e9collet\u00e9, lien \u00e0 nouer sur le devant.<\/p>\n<p>100% coton.<\/p>\n<p>LOOK de notre pr\u00e9 collection printemps \u00e9t\u00e9 \u201cLA BADOULE\u201d.<\/p>\n<p>La mod\u00e8le mesure 1m74 et porte une taille S\/36.<\/p>\n","protected":false},"excerpt":{"rendered":"<p>Robe dos nu en coton fleurs multi \u00e9vas\u00e9e. Larges bretelles \u00e0 nouer dans le cou, coupe \u00e9vas\u00e9e, rang\u00e9e de volants sur le&hellip;<\/p>\n","protected":false},"featured_media":356558,"template":"","meta":[],"product_brand":[],"product_cat":[668,664,661],"product_tag":[],"class_list":{"0":"post-368562","1":"product","2":"type-product","3":"status-publish","4":"has-post-thumbnail","6":"product_cat-capsule","7":"product_cat-robes","8":"product_cat-tout-voir","9":"pa_taille-l-40-2","10":"pa_taille-m-38-2","11":"pa_taille-s-36-2","12":"pa_taille-sur-mesure-fr-2","13":"pa_taille-xl-42-fr-2","14":"pa_taille-xs-34-2","16":"first","17":"instock","18":"taxable","19":"shipping-taxable","20":"purchasable","21":"product-type-variable"},"_links":{"self":[{"href":"https:\/\/maisoncleo.com\/fr\/wp-json\/wp\/v2\/product\/368562","targetHints":{"allow":["GET"]}}],"collection":[{"href":"https:\/\/maisoncleo.com\/fr\/wp-json\/wp\/v2\/product"}],"about":[{"href":"https:\/\/maisoncleo.com\/fr\/wp-json\/wp\/v2\/types\/product"}],"version-history":[{"count":1,"href":"https:\/\/maisoncleo.com\/fr\/wp-json\/wp\/v2\/product\/368562\/revisions"}],"predecessor-version":[{"id":368602,"href":"https:\/\/maisoncleo.com\/fr\/wp-json\/wp\/v2\/product\/368562\/revisions\/368602"}],"wp:featuredmedia":[{"embeddable":true,"href":"https:\/\/maisoncleo.com\/fr\/wp-json\/wp\/v2\/media\/356558"}],"wp:attachment":[{"href":"https:\/\/maisoncleo.com\/fr\/wp-json\/wp\/v2\/media?parent=368562"}],"wp:term":[{"taxonomy":"product_brand","embeddable":true,"href":"https:\/\/maisoncleo.com\/fr\/wp-json\/wp\/v2\/product_brand?post=368562"},{"taxonomy":"product_cat","embeddable":true,"href":"https:\/\/maisoncleo.com\/fr\/wp-json\/wp\/v2\/product_cat?post=368562"},{"taxonomy":"product_tag","embeddable":true,"href":"https:\/\/maisoncleo.com\/fr\/wp-json\/wp\/v2\/product_tag?post=368562"}],"curies":[{"name":"wp","href":"https:\/\/api.w.org\/{rel}","templated":true}]}}