{"id":368481,"date":"2024-09-10T11:37:58","date_gmt":"2024-09-10T17:34:24","guid":{"rendered":"https:\/\/maisoncleo.com\/\/?post_type=product&#038;p=368481"},"modified":"2024-09-10T21:28:12","modified_gmt":"2024-09-10T19:28:12","slug":"la-badoule-jupe-talya-en-soie-beige-et-dentelle-creme-volantee","status":"publish","type":"product","link":"https:\/\/maisoncleo.com\/fr\/shop\/la-badoule-jupe-talya-en-soie-beige-et-dentelle-creme-volantee\/","title":{"rendered":"LA BADOULE &#8211; Jupe TALYA en soie beige et dentelle cr\u00e8me volant\u00e9e"},"content":{"rendered":"<p>Jupe en soie beige et dentelle cr\u00e8me volant\u00e9e.<\/p>\n<p>Taille \u00e9lastiqu\u00e9e, bande de dentelle cr\u00e8me dans le bas, volant\u00e9e en soie sauvage beige dans le bas.<\/p>\n<p>100% soie et dentelle. A porter avec notre top assorti.<\/p>\n<p>La jupe chou \u00e0 la cr\u00e8me!<\/p>\n<p>LOOK de notre pr\u00e9 collection printemps \u00e9t\u00e9 \u201cLA BADOULE\u201d.<\/p>\n<p>La mod\u00e8le mesure 1m74 et porte une taille S\/36.<\/p>\n","protected":false},"excerpt":{"rendered":"<p>Jupe en soie beige et dentelle cr\u00e8me volant\u00e9e. Taille \u00e9lastiqu\u00e9e, bande de dentelle cr\u00e8me dans le bas, volant\u00e9e en soie sauvage beige&hellip;<\/p>\n","protected":false},"featured_media":356361,"template":"","meta":[],"product_brand":[],"product_cat":[672,668,661],"product_tag":[],"class_list":{"0":"post-368481","1":"product","2":"type-product","3":"status-publish","4":"has-post-thumbnail","6":"product_cat-jupes","7":"product_cat-capsule","8":"product_cat-tout-voir","9":"pa_taille-l-40-2","10":"pa_taille-m-38-2","11":"pa_taille-s-36-2","12":"pa_taille-sur-mesure-fr-2","13":"pa_taille-xl-42-fr-2","14":"pa_taille-xs-34-2","16":"first","17":"instock","18":"taxable","19":"shipping-taxable","20":"purchasable","21":"product-type-variable"},"_links":{"self":[{"href":"https:\/\/maisoncleo.com\/fr\/wp-json\/wp\/v2\/product\/368481","targetHints":{"allow":["GET"]}}],"collection":[{"href":"https:\/\/maisoncleo.com\/fr\/wp-json\/wp\/v2\/product"}],"about":[{"href":"https:\/\/maisoncleo.com\/fr\/wp-json\/wp\/v2\/types\/product"}],"version-history":[{"count":1,"href":"https:\/\/maisoncleo.com\/fr\/wp-json\/wp\/v2\/product\/368481\/revisions"}],"predecessor-version":[{"id":368515,"href":"https:\/\/maisoncleo.com\/fr\/wp-json\/wp\/v2\/product\/368481\/revisions\/368515"}],"wp:featuredmedia":[{"embeddable":true,"href":"https:\/\/maisoncleo.com\/fr\/wp-json\/wp\/v2\/media\/356361"}],"wp:attachment":[{"href":"https:\/\/maisoncleo.com\/fr\/wp-json\/wp\/v2\/media?parent=368481"}],"wp:term":[{"taxonomy":"product_brand","embeddable":true,"href":"https:\/\/maisoncleo.com\/fr\/wp-json\/wp\/v2\/product_brand?post=368481"},{"taxonomy":"product_cat","embeddable":true,"href":"https:\/\/maisoncleo.com\/fr\/wp-json\/wp\/v2\/product_cat?post=368481"},{"taxonomy":"product_tag","embeddable":true,"href":"https:\/\/maisoncleo.com\/fr\/wp-json\/wp\/v2\/product_tag?post=368481"}],"curies":[{"name":"wp","href":"https:\/\/api.w.org\/{rel}","templated":true}]}}