{"id":368480,"date":"2024-09-10T11:37:58","date_gmt":"2024-09-10T17:34:24","guid":{"rendered":"https:\/\/maisoncleo.com\/\/?post_type=product&#038;p=368480"},"modified":"2024-09-10T21:28:11","modified_gmt":"2024-09-10T19:28:11","slug":"la-badoule-top-ella-en-soie-sauvage-beige-et-dentelle-creme","status":"publish","type":"product","link":"https:\/\/maisoncleo.com\/fr\/shop\/la-badoule-top-ella-en-soie-sauvage-beige-et-dentelle-creme\/","title":{"rendered":"LA BADOULE &#8211; Top ELLA en soie sauvage beige et dentelle cr\u00e8me"},"content":{"rendered":"<p>Top en soie sauvage beige et dentelle cr\u00e8me.<\/p>\n<p>Petites manches \u00e9lastiqu\u00e9es \u00e0 porter sur les \u00e9paules ou en \u00e9paules d\u00e9couvertes, trois liens sur le devant. Joli m\u00e9lange de soie beige et de dentelles cr\u00e8me.<\/p>\n<p>LOOK de notre pr\u00e9 collection printemps \u00e9t\u00e9 \u00ab\u00a0LA BADOULE\u00a0\u00bb.<\/p>\n<p>La mod\u00e8le mesure 1m74 et porte une taille S\/36.<\/p>\n","protected":false},"excerpt":{"rendered":"<p>Top en soie sauvage beige et dentelle cr\u00e8me. Petites manches \u00e9lastiqu\u00e9es \u00e0 porter sur les \u00e9paules ou en \u00e9paules d\u00e9couvertes, trois liens&hellip;<\/p>\n","protected":false},"featured_media":356356,"template":"","meta":[],"product_brand":[],"product_cat":[663,668,674,661],"product_tag":[],"class_list":{"0":"post-368480","1":"product","2":"type-product","3":"status-publish","4":"has-post-thumbnail","6":"product_cat-blouses","7":"product_cat-capsule","8":"product_cat-tops","9":"product_cat-tout-voir","10":"pa_taille-l-40-2","11":"pa_taille-m-38-2","12":"pa_taille-s-36-2","13":"pa_taille-sur-mesure-fr-2","14":"pa_taille-taille-unique-2","15":"pa_taille-xl-42-fr-2","16":"pa_taille-xs-34-2","18":"first","19":"instock","20":"taxable","21":"shipping-taxable","22":"purchasable","23":"product-type-variable"},"_links":{"self":[{"href":"https:\/\/maisoncleo.com\/fr\/wp-json\/wp\/v2\/product\/368480","targetHints":{"allow":["GET"]}}],"collection":[{"href":"https:\/\/maisoncleo.com\/fr\/wp-json\/wp\/v2\/product"}],"about":[{"href":"https:\/\/maisoncleo.com\/fr\/wp-json\/wp\/v2\/types\/product"}],"version-history":[{"count":1,"href":"https:\/\/maisoncleo.com\/fr\/wp-json\/wp\/v2\/product\/368480\/revisions"}],"predecessor-version":[{"id":368503,"href":"https:\/\/maisoncleo.com\/fr\/wp-json\/wp\/v2\/product\/368480\/revisions\/368503"}],"wp:featuredmedia":[{"embeddable":true,"href":"https:\/\/maisoncleo.com\/fr\/wp-json\/wp\/v2\/media\/356356"}],"wp:attachment":[{"href":"https:\/\/maisoncleo.com\/fr\/wp-json\/wp\/v2\/media?parent=368480"}],"wp:term":[{"taxonomy":"product_brand","embeddable":true,"href":"https:\/\/maisoncleo.com\/fr\/wp-json\/wp\/v2\/product_brand?post=368480"},{"taxonomy":"product_cat","embeddable":true,"href":"https:\/\/maisoncleo.com\/fr\/wp-json\/wp\/v2\/product_cat?post=368480"},{"taxonomy":"product_tag","embeddable":true,"href":"https:\/\/maisoncleo.com\/fr\/wp-json\/wp\/v2\/product_tag?post=368480"}],"curies":[{"name":"wp","href":"https:\/\/api.w.org\/{rel}","templated":true}]}}