{"id":368396,"date":"2024-09-10T11:28:51","date_gmt":"2024-09-10T17:31:40","guid":{"rendered":"https:\/\/maisoncleo.com\/\/?post_type=product&#038;p=368396"},"modified":"2024-09-10T21:28:22","modified_gmt":"2024-09-10T19:28:22","slug":"la-badoule-t-shirt-en-jersey-blanc-calais-city-avec-voiture-rose","status":"publish","type":"product","link":"https:\/\/maisoncleo.com\/fr\/shop\/la-badoule-t-shirt-en-jersey-blanc-calais-city-avec-voiture-rose\/","title":{"rendered":"LA BADOULE &#8211; T-shirt en jersey blanc Calais city avec voiture rose"},"content":{"rendered":"<p id=\"tw-target-text\" class=\"tw-data-text tw-text-large tw-ta\" dir=\"ltr\" data-placeholder=\"Traduction\">T-shirt en jersey blanc avec voiture rose.<\/p>\n<p dir=\"ltr\" data-placeholder=\"Traduction\">Voiture immatricul\u00e9e \u00ab\u00a062\u00a0\u00bb, qui est le d\u00e9partement du Pas-de-Calais d&rsquo;o\u00f9 Marie Dewet vient.<\/p>\n<p dir=\"ltr\" data-placeholder=\"Traduction\">Couleur blanc, manches courtes.<\/p>\n<p dir=\"ltr\" data-placeholder=\"Traduction\">100% jersey de coton.<\/p>\n<p>LOOK de notre pr\u00e9 collection printemps \u00e9t\u00e9 \u201cLa BADOULE\u201d.<\/p>\n<p>La mod\u00e8le mesure 1m74 et porte une taille S\/36.<\/p>\n","protected":false},"excerpt":{"rendered":"<p>T-shirt en jersey blanc avec voiture rose. Voiture immatricul\u00e9e \u00ab\u00a062\u00a0\u00bb, qui est le d\u00e9partement du Pas-de-Calais d&rsquo;o\u00f9 Marie Dewet vient. Couleur blanc,&hellip;<\/p>\n","protected":false},"featured_media":356504,"template":"","meta":[],"product_brand":[],"product_cat":[668,674,661],"product_tag":[],"class_list":{"0":"post-368396","1":"product","2":"type-product","3":"status-publish","4":"has-post-thumbnail","6":"product_cat-capsule","7":"product_cat-tops","8":"product_cat-tout-voir","9":"pa_taille-l-40-2","10":"pa_taille-m-38-2","11":"pa_taille-s-36-2","12":"pa_taille-sur-mesure-fr-2","13":"pa_taille-xl-42-fr-2","14":"pa_taille-xs-34-2","16":"first","17":"outofstock","18":"taxable","19":"shipping-taxable","20":"purchasable","21":"product-type-variable"},"_links":{"self":[{"href":"https:\/\/maisoncleo.com\/fr\/wp-json\/wp\/v2\/product\/368396","targetHints":{"allow":["GET"]}}],"collection":[{"href":"https:\/\/maisoncleo.com\/fr\/wp-json\/wp\/v2\/product"}],"about":[{"href":"https:\/\/maisoncleo.com\/fr\/wp-json\/wp\/v2\/types\/product"}],"version-history":[{"count":1,"href":"https:\/\/maisoncleo.com\/fr\/wp-json\/wp\/v2\/product\/368396\/revisions"}],"predecessor-version":[{"id":368574,"href":"https:\/\/maisoncleo.com\/fr\/wp-json\/wp\/v2\/product\/368396\/revisions\/368574"}],"wp:featuredmedia":[{"embeddable":true,"href":"https:\/\/maisoncleo.com\/fr\/wp-json\/wp\/v2\/media\/356504"}],"wp:attachment":[{"href":"https:\/\/maisoncleo.com\/fr\/wp-json\/wp\/v2\/media?parent=368396"}],"wp:term":[{"taxonomy":"product_brand","embeddable":true,"href":"https:\/\/maisoncleo.com\/fr\/wp-json\/wp\/v2\/product_brand?post=368396"},{"taxonomy":"product_cat","embeddable":true,"href":"https:\/\/maisoncleo.com\/fr\/wp-json\/wp\/v2\/product_cat?post=368396"},{"taxonomy":"product_tag","embeddable":true,"href":"https:\/\/maisoncleo.com\/fr\/wp-json\/wp\/v2\/product_tag?post=368396"}],"curies":[{"name":"wp","href":"https:\/\/api.w.org\/{rel}","templated":true}]}}