{"id":368330,"date":"2024-09-10T11:25:18","date_gmt":"2024-09-10T17:29:04","guid":{"rendered":"https:\/\/maisoncleo.com\/\/?post_type=product&#038;p=368330"},"modified":"2024-10-15T12:40:26","modified_gmt":"2024-10-15T10:40:26","slug":"la-badoule-look-26-blouse-cache-coeur-julienne-en-coton-rouge-a-carreaux","status":"publish","type":"product","link":"https:\/\/maisoncleo.com\/fr\/shop\/la-badoule-look-26-blouse-cache-coeur-julienne-en-coton-rouge-a-carreaux\/","title":{"rendered":"LA BADOULE LOOK 26 &#8211; Blouse cache-coeur JULIENNE en coton rouge \u00e0 carreaux"},"content":{"rendered":"<p id=\"tw-target-text\" class=\"tw-data-text tw-text-large tw-ta\" dir=\"ltr\" data-placeholder=\"Traduction\">Blouse cache-coeur en coton rouge \u00e0 carreaux.<\/p>\n<p dir=\"ltr\" data-placeholder=\"Traduction\">La petite soeur de notre blouse Julie! La version sans manches.<\/p>\n<p class=\"tw-data-text tw-text-large tw-ta\" dir=\"ltr\" data-placeholder=\"Traduction\"><span class=\"Y2IQFc\" lang=\"fr\">Coupe cache-coeur, grand col pointu, liens \u00e0 nouer sur la taille ou dans le dos.<\/span><\/p>\n<p class=\"tw-data-text tw-text-large tw-ta\" dir=\"ltr\" data-placeholder=\"Traduction\">100% coton.<\/p>\n<p>LOOK 26 de notre pr\u00e9 collection printemps \u00e9t\u00e9 \u201cLa BADOULE\u201d.<\/p>\n<p>La mod\u00e8le mesure 1m74 et porte une taille S\/36.<\/p>\n<p>A LIRE AVANT DE PASSER COMMANDE : Ce tissu original est sold out. A partir de maintenant les commandes dans cette jupe seront faites avec le tissu \u00e0 carreaux rouge de la derni\u00e8re photo. Il est tr\u00e8s similaire comme vous pouvez le voir! \ud83d\ude42<\/p>\n","protected":false},"excerpt":{"rendered":"<p>Blouse cache-coeur en coton rouge \u00e0 carreaux. La petite soeur de notre blouse Julie! La version sans manches. Coupe cache-coeur, grand col&hellip;<\/p>\n","protected":false},"featured_media":356066,"template":"","meta":[],"product_brand":[],"product_cat":[663,668,661],"product_tag":[],"class_list":{"0":"post-368330","1":"product","2":"type-product","3":"status-publish","4":"has-post-thumbnail","6":"product_cat-blouses","7":"product_cat-capsule","8":"product_cat-tout-voir","10":"first","11":"instock","12":"taxable","13":"shipping-taxable","14":"purchasable","15":"product-type-variable"},"_links":{"self":[{"href":"https:\/\/maisoncleo.com\/fr\/wp-json\/wp\/v2\/product\/368330","targetHints":{"allow":["GET"]}}],"collection":[{"href":"https:\/\/maisoncleo.com\/fr\/wp-json\/wp\/v2\/product"}],"about":[{"href":"https:\/\/maisoncleo.com\/fr\/wp-json\/wp\/v2\/types\/product"}],"version-history":[{"count":2,"href":"https:\/\/maisoncleo.com\/fr\/wp-json\/wp\/v2\/product\/368330\/revisions"}],"predecessor-version":[{"id":372794,"href":"https:\/\/maisoncleo.com\/fr\/wp-json\/wp\/v2\/product\/368330\/revisions\/372794"}],"wp:featuredmedia":[{"embeddable":true,"href":"https:\/\/maisoncleo.com\/fr\/wp-json\/wp\/v2\/media\/356066"}],"wp:attachment":[{"href":"https:\/\/maisoncleo.com\/fr\/wp-json\/wp\/v2\/media?parent=368330"}],"wp:term":[{"taxonomy":"product_brand","embeddable":true,"href":"https:\/\/maisoncleo.com\/fr\/wp-json\/wp\/v2\/product_brand?post=368330"},{"taxonomy":"product_cat","embeddable":true,"href":"https:\/\/maisoncleo.com\/fr\/wp-json\/wp\/v2\/product_cat?post=368330"},{"taxonomy":"product_tag","embeddable":true,"href":"https:\/\/maisoncleo.com\/fr\/wp-json\/wp\/v2\/product_tag?post=368330"}],"curies":[{"name":"wp","href":"https:\/\/api.w.org\/{rel}","templated":true}]}}