{"id":368315,"date":"2024-09-10T11:24:07","date_gmt":"2024-09-10T17:28:41","guid":{"rendered":"https:\/\/maisoncleo.com\/\/?post_type=product&#038;p=368315"},"modified":"2024-09-10T21:27:48","modified_gmt":"2024-09-10T19:27:48","slug":"la-badoule-look-24-robe-morane-en-mousseline-de-soie-vert-clair-fleurs-blanches","status":"publish","type":"product","link":"https:\/\/maisoncleo.com\/fr\/shop\/la-badoule-look-24-robe-morane-en-mousseline-de-soie-vert-clair-fleurs-blanches\/","title":{"rendered":"LA BADOULE LOOK 24 &#8211; Robe MORANE en mousseline de soie vert clair fleurs blanches"},"content":{"rendered":"<p>Robe en mousseline de soie vert clair fleurs blanches.<\/p>\n<p>Manches courtes bouffantes \u00e9lastiques, d\u00e9collet\u00e9 montant se fermant avec un lien dans le haut du d\u00e9collet\u00e9, d\u00e9coupe au niveau de la poitrine. Coupe ajust\u00e9e et fluide. Fermeture \u00e9clair invisible sur le c\u00f4t\u00e9.<\/p>\n<p>100% soie. Doubl\u00e9e avec de la soie \u00e9crue.<\/p>\n<p>LOOK 24 de notre pr\u00e9 collection printemps \u00e9t\u00e9 \u201cLa BADOULE\u201d.<\/p>\n<p>Longueur : 87 cm.<\/p>\n<p>La mod\u00e8le mesure 1m74 et porte une taille S\/36.<\/p>\n","protected":false},"excerpt":{"rendered":"<p>Robe en mousseline de soie vert clair fleurs blanches. Manches courtes bouffantes \u00e9lastiques, d\u00e9collet\u00e9 montant se fermant avec un lien dans le&hellip;<\/p>\n","protected":false},"featured_media":356030,"template":"","meta":[],"product_brand":[],"product_cat":[668,664,661],"product_tag":[],"class_list":{"0":"post-368315","1":"product","2":"type-product","3":"status-publish","4":"has-post-thumbnail","6":"product_cat-capsule","7":"product_cat-robes","8":"product_cat-tout-voir","9":"pa_taille-l-40-2","10":"pa_taille-m-38-2","11":"pa_taille-s-36-2","12":"pa_taille-sur-mesure-fr-2","13":"pa_taille-xl-42-fr-2","14":"pa_taille-xs-34-2","16":"first","17":"outofstock","18":"taxable","19":"shipping-taxable","20":"purchasable","21":"product-type-variable"},"_links":{"self":[{"href":"https:\/\/maisoncleo.com\/fr\/wp-json\/wp\/v2\/product\/368315","targetHints":{"allow":["GET"]}}],"collection":[{"href":"https:\/\/maisoncleo.com\/fr\/wp-json\/wp\/v2\/product"}],"about":[{"href":"https:\/\/maisoncleo.com\/fr\/wp-json\/wp\/v2\/types\/product"}],"version-history":[{"count":1,"href":"https:\/\/maisoncleo.com\/fr\/wp-json\/wp\/v2\/product\/368315\/revisions"}],"predecessor-version":[{"id":368336,"href":"https:\/\/maisoncleo.com\/fr\/wp-json\/wp\/v2\/product\/368315\/revisions\/368336"}],"wp:featuredmedia":[{"embeddable":true,"href":"https:\/\/maisoncleo.com\/fr\/wp-json\/wp\/v2\/media\/356030"}],"wp:attachment":[{"href":"https:\/\/maisoncleo.com\/fr\/wp-json\/wp\/v2\/media?parent=368315"}],"wp:term":[{"taxonomy":"product_brand","embeddable":true,"href":"https:\/\/maisoncleo.com\/fr\/wp-json\/wp\/v2\/product_brand?post=368315"},{"taxonomy":"product_cat","embeddable":true,"href":"https:\/\/maisoncleo.com\/fr\/wp-json\/wp\/v2\/product_cat?post=368315"},{"taxonomy":"product_tag","embeddable":true,"href":"https:\/\/maisoncleo.com\/fr\/wp-json\/wp\/v2\/product_tag?post=368315"}],"curies":[{"name":"wp","href":"https:\/\/api.w.org\/{rel}","templated":true}]}}