{"id":368293,"date":"2024-09-10T11:21:50","date_gmt":"2024-09-10T17:28:17","guid":{"rendered":"https:\/\/maisoncleo.com\/\/?post_type=product&#038;p=368293"},"modified":"2024-09-10T21:27:46","modified_gmt":"2024-09-10T19:27:46","slug":"la-badoule-look-22-mini-jupe-romy-en-coton-et-lin-creme-avec-dentelle-fleurie","status":"publish","type":"product","link":"https:\/\/maisoncleo.com\/fr\/shop\/la-badoule-look-22-mini-jupe-romy-en-coton-et-lin-creme-avec-dentelle-fleurie\/","title":{"rendered":"LA BADOULE LOOK 22 &#8211; Mini jupe ROMY en coton et lin cr\u00e8me avec dentelle fleurie"},"content":{"rendered":"<p>Mini jupe en coton et lin cr\u00e8me avec dentelle fleurie.<\/p>\n<p>Haut de la jupe doubl\u00e9e, fermeture \u00e9clair sur le c\u00f4t\u00e9. Dentelle vintage d\u00e9licate avec petites fleurs sur le bas.<\/p>\n<p>A porter avec notre blouse assortie.<\/p>\n<p>Longueur : 31 cm. Comme nous fabriquons \u00e0 la commande, il est possible de demander la longueur que vous souhaitez.<\/p>\n<p>LOOK 22 de notre pr\u00e9 collection printemps \u00e9t\u00e9 \u201cLA BADOULE\u201d.<\/p>\n<p>La mod\u00e8le mesure 1m74 et porte une taille S\/36.<\/p>\n","protected":false},"excerpt":{"rendered":"<p>Mini jupe en coton et lin cr\u00e8me avec dentelle fleurie. Haut de la jupe doubl\u00e9e, fermeture \u00e9clair sur le c\u00f4t\u00e9. Dentelle vintage&hellip;<\/p>\n","protected":false},"featured_media":355976,"template":"","meta":[],"product_brand":[],"product_cat":[672,668,661],"product_tag":[],"class_list":{"0":"post-368293","1":"product","2":"type-product","3":"status-publish","4":"has-post-thumbnail","6":"product_cat-jupes","7":"product_cat-capsule","8":"product_cat-tout-voir","9":"pa_taille-l-40-2","10":"pa_taille-m-38-2","11":"pa_taille-s-36-2","12":"pa_taille-sur-mesure-fr-2","13":"pa_taille-xl-42-fr-2","14":"pa_taille-xs-34-2","16":"first","17":"instock","18":"taxable","19":"shipping-taxable","20":"purchasable","21":"product-type-variable"},"_links":{"self":[{"href":"https:\/\/maisoncleo.com\/fr\/wp-json\/wp\/v2\/product\/368293","targetHints":{"allow":["GET"]}}],"collection":[{"href":"https:\/\/maisoncleo.com\/fr\/wp-json\/wp\/v2\/product"}],"about":[{"href":"https:\/\/maisoncleo.com\/fr\/wp-json\/wp\/v2\/types\/product"}],"version-history":[{"count":1,"href":"https:\/\/maisoncleo.com\/fr\/wp-json\/wp\/v2\/product\/368293\/revisions"}],"predecessor-version":[{"id":368321,"href":"https:\/\/maisoncleo.com\/fr\/wp-json\/wp\/v2\/product\/368293\/revisions\/368321"}],"wp:featuredmedia":[{"embeddable":true,"href":"https:\/\/maisoncleo.com\/fr\/wp-json\/wp\/v2\/media\/355976"}],"wp:attachment":[{"href":"https:\/\/maisoncleo.com\/fr\/wp-json\/wp\/v2\/media?parent=368293"}],"wp:term":[{"taxonomy":"product_brand","embeddable":true,"href":"https:\/\/maisoncleo.com\/fr\/wp-json\/wp\/v2\/product_brand?post=368293"},{"taxonomy":"product_cat","embeddable":true,"href":"https:\/\/maisoncleo.com\/fr\/wp-json\/wp\/v2\/product_cat?post=368293"},{"taxonomy":"product_tag","embeddable":true,"href":"https:\/\/maisoncleo.com\/fr\/wp-json\/wp\/v2\/product_tag?post=368293"}],"curies":[{"name":"wp","href":"https:\/\/api.w.org\/{rel}","templated":true}]}}