{"id":368292,"date":"2024-09-10T11:21:50","date_gmt":"2024-09-10T17:28:17","guid":{"rendered":"https:\/\/maisoncleo.com\/\/?post_type=product&#038;p=368292"},"modified":"2024-09-10T21:27:45","modified_gmt":"2024-09-10T19:27:45","slug":"la-badoule-look-22-blouse-agnes-en-coton-vichy-rose","status":"publish","type":"product","link":"https:\/\/maisoncleo.com\/fr\/shop\/la-badoule-look-22-blouse-agnes-en-coton-vichy-rose\/","title":{"rendered":"LA BADOULE LOOK 22 &#8211; Blouse Agnes en coton vichy rose"},"content":{"rendered":"<p>Notre blouse Agnes signature dans un coton vichy rose.<\/p>\n<p>Coupe oversize, manches 3\/4 bouffantes, 2 liens sur le devant.<\/p>\n<p>100% cotton.<\/p>\n<p>LOOK 22 de notre pr\u00e9 collection printemps \u00e9t\u00e9 \u201cLa BADOULE\u201d.<\/p>\n<p>La mod\u00e8le mesure 1m74 et porte une taille S\/36.<\/p>\n","protected":false},"excerpt":{"rendered":"<p>Notre blouse Agnes signature dans un coton vichy rose. Coupe oversize, manches 3\/4 bouffantes, 2 liens sur le devant. 100% cotton. LOOK&hellip;<\/p>\n","protected":false},"featured_media":355971,"template":"","meta":[],"product_brand":[],"product_cat":[663,668,661],"product_tag":[],"class_list":{"0":"post-368292","1":"product","2":"type-product","3":"status-publish","4":"has-post-thumbnail","6":"product_cat-blouses","7":"product_cat-capsule","8":"product_cat-tout-voir","9":"pa_taille-l-40-2","10":"pa_taille-m-38-2","11":"pa_taille-s-36-2","12":"pa_taille-sur-mesure-fr-2","13":"pa_taille-xl-42-fr-2","14":"pa_taille-xs-34-2","16":"first","17":"instock","18":"taxable","19":"shipping-taxable","20":"purchasable","21":"product-type-variable"},"_links":{"self":[{"href":"https:\/\/maisoncleo.com\/fr\/wp-json\/wp\/v2\/product\/368292","targetHints":{"allow":["GET"]}}],"collection":[{"href":"https:\/\/maisoncleo.com\/fr\/wp-json\/wp\/v2\/product"}],"about":[{"href":"https:\/\/maisoncleo.com\/fr\/wp-json\/wp\/v2\/types\/product"}],"version-history":[{"count":1,"href":"https:\/\/maisoncleo.com\/fr\/wp-json\/wp\/v2\/product\/368292\/revisions"}],"predecessor-version":[{"id":368320,"href":"https:\/\/maisoncleo.com\/fr\/wp-json\/wp\/v2\/product\/368292\/revisions\/368320"}],"wp:featuredmedia":[{"embeddable":true,"href":"https:\/\/maisoncleo.com\/fr\/wp-json\/wp\/v2\/media\/355971"}],"wp:attachment":[{"href":"https:\/\/maisoncleo.com\/fr\/wp-json\/wp\/v2\/media?parent=368292"}],"wp:term":[{"taxonomy":"product_brand","embeddable":true,"href":"https:\/\/maisoncleo.com\/fr\/wp-json\/wp\/v2\/product_brand?post=368292"},{"taxonomy":"product_cat","embeddable":true,"href":"https:\/\/maisoncleo.com\/fr\/wp-json\/wp\/v2\/product_cat?post=368292"},{"taxonomy":"product_tag","embeddable":true,"href":"https:\/\/maisoncleo.com\/fr\/wp-json\/wp\/v2\/product_tag?post=368292"}],"curies":[{"name":"wp","href":"https:\/\/api.w.org\/{rel}","templated":true}]}}