{"id":368268,"date":"2024-09-10T11:19:52","date_gmt":"2024-09-10T17:27:02","guid":{"rendered":"https:\/\/maisoncleo.com\/\/?post_type=product&#038;p=368268"},"modified":"2024-09-10T21:27:44","modified_gmt":"2024-09-10T19:27:44","slug":"la-badoule-look-21-jupe-nelyah-jus-dorange-irisee-avec-dentelle-bleu-ciel","status":"publish","type":"product","link":"https:\/\/maisoncleo.com\/fr\/shop\/la-badoule-look-21-jupe-nelyah-jus-dorange-irisee-avec-dentelle-bleu-ciel\/","title":{"rendered":"LA BADOULE LOOK 21 &#8211; Jupe NELYAH jus d&rsquo;orange iris\u00e9e avec dentelle bleu ciel"},"content":{"rendered":"<p>Jupe jus d&rsquo;orange iris\u00e9e avec dentelle bleu ciel.<\/p>\n<p>Coupe sir\u00e8ne, rang\u00e9e de dentelle volant\u00e9e dans le bas, taille \u00e9lastiqu\u00e9e, fente dos.<\/p>\n<p>L\u00e9g\u00e8rement transparent.<\/p>\n<p>LOOK 21 de notre pr\u00e9 collection printemps \u00e9t\u00e9 \u201cLa BADOULE\u201d.<\/p>\n<p>Longueur : 75 cm.<\/p>\n<p>La mod\u00e8le mesure 1m74 et porte une taille S\/36.<\/p>\n","protected":false},"excerpt":{"rendered":"<p>Jupe jus d&rsquo;orange iris\u00e9e avec dentelle bleu ciel. Coupe sir\u00e8ne, rang\u00e9e de dentelle volant\u00e9e dans le bas, taille \u00e9lastiqu\u00e9e, fente dos. L\u00e9g\u00e8rement&hellip;<\/p>\n","protected":false},"featured_media":355939,"template":"","meta":[],"product_brand":[],"product_cat":[672,668,661],"product_tag":[],"class_list":{"0":"post-368268","1":"product","2":"type-product","3":"status-publish","4":"has-post-thumbnail","6":"product_cat-jupes","7":"product_cat-capsule","8":"product_cat-tout-voir","9":"pa_taille-l-40-2","10":"pa_taille-m-38-2","11":"pa_taille-s-36-2","12":"pa_taille-sur-mesure-fr-2","13":"pa_taille-xl-42-fr-2","14":"pa_taille-xs-34-2","16":"first","17":"instock","18":"taxable","19":"shipping-taxable","20":"purchasable","21":"product-type-variable"},"_links":{"self":[{"href":"https:\/\/maisoncleo.com\/fr\/wp-json\/wp\/v2\/product\/368268","targetHints":{"allow":["GET"]}}],"collection":[{"href":"https:\/\/maisoncleo.com\/fr\/wp-json\/wp\/v2\/product"}],"about":[{"href":"https:\/\/maisoncleo.com\/fr\/wp-json\/wp\/v2\/types\/product"}],"version-history":[{"count":1,"href":"https:\/\/maisoncleo.com\/fr\/wp-json\/wp\/v2\/product\/368268\/revisions"}],"predecessor-version":[{"id":368306,"href":"https:\/\/maisoncleo.com\/fr\/wp-json\/wp\/v2\/product\/368268\/revisions\/368306"}],"wp:featuredmedia":[{"embeddable":true,"href":"https:\/\/maisoncleo.com\/fr\/wp-json\/wp\/v2\/media\/355939"}],"wp:attachment":[{"href":"https:\/\/maisoncleo.com\/fr\/wp-json\/wp\/v2\/media?parent=368268"}],"wp:term":[{"taxonomy":"product_brand","embeddable":true,"href":"https:\/\/maisoncleo.com\/fr\/wp-json\/wp\/v2\/product_brand?post=368268"},{"taxonomy":"product_cat","embeddable":true,"href":"https:\/\/maisoncleo.com\/fr\/wp-json\/wp\/v2\/product_cat?post=368268"},{"taxonomy":"product_tag","embeddable":true,"href":"https:\/\/maisoncleo.com\/fr\/wp-json\/wp\/v2\/product_tag?post=368268"}],"curies":[{"name":"wp","href":"https:\/\/api.w.org\/{rel}","templated":true}]}}