{"id":368267,"date":"2024-09-10T11:19:52","date_gmt":"2024-09-10T17:27:02","guid":{"rendered":"https:\/\/maisoncleo.com\/\/?post_type=product&#038;p=368267"},"modified":"2024-09-10T21:27:43","modified_gmt":"2024-09-10T19:27:43","slug":"la-badoule-look-21-blouse-gisele-jus-dorange-irisee-avec-dentelle-bleu-ciel","status":"publish","type":"product","link":"https:\/\/maisoncleo.com\/fr\/shop\/la-badoule-look-21-blouse-gisele-jus-dorange-irisee-avec-dentelle-bleu-ciel\/","title":{"rendered":"LA BADOULE LOOK 21 &#8211; Blouse GISELE jus d&rsquo;orange iris\u00e9e avec dentelle bleu ciel"},"content":{"rendered":"<p>Blouse jus d&rsquo;orange iris\u00e9e avec dentelle bleu ciel.<\/p>\n<p>Coupe cache-coeur, rang\u00e9es de volants sur la poitrine, \u00e0 nouer sur le c\u00f4t\u00e9 ou sur le devant.<\/p>\n<p>L\u00e9g\u00e8rement transparent.<\/p>\n<p>LOOK 21 de notre pr\u00e9 collection printemps \u00e9t\u00e9 \u201cLa BADOULE\u201d.<\/p>\n<p>Longueur \u00e0 plat depuis le milieu dos : 60 cm.<\/p>\n<p>La mod\u00e8le mesure 1m74 et porte une taille S\/36.<\/p>\n","protected":false},"excerpt":{"rendered":"<p>Blouse jus d&rsquo;orange iris\u00e9e avec dentelle bleu ciel. Coupe cache-coeur, rang\u00e9es de volants sur la poitrine, \u00e0 nouer sur le c\u00f4t\u00e9 ou&hellip;<\/p>\n","protected":false},"featured_media":355939,"template":"","meta":[],"product_brand":[],"product_cat":[663,668,661],"product_tag":[],"class_list":{"0":"post-368267","1":"product","2":"type-product","3":"status-publish","4":"has-post-thumbnail","6":"product_cat-blouses","7":"product_cat-capsule","8":"product_cat-tout-voir","9":"pa_taille-l-40-2","10":"pa_taille-m-38-2","11":"pa_taille-s-36-2","12":"pa_taille-sur-mesure-fr-2","13":"pa_taille-xl-42-fr-2","14":"pa_taille-xs-34-2","16":"first","17":"instock","18":"taxable","19":"shipping-taxable","20":"purchasable","21":"product-type-variable"},"_links":{"self":[{"href":"https:\/\/maisoncleo.com\/fr\/wp-json\/wp\/v2\/product\/368267","targetHints":{"allow":["GET"]}}],"collection":[{"href":"https:\/\/maisoncleo.com\/fr\/wp-json\/wp\/v2\/product"}],"about":[{"href":"https:\/\/maisoncleo.com\/fr\/wp-json\/wp\/v2\/types\/product"}],"version-history":[{"count":1,"href":"https:\/\/maisoncleo.com\/fr\/wp-json\/wp\/v2\/product\/368267\/revisions"}],"predecessor-version":[{"id":368291,"href":"https:\/\/maisoncleo.com\/fr\/wp-json\/wp\/v2\/product\/368267\/revisions\/368291"}],"wp:featuredmedia":[{"embeddable":true,"href":"https:\/\/maisoncleo.com\/fr\/wp-json\/wp\/v2\/media\/355939"}],"wp:attachment":[{"href":"https:\/\/maisoncleo.com\/fr\/wp-json\/wp\/v2\/media?parent=368267"}],"wp:term":[{"taxonomy":"product_brand","embeddable":true,"href":"https:\/\/maisoncleo.com\/fr\/wp-json\/wp\/v2\/product_brand?post=368267"},{"taxonomy":"product_cat","embeddable":true,"href":"https:\/\/maisoncleo.com\/fr\/wp-json\/wp\/v2\/product_cat?post=368267"},{"taxonomy":"product_tag","embeddable":true,"href":"https:\/\/maisoncleo.com\/fr\/wp-json\/wp\/v2\/product_tag?post=368267"}],"curies":[{"name":"wp","href":"https:\/\/api.w.org\/{rel}","templated":true}]}}