{"id":368252,"date":"2024-09-10T11:19:00","date_gmt":"2024-09-10T17:26:39","guid":{"rendered":"https:\/\/maisoncleo.com\/\/?post_type=product&#038;p=368252"},"modified":"2024-09-10T21:28:28","modified_gmt":"2024-09-10T19:28:28","slug":"maisoncleo-x-la-botte-gardiane-santiags-santiago-paris-en-cuir-vache","status":"publish","type":"product","link":"https:\/\/maisoncleo.com\/fr\/shop\/maisoncleo-x-la-botte-gardiane-santiags-santiago-paris-en-cuir-vache\/","title":{"rendered":"MAISONCLEO x LA BOTTE GARDIANE &#8211; Santiags Santiago Paris en cuir vache"},"content":{"rendered":"<p>Dans un monde o\u00f9 le savoir-faire est devenu rare, MaisonCl\u00e9o s&rsquo;associe avec fiert\u00e9 au dernier fabricant de Camarguaise fran\u00e7ais, La Botte Gardiane.<\/p>\n<p>Santiags fabriqu\u00e9s \u00e0 la commande en France. Comme nos v\u00eatements, chaque paire sera fabriqu\u00e9e \u00e0 la commande, et un d\u00e9lai de 21 jours pour la production et l&rsquo;envoi de la commande s&rsquo;appliquera \u00e9galement.<\/p>\n<p>Pour notre collection \u00ab\u00a0La Badoule\u00a0\u00bb, nous avons collabor\u00e9 sur la cr\u00e9ation de 3 paires de santiags avec leur atelier du sud de la France.<\/p>\n<p>&nbsp;<\/p>\n<p>Les santiags vache. Les bottes \u00ab\u00a0Santiago Paris\u00a0\u00bb viennent directement d&rsquo;une inspiration d&rsquo;une paire des archives de La Botte Gardiane des ann\u00e9es 70.<\/p>\n<p>Cuir \u00e9pais et de tr\u00e8s bonne qualit\u00e9, tr\u00e8s r\u00e9sistant \u00e0 l&rsquo;eau. Int\u00e9rieur en cuir \u00e9galement. Semelles patins de pos\u00e9es.<\/p>\n<p>Hauteur du talon : 4,5 cm.<\/p>\n<p>Hauteur totale de la botte : 32 cm<\/p>\n<p><em>L&rsquo;<strong>atelier La Botte Gardiane<\/strong>, est situ\u00e9 dans le Gard, en France. Il est reconnu parmi les M\u00e9tiers d&rsquo;Arts depuis 2016 &amp; est labellis\u00e9 <a title=\"lien epv\" href=\"https:\/\/www.institut-metiersdart.org\/epv\">entreprise du patrimoine vivant fran\u00e7ais<\/a>\u00a0depuis 2007.<\/em><\/p>\n","protected":false},"excerpt":{"rendered":"<p>Dans un monde o\u00f9 le savoir-faire est devenu rare, MaisonCl\u00e9o s&rsquo;associe avec fiert\u00e9 au dernier fabricant de Camarguaise fran\u00e7ais, La Botte Gardiane.&hellip;<\/p>\n","protected":false},"featured_media":356596,"template":"","meta":[],"product_brand":[],"product_cat":[651,659,960,668,661],"product_tag":[],"class_list":{"0":"post-368252","1":"product","2":"type-product","3":"status-publish","4":"has-post-thumbnail","6":"product_cat-accessoires","7":"product_cat-chaussures","8":"product_cat-leopard-selection","9":"product_cat-capsule","10":"product_cat-tout-voir","12":"first","13":"instock","14":"taxable","15":"shipping-taxable","16":"purchasable","17":"product-type-variable"},"_links":{"self":[{"href":"https:\/\/maisoncleo.com\/fr\/wp-json\/wp\/v2\/product\/368252","targetHints":{"allow":["GET"]}}],"collection":[{"href":"https:\/\/maisoncleo.com\/fr\/wp-json\/wp\/v2\/product"}],"about":[{"href":"https:\/\/maisoncleo.com\/fr\/wp-json\/wp\/v2\/types\/product"}],"version-history":[{"count":1,"href":"https:\/\/maisoncleo.com\/fr\/wp-json\/wp\/v2\/product\/368252\/revisions"}],"predecessor-version":[{"id":368614,"href":"https:\/\/maisoncleo.com\/fr\/wp-json\/wp\/v2\/product\/368252\/revisions\/368614"}],"wp:featuredmedia":[{"embeddable":true,"href":"https:\/\/maisoncleo.com\/fr\/wp-json\/wp\/v2\/media\/356596"}],"wp:attachment":[{"href":"https:\/\/maisoncleo.com\/fr\/wp-json\/wp\/v2\/media?parent=368252"}],"wp:term":[{"taxonomy":"product_brand","embeddable":true,"href":"https:\/\/maisoncleo.com\/fr\/wp-json\/wp\/v2\/product_brand?post=368252"},{"taxonomy":"product_cat","embeddable":true,"href":"https:\/\/maisoncleo.com\/fr\/wp-json\/wp\/v2\/product_cat?post=368252"},{"taxonomy":"product_tag","embeddable":true,"href":"https:\/\/maisoncleo.com\/fr\/wp-json\/wp\/v2\/product_tag?post=368252"}],"curies":[{"name":"wp","href":"https:\/\/api.w.org\/{rel}","templated":true}]}}