{"id":368217,"date":"2024-09-10T11:15:13","date_gmt":"2024-09-10T17:25:27","guid":{"rendered":"https:\/\/maisoncleo.com\/\/?post_type=product&#038;p=368217"},"modified":"2024-09-10T21:27:35","modified_gmt":"2024-09-10T19:27:35","slug":"la-badoule-ceinture-emy-en-crochet-multicolore-et-soir-beige-avec-boucle-carre","status":"publish","type":"product","link":"https:\/\/maisoncleo.com\/fr\/shop\/la-badoule-ceinture-emy-en-crochet-multicolore-et-soir-beige-avec-boucle-carre\/","title":{"rendered":"LA BADOULE &#8211; Ceinture EMY en crochet multicolore et soir beige avec boucle carr\u00e9"},"content":{"rendered":"<p>Ceinture en crochet multicolore et soir beige avec boucle carr\u00e9.<\/p>\n<p>Travail de crochet multicolore cousu et doubl\u00e9 sur un tissu beige en soie sauvage. Passant.<\/p>\n<p>De notre pr\u00e9 collection printemps \u00e9t\u00e9 \u201cLa BADOULE\u201d.<\/p>\n<p>La mod\u00e8le mesure 1m74 et porte une taille S\/36.<\/p>\n","protected":false},"excerpt":{"rendered":"<p>Ceinture en crochet multicolore et soir beige avec boucle carr\u00e9. Travail de crochet multicolore cousu et doubl\u00e9 sur un tissu beige en&hellip;<\/p>\n","protected":false},"featured_media":355830,"template":"","meta":[],"product_brand":[],"product_cat":[651,653,668,661],"product_tag":[],"class_list":{"0":"post-368217","1":"product","2":"type-product","3":"status-publish","4":"has-post-thumbnail","6":"product_cat-accessoires","7":"product_cat-ceintures","8":"product_cat-capsule","9":"product_cat-tout-voir","10":"pa_taille-l-40-2","11":"pa_taille-m-38-2","12":"pa_taille-s-36-2","13":"pa_taille-sur-mesure-fr-2","14":"pa_taille-xl-42-fr-2","15":"pa_taille-xs-34-2","17":"first","18":"instock","19":"taxable","20":"shipping-taxable","21":"purchasable","22":"product-type-variable"},"_links":{"self":[{"href":"https:\/\/maisoncleo.com\/fr\/wp-json\/wp\/v2\/product\/368217","targetHints":{"allow":["GET"]}}],"collection":[{"href":"https:\/\/maisoncleo.com\/fr\/wp-json\/wp\/v2\/product"}],"about":[{"href":"https:\/\/maisoncleo.com\/fr\/wp-json\/wp\/v2\/types\/product"}],"version-history":[{"count":1,"href":"https:\/\/maisoncleo.com\/fr\/wp-json\/wp\/v2\/product\/368217\/revisions"}],"predecessor-version":[{"id":368246,"href":"https:\/\/maisoncleo.com\/fr\/wp-json\/wp\/v2\/product\/368217\/revisions\/368246"}],"wp:featuredmedia":[{"embeddable":true,"href":"https:\/\/maisoncleo.com\/fr\/wp-json\/wp\/v2\/media\/355830"}],"wp:attachment":[{"href":"https:\/\/maisoncleo.com\/fr\/wp-json\/wp\/v2\/media?parent=368217"}],"wp:term":[{"taxonomy":"product_brand","embeddable":true,"href":"https:\/\/maisoncleo.com\/fr\/wp-json\/wp\/v2\/product_brand?post=368217"},{"taxonomy":"product_cat","embeddable":true,"href":"https:\/\/maisoncleo.com\/fr\/wp-json\/wp\/v2\/product_cat?post=368217"},{"taxonomy":"product_tag","embeddable":true,"href":"https:\/\/maisoncleo.com\/fr\/wp-json\/wp\/v2\/product_tag?post=368217"}],"curies":[{"name":"wp","href":"https:\/\/api.w.org\/{rel}","templated":true}]}}