{"id":368162,"date":"2024-09-10T11:11:05","date_gmt":"2024-09-10T17:23:54","guid":{"rendered":"https:\/\/maisoncleo.com\/\/?post_type=product&#038;p=368162"},"modified":"2024-09-10T21:27:34","modified_gmt":"2024-09-10T19:27:34","slug":"la-badoule-look-17-robe-yvette-en-mousseline-de-soie-a-pois-marine-evasee","status":"publish","type":"product","link":"https:\/\/maisoncleo.com\/fr\/shop\/la-badoule-look-17-robe-yvette-en-mousseline-de-soie-a-pois-marine-evasee\/","title":{"rendered":"LA BADOULE LOOK 17 &#8211; Robe YVETTE en mousseline de soie \u00e0 pois marine \u00e9vas\u00e9e"},"content":{"rendered":"<p>Robe en mousseline de soie \u00e0 pois marine \u00e9vas\u00e9e.<\/p>\n<p>Encolure arrondie, deux bretelles fines, bas \u00e9vas\u00e9. La petite robe simple \u00e0 porter pour toutes les occasions cet \u00e9t\u00e9.<\/p>\n<p>A porter seule simplement ou \u00e0 accessoiriser avec notre ceinture en crochet multicolore.<\/p>\n<p>100% mousseline de soie.<\/p>\n<p>Longueur de milieu devant : 77 cm.<\/p>\n<p>LOOK 17 de notre pr\u00e9 collection printemps \u00e9t\u00e9 \u201cLa BADOULE\u201d.<\/p>\n<p>La mod\u00e8le mesure 1m74 et porte une taille S\/36.<\/p>\n","protected":false},"excerpt":{"rendered":"<p>Robe en mousseline de soie \u00e0 pois marine \u00e9vas\u00e9e. Encolure arrondie, deux bretelles fines, bas \u00e9vas\u00e9. La petite robe simple \u00e0 porter&hellip;<\/p>\n","protected":false},"featured_media":355815,"template":"","meta":[],"product_brand":[],"product_cat":[668,664,661],"product_tag":[],"class_list":{"0":"post-368162","1":"product","2":"type-product","3":"status-publish","4":"has-post-thumbnail","6":"product_cat-capsule","7":"product_cat-robes","8":"product_cat-tout-voir","9":"pa_taille-l-40-2","10":"pa_taille-m-38-2","11":"pa_taille-s-36-2","12":"pa_taille-sur-mesure-fr-2","13":"pa_taille-xl-42-fr-2","14":"pa_taille-xs-34-2","16":"first","17":"instock","18":"taxable","19":"shipping-taxable","20":"purchasable","21":"product-type-variable"},"_links":{"self":[{"href":"https:\/\/maisoncleo.com\/fr\/wp-json\/wp\/v2\/product\/368162","targetHints":{"allow":["GET"]}}],"collection":[{"href":"https:\/\/maisoncleo.com\/fr\/wp-json\/wp\/v2\/product"}],"about":[{"href":"https:\/\/maisoncleo.com\/fr\/wp-json\/wp\/v2\/types\/product"}],"version-history":[{"count":1,"href":"https:\/\/maisoncleo.com\/fr\/wp-json\/wp\/v2\/product\/368162\/revisions"}],"predecessor-version":[{"id":368234,"href":"https:\/\/maisoncleo.com\/fr\/wp-json\/wp\/v2\/product\/368162\/revisions\/368234"}],"wp:featuredmedia":[{"embeddable":true,"href":"https:\/\/maisoncleo.com\/fr\/wp-json\/wp\/v2\/media\/355815"}],"wp:attachment":[{"href":"https:\/\/maisoncleo.com\/fr\/wp-json\/wp\/v2\/media?parent=368162"}],"wp:term":[{"taxonomy":"product_brand","embeddable":true,"href":"https:\/\/maisoncleo.com\/fr\/wp-json\/wp\/v2\/product_brand?post=368162"},{"taxonomy":"product_cat","embeddable":true,"href":"https:\/\/maisoncleo.com\/fr\/wp-json\/wp\/v2\/product_cat?post=368162"},{"taxonomy":"product_tag","embeddable":true,"href":"https:\/\/maisoncleo.com\/fr\/wp-json\/wp\/v2\/product_tag?post=368162"}],"curies":[{"name":"wp","href":"https:\/\/api.w.org\/{rel}","templated":true}]}}