{"id":368161,"date":"2024-09-10T11:11:05","date_gmt":"2024-09-10T17:23:54","guid":{"rendered":"https:\/\/maisoncleo.com\/\/?post_type=product&#038;p=368161"},"modified":"2024-09-10T21:27:25","modified_gmt":"2024-09-10T19:27:25","slug":"la-badoule-look-12-robe-mia-en-mousseline-de-soie-a-pois-marine-avec-volants-en-dentelle","status":"publish","type":"product","link":"https:\/\/maisoncleo.com\/fr\/shop\/la-badoule-look-12-robe-mia-en-mousseline-de-soie-a-pois-marine-avec-volants-en-dentelle\/","title":{"rendered":"LA BADOULE LOOK 12 &#8211; Robe MIA en mousseline de soie \u00e0 pois marine avec volants en dentelle"},"content":{"rendered":"<p>Robe en mousseline de soie \u00e0 pois marine avec volants en dentelle.<\/p>\n<p>Volants asym\u00e9triques sur le devant et le c\u00f4t\u00e9 de la robe, deux larges bretelles, coupe \u00e9vas\u00e9e et fluide, \u00e9lastiqu\u00e9e sur la poitrine, fermeture \u00e9clair invisible sur le c\u00f4t\u00e9. Doubl\u00e9e en soie. Petit noeud sur la poitrine.<\/p>\n<p>D\u00e9collet\u00e9 dans le dos bord\u00e9 de dentelle.<\/p>\n<p>100% mousseline de soie.<\/p>\n<p>Longueur de milieu devant : 71 cm.<\/p>\n<p>LOOK 12 de notre pr\u00e9 collection printemps \u00e9t\u00e9 \u201cLa BADOULE\u201d.<\/p>\n<p>La mod\u00e8le mesure 1m74 et porte une taille S\/36.<\/p>\n","protected":false},"excerpt":{"rendered":"<p>Robe en mousseline de soie \u00e0 pois marine avec volants en dentelle. Volants asym\u00e9triques sur le devant et le c\u00f4t\u00e9 de la&hellip;<\/p>\n","protected":false},"featured_media":355698,"template":"","meta":[],"product_brand":[],"product_cat":[668,664,661],"product_tag":[],"class_list":{"0":"post-368161","1":"product","2":"type-product","3":"status-publish","4":"has-post-thumbnail","6":"product_cat-capsule","7":"product_cat-robes","8":"product_cat-tout-voir","9":"pa_taille-l-40-2","10":"pa_taille-m-38-2","11":"pa_taille-s-36-2","12":"pa_taille-sur-mesure-fr-2","13":"pa_taille-xl-42-fr-2","14":"pa_taille-xs-34-2","16":"first","17":"instock","18":"taxable","19":"shipping-taxable","20":"purchasable","21":"product-type-variable"},"_links":{"self":[{"href":"https:\/\/maisoncleo.com\/fr\/wp-json\/wp\/v2\/product\/368161","targetHints":{"allow":["GET"]}}],"collection":[{"href":"https:\/\/maisoncleo.com\/fr\/wp-json\/wp\/v2\/product"}],"about":[{"href":"https:\/\/maisoncleo.com\/fr\/wp-json\/wp\/v2\/types\/product"}],"version-history":[{"count":1,"href":"https:\/\/maisoncleo.com\/fr\/wp-json\/wp\/v2\/product\/368161\/revisions"}],"predecessor-version":[{"id":368183,"href":"https:\/\/maisoncleo.com\/fr\/wp-json\/wp\/v2\/product\/368161\/revisions\/368183"}],"wp:featuredmedia":[{"embeddable":true,"href":"https:\/\/maisoncleo.com\/fr\/wp-json\/wp\/v2\/media\/355698"}],"wp:attachment":[{"href":"https:\/\/maisoncleo.com\/fr\/wp-json\/wp\/v2\/media?parent=368161"}],"wp:term":[{"taxonomy":"product_brand","embeddable":true,"href":"https:\/\/maisoncleo.com\/fr\/wp-json\/wp\/v2\/product_brand?post=368161"},{"taxonomy":"product_cat","embeddable":true,"href":"https:\/\/maisoncleo.com\/fr\/wp-json\/wp\/v2\/product_cat?post=368161"},{"taxonomy":"product_tag","embeddable":true,"href":"https:\/\/maisoncleo.com\/fr\/wp-json\/wp\/v2\/product_tag?post=368161"}],"curies":[{"name":"wp","href":"https:\/\/api.w.org\/{rel}","templated":true}]}}