{"id":368142,"date":"2024-09-10T11:08:49","date_gmt":"2024-09-10T17:23:08","guid":{"rendered":"https:\/\/maisoncleo.com\/\/?post_type=product&#038;p=368142"},"modified":"2024-10-15T12:38:40","modified_gmt":"2024-10-15T10:38:40","slug":"la-badoule-look-15-robe-col-claudine-ines-en-coton-a-carreaux-rouge-et-broderies","status":"publish","type":"product","link":"https:\/\/maisoncleo.com\/fr\/shop\/la-badoule-look-15-robe-col-claudine-ines-en-coton-a-carreaux-rouge-et-broderies\/","title":{"rendered":"LA BADOULE LOOK 15 &#8211; Robe col Claudine INES en coton \u00e0 carreaux rouge et broderies"},"content":{"rendered":"<p>Robe col Claudine en coton \u00e0 carreaux rouge et broderies anglaise.<\/p>\n<p>Coupe cintr\u00e9e, ceinture sur la taille \u00e0 nouer dans le dos, fermeture avec 5 boutons dans le dos, deux poches devant.<\/p>\n<p>100% coton.<\/p>\n<p>Longueur du milieu dos : 126 cm.<\/p>\n<p>LOOK 13 de notre pr\u00e9 collection printemps \u00e9t\u00e9 \u201cLA BADOULE\u201d.<\/p>\n<p>La mod\u00e8le mesure 1m74 et porte une taille S\/36.<\/p>\n<p>A LIRE AVANT DE PASSER COMMANDE : Ce tissu original est sold out. A partir de maintenant les commandes dans cette jupe seront faites avec le tissu \u00e0 carreaux rouge de la derni\u00e8re photo. Il est tr\u00e8s similaire comme vous pouvez le voir! \ud83d\ude42<\/p>\n","protected":false},"excerpt":{"rendered":"<p>Robe col Claudine en coton \u00e0 carreaux rouge et broderies anglaise. Coupe cintr\u00e9e, ceinture sur la taille \u00e0 nouer dans le dos,&hellip;<\/p>\n","protected":false},"featured_media":355778,"template":"","meta":[],"product_brand":[],"product_cat":[668,664,661],"product_tag":[],"class_list":{"0":"post-368142","1":"product","2":"type-product","3":"status-publish","4":"has-post-thumbnail","6":"product_cat-capsule","7":"product_cat-robes","8":"product_cat-tout-voir","10":"first","11":"instock","12":"taxable","13":"shipping-taxable","14":"purchasable","15":"product-type-variable"},"_links":{"self":[{"href":"https:\/\/maisoncleo.com\/fr\/wp-json\/wp\/v2\/product\/368142","targetHints":{"allow":["GET"]}}],"collection":[{"href":"https:\/\/maisoncleo.com\/fr\/wp-json\/wp\/v2\/product"}],"about":[{"href":"https:\/\/maisoncleo.com\/fr\/wp-json\/wp\/v2\/types\/product"}],"version-history":[{"count":2,"href":"https:\/\/maisoncleo.com\/fr\/wp-json\/wp\/v2\/product\/368142\/revisions"}],"predecessor-version":[{"id":372793,"href":"https:\/\/maisoncleo.com\/fr\/wp-json\/wp\/v2\/product\/368142\/revisions\/372793"}],"wp:featuredmedia":[{"embeddable":true,"href":"https:\/\/maisoncleo.com\/fr\/wp-json\/wp\/v2\/media\/355778"}],"wp:attachment":[{"href":"https:\/\/maisoncleo.com\/fr\/wp-json\/wp\/v2\/media?parent=368142"}],"wp:term":[{"taxonomy":"product_brand","embeddable":true,"href":"https:\/\/maisoncleo.com\/fr\/wp-json\/wp\/v2\/product_brand?post=368142"},{"taxonomy":"product_cat","embeddable":true,"href":"https:\/\/maisoncleo.com\/fr\/wp-json\/wp\/v2\/product_cat?post=368142"},{"taxonomy":"product_tag","embeddable":true,"href":"https:\/\/maisoncleo.com\/fr\/wp-json\/wp\/v2\/product_tag?post=368142"}],"curies":[{"name":"wp","href":"https:\/\/api.w.org\/{rel}","templated":true}]}}