{"id":368141,"date":"2024-09-10T11:08:49","date_gmt":"2024-09-10T09:08:49","guid":{"rendered":"https:\/\/maisoncleo.com\/\/?post_type=product&#038;p=368141"},"modified":"2024-09-10T21:27:24","modified_gmt":"2024-09-10T19:27:24","slug":"la-badoule-look-11-jupe-karmine-en-coton-rouge-a-carreaux-avec-broderies-anglaise","status":"publish","type":"product","link":"https:\/\/maisoncleo.com\/fr\/shop\/la-badoule-look-11-jupe-karmine-en-coton-rouge-a-carreaux-avec-broderies-anglaise\/","title":{"rendered":"LA BADOULE LOOK 11 &#8211; Jupe KARMINE en coton rouge \u00e0 carreaux avec broderies anglaise"},"content":{"rendered":"<p>Jupe en coton rouge \u00e0 carreaux avec broderies anglaise.<\/p>\n<p>Mi-longue, broderie anglaise sur la taille et dans le bas, taille \u00e9lastiqu\u00e9e, lien \u00e0 nouer sur la taille, coupe l\u00e9g\u00e8rement \u00e9vas\u00e9e.<\/p>\n<p>100% coton. A porter en ensemble avec la blouse assortie.<\/p>\n<p>LOOK 11 de notre pr\u00e9 collection printemps \u00e9t\u00e9 \u201cLA BADOULE\u201d.<\/p>\n<p>Longueur : 73 cm<\/p>\n<p>La mod\u00e8le mesure 1m74 et porte une taille S\/36.<\/p>\n<p>A LIRE AVANT DE PASSER COMMANDE : Ce tissu original est sold out. A partir de maintenant les commandes dans cette jupe seront faites avec le tissu \u00e0 carreaux rouge de la derni\u00e8re photo. Il est tr\u00e8s similaire comme vous pouvez le voir! \ud83d\ude42<\/p>\n","protected":false},"excerpt":{"rendered":"<p>Jupe en coton rouge \u00e0 carreaux avec broderies anglaise. Mi-longue, broderie anglaise sur la taille et dans le bas, taille \u00e9lastiqu\u00e9e, lien&hellip;<\/p>\n","protected":false},"featured_media":355677,"template":"","meta":[],"product_brand":[],"product_cat":[672,668,661],"product_tag":[],"class_list":{"0":"post-368141","1":"product","2":"type-product","3":"status-publish","4":"has-post-thumbnail","6":"product_cat-jupes","7":"product_cat-capsule","8":"product_cat-tout-voir","9":"pa_taille-l-40-2","10":"pa_taille-m-38-2","11":"pa_taille-s-36-2","12":"pa_taille-sur-mesure-fr-2","13":"pa_taille-xl-42-fr-2","14":"pa_taille-xs-34-2","16":"first","17":"instock","18":"taxable","19":"shipping-taxable","20":"purchasable","21":"product-type-variable"},"_links":{"self":[{"href":"https:\/\/maisoncleo.com\/fr\/wp-json\/wp\/v2\/product\/368141","targetHints":{"allow":["GET"]}}],"collection":[{"href":"https:\/\/maisoncleo.com\/fr\/wp-json\/wp\/v2\/product"}],"about":[{"href":"https:\/\/maisoncleo.com\/fr\/wp-json\/wp\/v2\/types\/product"}],"version-history":[{"count":1,"href":"https:\/\/maisoncleo.com\/fr\/wp-json\/wp\/v2\/product\/368141\/revisions"}],"predecessor-version":[{"id":368182,"href":"https:\/\/maisoncleo.com\/fr\/wp-json\/wp\/v2\/product\/368141\/revisions\/368182"}],"wp:featuredmedia":[{"embeddable":true,"href":"https:\/\/maisoncleo.com\/fr\/wp-json\/wp\/v2\/media\/355677"}],"wp:attachment":[{"href":"https:\/\/maisoncleo.com\/fr\/wp-json\/wp\/v2\/media?parent=368141"}],"wp:term":[{"taxonomy":"product_brand","embeddable":true,"href":"https:\/\/maisoncleo.com\/fr\/wp-json\/wp\/v2\/product_brand?post=368141"},{"taxonomy":"product_cat","embeddable":true,"href":"https:\/\/maisoncleo.com\/fr\/wp-json\/wp\/v2\/product_cat?post=368141"},{"taxonomy":"product_tag","embeddable":true,"href":"https:\/\/maisoncleo.com\/fr\/wp-json\/wp\/v2\/product_tag?post=368141"}],"curies":[{"name":"wp","href":"https:\/\/api.w.org\/{rel}","templated":true}]}}