{"id":368131,"date":"2024-09-10T11:08:17","date_gmt":"2024-09-10T17:22:46","guid":{"rendered":"https:\/\/maisoncleo.com\/\/?post_type=product&#038;p=368131"},"modified":"2025-03-14T17:49:06","modified_gmt":"2025-03-14T15:49:06","slug":"la-badoule-look-10-robe-creme-valou-en-coton-et-lin-creme-avec-fleurs-brodees","status":"publish","type":"product","link":"https:\/\/maisoncleo.com\/fr\/shop\/la-badoule-look-10-robe-creme-valou-en-coton-et-lin-creme-avec-fleurs-brodees\/","title":{"rendered":"LA BADOULE LOOK 10 &#8211; Robe cr\u00e8me VALOU en coton et lin cr\u00e8me avec fleurs brod\u00e9es"},"content":{"rendered":"<p>Robe cr\u00e8me en coton et lin cr\u00e8me avec fleurs brod\u00e9es.<\/p>\n<p>La robe nappe, inspir\u00e9e par les robes vintage en lin du si\u00e8cle dernier. La robe qui va vous suivre tout l&rsquo;\u00e9t\u00e9.<\/p>\n<p>Brod\u00e9e sur les bretelles et sur la poitrine avec des fleurs. Dos d\u00e9collet\u00e9 arrondi.<\/p>\n<p>Longueur de milieu dos : 69 cm.<\/p>\n<p>LOOK 10 de notre pr\u00e9 collection printemps \u00e9t\u00e9 \u201cLa BADOULE\u201d.<\/p>\n<p>La mod\u00e8le mesure 1m74 et porte une taille S\/36.<\/p>\n","protected":false},"excerpt":{"rendered":"<p>Robe cr\u00e8me en coton et lin cr\u00e8me avec fleurs brod\u00e9es. La robe nappe, inspir\u00e9e par les robes vintage en lin du si\u00e8cle&hellip;<\/p>\n","protected":false},"featured_media":355638,"template":"","meta":[],"product_brand":[],"product_cat":[668,664,661],"product_tag":[],"class_list":{"0":"post-368131","1":"product","2":"type-product","3":"status-publish","4":"has-post-thumbnail","6":"product_cat-capsule","7":"product_cat-robes","8":"product_cat-tout-voir","9":"pa_taille-l-40-2","10":"pa_taille-m-38-2","11":"pa_taille-s-36-2","12":"pa_taille-sur-mesure-fr-2","13":"pa_taille-xl-42-fr-2","14":"pa_taille-xs-34-2","16":"first","17":"instock","18":"taxable","19":"shipping-taxable","20":"purchasable","21":"product-type-variable"},"_links":{"self":[{"href":"https:\/\/maisoncleo.com\/fr\/wp-json\/wp\/v2\/product\/368131","targetHints":{"allow":["GET"]}}],"collection":[{"href":"https:\/\/maisoncleo.com\/fr\/wp-json\/wp\/v2\/product"}],"about":[{"href":"https:\/\/maisoncleo.com\/fr\/wp-json\/wp\/v2\/types\/product"}],"version-history":[{"count":1,"href":"https:\/\/maisoncleo.com\/fr\/wp-json\/wp\/v2\/product\/368131\/revisions"}],"predecessor-version":[{"id":368152,"href":"https:\/\/maisoncleo.com\/fr\/wp-json\/wp\/v2\/product\/368131\/revisions\/368152"}],"wp:featuredmedia":[{"embeddable":true,"href":"https:\/\/maisoncleo.com\/fr\/wp-json\/wp\/v2\/media\/355638"}],"wp:attachment":[{"href":"https:\/\/maisoncleo.com\/fr\/wp-json\/wp\/v2\/media?parent=368131"}],"wp:term":[{"taxonomy":"product_brand","embeddable":true,"href":"https:\/\/maisoncleo.com\/fr\/wp-json\/wp\/v2\/product_brand?post=368131"},{"taxonomy":"product_cat","embeddable":true,"href":"https:\/\/maisoncleo.com\/fr\/wp-json\/wp\/v2\/product_cat?post=368131"},{"taxonomy":"product_tag","embeddable":true,"href":"https:\/\/maisoncleo.com\/fr\/wp-json\/wp\/v2\/product_tag?post=368131"}],"curies":[{"name":"wp","href":"https:\/\/api.w.org\/{rel}","templated":true}]}}